{"id":1154,"date":"2022-05-10T22:22:55","date_gmt":"2022-05-10T14:22:55","guid":{"rendered":"https:\/\/www.testsealabs-kit.com\/?post_type=product&#038;p=1154"},"modified":"2022-05-19T00:43:52","modified_gmt":"2022-05-18T16:43:52","slug":"psa-prostate-specific-antigen-test","status":"publish","type":"product","link":"https:\/\/www.testsealabs-kit.com\/lv\/products\/psa-prostate-specific-antigen-test\/","title":{"rendered":"Prostatas specifisk\u0101 antig\u0113na PSA tests"},"content":{"rendered":"<p>1. Ieg\u016bstiet rezult\u0101tu 15 min\u016b\u0161u laik\u0101<\/p>\n<p>2. Viegli sav\u0101kt paraugus<\/p>\n<p>3. Rezult\u0101ti ir skaidri redzami<\/p>\n<p>4. Nav nepiecie\u0161ams apr\u012bkojums<\/p>\n<p>5. Piem\u0113rots liela m\u0113roga \u0101trai p\u0101rbaudei<\/p>","protected":false},"excerpt":{"rendered":"<p>Produkts ir \u0101tra hromatogr\u0101fiska im\u016bnanal\u012bze kvalitat\u012bvai PSA noteik\u0161anai piln\u0101s asin\u012bs \/ serum\u0101 \/ plazm\u0101. Testa pamat\u0101 ir im\u016bnhromatogr\u0101fija, un rezult\u0101tu var ieg\u016bt 15 min\u016b\u0161u laik\u0101.<\/p>\n<p>&nbsp;<\/p>","protected":false},"featured_media":1166,"comment_status":"open","ping_status":"closed","template":"","meta":[],"product_brand":[],"product_cat":[20,46],"product_tag":[],"class_list":{"0":"post-1154","1":"product","2":"type-product","3":"status-publish","4":"has-post-thumbnail","6":"product_cat-all-products","7":"product_cat-tumor-markers-rapid-test","8":"entry","10":"first","11":"instock","12":"shipping-taxable","13":"purchasable","14":"product-type-variable","15":"has-default-attributes"},"_links":{"self":[{"href":"https:\/\/www.testsealabs-kit.com\/lv\/wp-json\/wp\/v2\/product\/1154","targetHints":{"allow":["GET"]}}],"collection":[{"href":"https:\/\/www.testsealabs-kit.com\/lv\/wp-json\/wp\/v2\/product"}],"about":[{"href":"https:\/\/www.testsealabs-kit.com\/lv\/wp-json\/wp\/v2\/types\/product"}],"replies":[{"embeddable":true,"href":"https:\/\/www.testsealabs-kit.com\/lv\/wp-json\/wp\/v2\/comments?post=1154"}],"wp:featuredmedia":[{"embeddable":true,"href":"https:\/\/www.testsealabs-kit.com\/lv\/wp-json\/wp\/v2\/media\/1166"}],"wp:attachment":[{"href":"https:\/\/www.testsealabs-kit.com\/lv\/wp-json\/wp\/v2\/media?parent=1154"}],"wp:term":[{"taxonomy":"product_brand","embeddable":true,"href":"https:\/\/www.testsealabs-kit.com\/lv\/wp-json\/wp\/v2\/product_brand?post=1154"},{"taxonomy":"product_cat","embeddable":true,"href":"https:\/\/www.testsealabs-kit.com\/lv\/wp-json\/wp\/v2\/product_cat?post=1154"},{"taxonomy":"product_tag","embeddable":true,"href":"https:\/\/www.testsealabs-kit.com\/lv\/wp-json\/wp\/v2\/product_tag?post=1154"}],"curies":[{"name":"wp","href":"https:\/\/api.w.org\/{rel}","templated":true}]}}