{"id":1157,"date":"2022-05-10T22:33:56","date_gmt":"2022-05-10T14:33:56","guid":{"rendered":"https:\/\/www.testsealabs-kit.com\/?post_type=product&#038;p=1157"},"modified":"2022-05-19T10:47:17","modified_gmt":"2022-05-19T02:47:17","slug":"cea-carcinoembryonic-antigen-test","status":"publish","type":"product","link":"https:\/\/www.testsealabs-kit.com\/lv\/products\/cea-carcinoembryonic-antigen-test\/","title":{"rendered":"CEA karc\u012bnoembrion\u0101l\u0101 antig\u0113na tests"},"content":{"rendered":"<p><span style=\"font-size: 14pt;\">1.Get rezult\u0101tu 15 min\u016b\u0161u laik\u0101<\/span><\/p>\n<p><span style=\"font-size: 14pt;\">2.Easy v\u0101kt paraugus<\/span><\/p>\n<p><span style=\"font-size: 14pt;\">3.Rezult\u0101ti ir skaidri redzami<\/span><\/p>\n<p><span style=\"font-size: 14pt;\">4.Nav nepiecie\u0161ams apr\u012bkojums<\/span><\/p>\n<p><span style=\"font-size: 14pt;\">5.Piem\u0113rots liela m\u0113roga \u0101trai p\u0101rbaudei<\/span><\/p>","protected":false},"excerpt":{"rendered":"<p>Produkts ir hromatogr\u0101fisks im\u016bnsist\u0113mas in-vitro diagnostikas tests, lai kvalitat\u012bvi noteiktu kancerog\u0113noembrion\u0101lo antig\u0113nu (CEA) cilv\u0113ka nesadal\u012bt\u0101s asin\u012bs. CEA testu pamat\u0101 ir sviestveida im\u016bnanal\u012bzes princips, lai noteiktu CEA cilv\u0113ka nesadal\u012bt\u0101 asins paraug\u0101.<\/p>","protected":false},"featured_media":1166,"comment_status":"open","ping_status":"closed","template":"","meta":[],"product_brand":[],"product_cat":[20,46],"product_tag":[],"class_list":{"0":"post-1157","1":"product","2":"type-product","3":"status-publish","4":"has-post-thumbnail","6":"product_cat-all-products","7":"product_cat-tumor-markers-rapid-test","8":"entry","10":"first","11":"instock","12":"shipping-taxable","13":"purchasable","14":"product-type-variable","15":"has-default-attributes"},"_links":{"self":[{"href":"https:\/\/www.testsealabs-kit.com\/lv\/wp-json\/wp\/v2\/product\/1157","targetHints":{"allow":["GET"]}}],"collection":[{"href":"https:\/\/www.testsealabs-kit.com\/lv\/wp-json\/wp\/v2\/product"}],"about":[{"href":"https:\/\/www.testsealabs-kit.com\/lv\/wp-json\/wp\/v2\/types\/product"}],"replies":[{"embeddable":true,"href":"https:\/\/www.testsealabs-kit.com\/lv\/wp-json\/wp\/v2\/comments?post=1157"}],"wp:featuredmedia":[{"embeddable":true,"href":"https:\/\/www.testsealabs-kit.com\/lv\/wp-json\/wp\/v2\/media\/1166"}],"wp:attachment":[{"href":"https:\/\/www.testsealabs-kit.com\/lv\/wp-json\/wp\/v2\/media?parent=1157"}],"wp:term":[{"taxonomy":"product_brand","embeddable":true,"href":"https:\/\/www.testsealabs-kit.com\/lv\/wp-json\/wp\/v2\/product_brand?post=1157"},{"taxonomy":"product_cat","embeddable":true,"href":"https:\/\/www.testsealabs-kit.com\/lv\/wp-json\/wp\/v2\/product_cat?post=1157"},{"taxonomy":"product_tag","embeddable":true,"href":"https:\/\/www.testsealabs-kit.com\/lv\/wp-json\/wp\/v2\/product_tag?post=1157"}],"curies":[{"name":"wp","href":"https:\/\/api.w.org\/{rel}","templated":true}]}}