{"id":1161,"date":"2022-05-10T22:53:37","date_gmt":"2022-05-10T14:53:37","guid":{"rendered":"https:\/\/www.testsealabs-kit.com\/?post_type=product&#038;p=1161"},"modified":"2022-05-19T11:01:11","modified_gmt":"2022-05-19T03:01:11","slug":"fob-fecal-occult-blood-test","status":"publish","type":"product","link":"https:\/\/www.testsealabs-kit.com\/lv\/products\/fob-fecal-occult-blood-test\/","title":{"rendered":"FOB fek\u0101liju okultas asi\u0146u tests"},"content":{"rendered":"<p><span style=\"font-size: 14pt;\">1.Get rezult\u0101tu 15 min\u016b\u0161u laik\u0101<\/span><\/p>\n<p><span style=\"font-size: 14pt;\">2.Easy v\u0101kt paraugus<\/span><\/p>\n<p><span style=\"font-size: 14pt;\">3.Rezult\u0101ti ir skaidri redzami<\/span><\/p>\n<p><span style=\"font-size: 14pt;\">4.Nav nepiecie\u0161ams apr\u012bkojums<\/span><\/p>\n<p><span style=\"font-size: 14pt;\">5.Piem\u0113rots liela m\u0113roga \u0101trai p\u0101rbaudei<\/span><\/p>","protected":false},"excerpt":{"rendered":"<p>Produkts ir \u0101tra vizu\u0101la im\u016bnanal\u012bze cilv\u0113ka hemoglob\u012bna kvalitat\u012bvai pie\u0146\u0113muma noteik\u0161anai cilv\u0113ka fek\u0101liju paraugos. \u0160o komplektu paredz\u0113ts izmantot k\u0101 pal\u012bgl\u012bdzekli apak\u0161\u0113jo ku\u0146\u0123a un zarnu trakta (KZT) patolo\u0123iju diagnostik\u0101.<\/p>","protected":false},"featured_media":1166,"comment_status":"open","ping_status":"closed","template":"","meta":[],"product_brand":[],"product_cat":[20,46],"product_tag":[],"class_list":{"0":"post-1161","1":"product","2":"type-product","3":"status-publish","4":"has-post-thumbnail","6":"product_cat-all-products","7":"product_cat-tumor-markers-rapid-test","8":"entry","10":"first","11":"instock","12":"shipping-taxable","13":"purchasable","14":"product-type-variable","15":"has-default-attributes"},"_links":{"self":[{"href":"https:\/\/www.testsealabs-kit.com\/lv\/wp-json\/wp\/v2\/product\/1161","targetHints":{"allow":["GET"]}}],"collection":[{"href":"https:\/\/www.testsealabs-kit.com\/lv\/wp-json\/wp\/v2\/product"}],"about":[{"href":"https:\/\/www.testsealabs-kit.com\/lv\/wp-json\/wp\/v2\/types\/product"}],"replies":[{"embeddable":true,"href":"https:\/\/www.testsealabs-kit.com\/lv\/wp-json\/wp\/v2\/comments?post=1161"}],"wp:featuredmedia":[{"embeddable":true,"href":"https:\/\/www.testsealabs-kit.com\/lv\/wp-json\/wp\/v2\/media\/1166"}],"wp:attachment":[{"href":"https:\/\/www.testsealabs-kit.com\/lv\/wp-json\/wp\/v2\/media?parent=1161"}],"wp:term":[{"taxonomy":"product_brand","embeddable":true,"href":"https:\/\/www.testsealabs-kit.com\/lv\/wp-json\/wp\/v2\/product_brand?post=1161"},{"taxonomy":"product_cat","embeddable":true,"href":"https:\/\/www.testsealabs-kit.com\/lv\/wp-json\/wp\/v2\/product_cat?post=1161"},{"taxonomy":"product_tag","embeddable":true,"href":"https:\/\/www.testsealabs-kit.com\/lv\/wp-json\/wp\/v2\/product_tag?post=1161"}],"curies":[{"name":"wp","href":"https:\/\/api.w.org\/{rel}","templated":true}]}}