{"id":1217,"date":"2022-05-19T11:09:59","date_gmt":"2022-05-19T03:09:59","guid":{"rendered":"https:\/\/www.testsealabs-kit.com\/?post_type=product&#038;p=1217"},"modified":"2025-03-10T15:55:44","modified_gmt":"2025-03-10T07:55:44","slug":"canine-distemper-virus-antigen-testcdv-ag","status":"publish","type":"product","link":"https:\/\/www.testsealabs-kit.com\/lv\/products\/canine-distemper-virus-antigen-testcdv-ag\/","title":{"rendered":"Su\u0146u m\u0113ra v\u012brusa antig\u0113na tests (CDV Ag)"},"content":{"rendered":"<p><span style=\"font-size: 14pt;\">1.Get rezult\u0101tu 15 min\u016b\u0161u laik\u0101<\/span><\/p>\n<p><span style=\"font-size: 14pt;\">2.Easy v\u0101kt paraugus<\/span><\/p>\n<p><span style=\"font-size: 14pt;\">3.Rezult\u0101ti ir skaidri redzami<\/span><\/p>\n<p><span style=\"font-size: 14pt;\">4.Nav nepiecie\u0161ams apr\u012bkojums<\/span><\/p>\n<p><span style=\"font-size: 14pt;\">5.Piem\u0113rots liela m\u0113roga \u0101trai p\u0101rbaudei<\/span><\/p>","protected":false},"excerpt":{"rendered":"<p>Produkts ir s\u0101nu pl\u016bsmas im\u016bnhromatogr\u0101fijas tests su\u0146u m\u0113ra v\u012brusa (CDV Ag) antig\u0113na kvalitat\u012bvai noteik\u0161anai siekalu izdal\u012bjumos no ac\u012bm un konjunkt\u012bvas izdal\u012bjumiem.<\/p>\n<p>&nbsp;<\/p>\n<p>Su\u0146u m\u0113ri ir vis\u0101 pasaul\u0113 izplat\u012bta ak\u016bta un \u013coti lip\u012bga v\u012brusu infekcijas slim\u012bba. CDV dabiskais infic\u0113\u0161an\u0101s ce\u013c\u0161 galvenok\u0101rt ir caur aug\u0161\u0113jiem elpo\u0161anas ce\u013ciem. P\u0113c infic\u0113\u0161an\u0101s ar CDV CDV uzbr\u016bk zarnu epit\u0113lija un kardiomioc\u012btu \u0161\u016bn\u0101m. Galven\u0101s kl\u012bnisk\u0101s izpausmes ir ku\u0146\u0123a un zarnu trakta slim\u012bbas un miokard\u012bts, un liel\u0101k\u0101 da\u013ca kuc\u0113nu slimo ar miokard\u012btu. Su\u0146u m\u0113ri ir sava veida infekcijas slim\u012bba ar augstu saslimst\u012bbu, augstu mirst\u012bbu un bie\u017eiem uzliesmojumiem. Var infic\u0113ties da\u017e\u0101da vecuma, dzimuma un \u0161\u0137ir\u0146u su\u0146i.<\/p>","protected":false},"featured_media":1216,"comment_status":"open","ping_status":"closed","template":"","meta":[],"product_brand":[],"product_cat":[20,47],"product_tag":[],"class_list":{"0":"post-1217","1":"product","2":"type-product","3":"status-publish","4":"has-post-thumbnail","6":"product_cat-all-products","7":"product_cat-animals-diagnostic-rapid-test","8":"entry","10":"first","11":"instock","12":"shipping-taxable","13":"product-type-simple"},"_links":{"self":[{"href":"https:\/\/www.testsealabs-kit.com\/lv\/wp-json\/wp\/v2\/product\/1217","targetHints":{"allow":["GET"]}}],"collection":[{"href":"https:\/\/www.testsealabs-kit.com\/lv\/wp-json\/wp\/v2\/product"}],"about":[{"href":"https:\/\/www.testsealabs-kit.com\/lv\/wp-json\/wp\/v2\/types\/product"}],"replies":[{"embeddable":true,"href":"https:\/\/www.testsealabs-kit.com\/lv\/wp-json\/wp\/v2\/comments?post=1217"}],"wp:featuredmedia":[{"embeddable":true,"href":"https:\/\/www.testsealabs-kit.com\/lv\/wp-json\/wp\/v2\/media\/1216"}],"wp:attachment":[{"href":"https:\/\/www.testsealabs-kit.com\/lv\/wp-json\/wp\/v2\/media?parent=1217"}],"wp:term":[{"taxonomy":"product_brand","embeddable":true,"href":"https:\/\/www.testsealabs-kit.com\/lv\/wp-json\/wp\/v2\/product_brand?post=1217"},{"taxonomy":"product_cat","embeddable":true,"href":"https:\/\/www.testsealabs-kit.com\/lv\/wp-json\/wp\/v2\/product_cat?post=1217"},{"taxonomy":"product_tag","embeddable":true,"href":"https:\/\/www.testsealabs-kit.com\/lv\/wp-json\/wp\/v2\/product_tag?post=1217"}],"curies":[{"name":"wp","href":"https:\/\/api.w.org\/{rel}","templated":true}]}}