{"id":1220,"date":"2022-05-19T11:22:05","date_gmt":"2022-05-19T03:22:05","guid":{"rendered":"https:\/\/www.testsealabs-kit.com\/?post_type=product&#038;p=1220"},"modified":"2022-05-19T11:22:05","modified_gmt":"2022-05-19T03:22:05","slug":"feline-panleucopenia-antigen-testfpv-ag","status":"publish","type":"product","link":"https:\/\/www.testsealabs-kit.com\/lv\/products\/feline-panleucopenia-antigen-testfpv-ag\/","title":{"rendered":"Ka\u0137u panleikop\u0113nijas antig\u0113na tests (FPV Ag)"},"content":{"rendered":"<p><span style=\"font-size: 14pt;\">1.Get rezult\u0101tu 15 min\u016b\u0161u laik\u0101<\/span><br \/>\n<span style=\"font-size: 14pt;\">2.Easy v\u0101kt paraugus<\/span><br \/>\n<span style=\"font-size: 14pt;\">3.Rezult\u0101ti ir skaidri redzami<\/span><br \/>\n<span style=\"font-size: 14pt;\">4.Nav nepiecie\u0161ams apr\u012bkojums<\/span><br \/>\n<span style=\"font-size: 14pt;\">5.Piem\u0113rots liela m\u0113roga \u0101trai p\u0101rbaudei<\/span><\/p>","protected":false},"excerpt":{"rendered":"<p>Produkts ir s\u0101nu pl\u016bsmas im\u016bnhromatogr\u0101fijas tests kvalitat\u012bvai ka\u0137u parvov\u012brusa antig\u0113na (FPV Ag) noteik\u0161anai ka\u0137u ekskrementu paraug\u0101.<\/p>\n<p>&nbsp;<\/p>\n<p>FPV var izrais\u012bt ka\u0137u leikocitop\u0113niju, kas paz\u012bstama ar\u012b k\u0101 ka\u0137u m\u0113ri, un t\u0101 ir ak\u016bta, \u013coti lip\u012bga slim\u012bba. FPV var p\u0101rnest tie\u0161a vai netie\u0161a kontakta ce\u013c\u0101 dabiskos apst\u0101k\u013cos, un gr\u016btniec\u012bbas laik\u0101 to var p\u0101rnest vertik\u0101li uz augli caur placentu. Ka\u0137u m\u0113ri bie\u017e\u0101k sastopami ziem\u0101 un pavasar\u012b.<\/p>","protected":false},"featured_media":1216,"comment_status":"open","ping_status":"closed","template":"","meta":[],"product_brand":[],"product_cat":[20,47],"product_tag":[],"class_list":{"0":"post-1220","1":"product","2":"type-product","3":"status-publish","4":"has-post-thumbnail","6":"product_cat-all-products","7":"product_cat-animals-diagnostic-rapid-test","8":"entry","10":"first","11":"instock","12":"shipping-taxable","13":"product-type-simple"},"_links":{"self":[{"href":"https:\/\/www.testsealabs-kit.com\/lv\/wp-json\/wp\/v2\/product\/1220","targetHints":{"allow":["GET"]}}],"collection":[{"href":"https:\/\/www.testsealabs-kit.com\/lv\/wp-json\/wp\/v2\/product"}],"about":[{"href":"https:\/\/www.testsealabs-kit.com\/lv\/wp-json\/wp\/v2\/types\/product"}],"replies":[{"embeddable":true,"href":"https:\/\/www.testsealabs-kit.com\/lv\/wp-json\/wp\/v2\/comments?post=1220"}],"wp:featuredmedia":[{"embeddable":true,"href":"https:\/\/www.testsealabs-kit.com\/lv\/wp-json\/wp\/v2\/media\/1216"}],"wp:attachment":[{"href":"https:\/\/www.testsealabs-kit.com\/lv\/wp-json\/wp\/v2\/media?parent=1220"}],"wp:term":[{"taxonomy":"product_brand","embeddable":true,"href":"https:\/\/www.testsealabs-kit.com\/lv\/wp-json\/wp\/v2\/product_brand?post=1220"},{"taxonomy":"product_cat","embeddable":true,"href":"https:\/\/www.testsealabs-kit.com\/lv\/wp-json\/wp\/v2\/product_cat?post=1220"},{"taxonomy":"product_tag","embeddable":true,"href":"https:\/\/www.testsealabs-kit.com\/lv\/wp-json\/wp\/v2\/product_tag?post=1220"}],"curies":[{"name":"wp","href":"https:\/\/api.w.org\/{rel}","templated":true}]}}