{"id":1222,"date":"2022-05-19T11:29:08","date_gmt":"2022-05-19T03:29:08","guid":{"rendered":"https:\/\/www.testsealabs-kit.com\/?post_type=product&#038;p=1222"},"modified":"2022-05-19T11:29:08","modified_gmt":"2022-05-19T03:29:08","slug":"pregnancy-relaxin-testrln","status":"publish","type":"product","link":"https:\/\/www.testsealabs-kit.com\/lv\/products\/pregnancy-relaxin-testrln\/","title":{"rendered":"Gr\u016btniec\u012bbas relaks\u012bna tests (RLN)"},"content":{"rendered":"<p><span style=\"font-size: 14pt;\">1.Get rezult\u0101tu 15 min\u016b\u0161u laik\u0101<\/span><br \/>\n<span style=\"font-size: 14pt;\">2.Easy v\u0101kt paraugus<\/span><br \/>\n<span style=\"font-size: 14pt;\">3.Rezult\u0101ti ir skaidri redzami<\/span><br \/>\n<span style=\"font-size: 14pt;\">4.Nav nepiecie\u0161ams apr\u012bkojums<\/span><br \/>\n<span style=\"font-size: 14pt;\">5.Piem\u0113rots liela m\u0113roga \u0101trai p\u0101rbaudei<\/span><\/p>","protected":false},"excerpt":{"rendered":"<p>Produkts ir specifisks hormons, ko galvenok\u0101rt rada placenta. To parasti izmanto k\u0101 gr\u016btniec\u012bbas st\u0101vok\u013ca indikatoru su\u0146u m\u0101t\u012bt\u0113m. Gr\u016bsn\u0101m sun\u0113m relaks\u012bnu var noteikt 15 dienas p\u0113c apaug\u013cotas ol\u0161\u016bnas nidro\u0161an\u0101s dzemdes sieni\u0146\u0101. Gr\u016btniec\u012bbas relaks\u012bna RLN tests ir \u0101trs tests, lai noteiktu relaks\u012bnu kuc\u0113m, kas var\u0113tu b\u016bt gr\u016bsnas. Ieteicamais noteik\u0161anas periods ir 22-30 dienas p\u0113c p\u0101ro\u0161an\u0101s. P\u0101r\u0101k agr\u012bna noteik\u0161ana var rad\u012bt negat\u012bvu rezult\u0101tu, ja relaks\u012bna l\u012bmenis serum\u0101 ir p\u0101r\u0101k zems. Ieteicams testu atk\u0101rtot p\u0113c 1 ned\u0113\u013cas, ja ir konstat\u0113ts negat\u012bvs rezult\u0101ts.<\/p>\n<p>Su\u0146u gr\u016btniec\u012bbas relaks\u012bna tests ir \u0101tra hromatogr\u0101fiska im\u016bnanal\u012bze kvalitat\u012bvai realks\u012bna noteik\u0161anai seruma paraugos.<\/p>","protected":false},"featured_media":1216,"comment_status":"open","ping_status":"closed","template":"","meta":[],"product_brand":[],"product_cat":[20,47],"product_tag":[],"class_list":{"0":"post-1222","1":"product","2":"type-product","3":"status-publish","4":"has-post-thumbnail","6":"product_cat-all-products","7":"product_cat-animals-diagnostic-rapid-test","8":"entry","10":"first","11":"instock","12":"shipping-taxable","13":"product-type-simple"},"_links":{"self":[{"href":"https:\/\/www.testsealabs-kit.com\/lv\/wp-json\/wp\/v2\/product\/1222","targetHints":{"allow":["GET"]}}],"collection":[{"href":"https:\/\/www.testsealabs-kit.com\/lv\/wp-json\/wp\/v2\/product"}],"about":[{"href":"https:\/\/www.testsealabs-kit.com\/lv\/wp-json\/wp\/v2\/types\/product"}],"replies":[{"embeddable":true,"href":"https:\/\/www.testsealabs-kit.com\/lv\/wp-json\/wp\/v2\/comments?post=1222"}],"wp:featuredmedia":[{"embeddable":true,"href":"https:\/\/www.testsealabs-kit.com\/lv\/wp-json\/wp\/v2\/media\/1216"}],"wp:attachment":[{"href":"https:\/\/www.testsealabs-kit.com\/lv\/wp-json\/wp\/v2\/media?parent=1222"}],"wp:term":[{"taxonomy":"product_brand","embeddable":true,"href":"https:\/\/www.testsealabs-kit.com\/lv\/wp-json\/wp\/v2\/product_brand?post=1222"},{"taxonomy":"product_cat","embeddable":true,"href":"https:\/\/www.testsealabs-kit.com\/lv\/wp-json\/wp\/v2\/product_cat?post=1222"},{"taxonomy":"product_tag","embeddable":true,"href":"https:\/\/www.testsealabs-kit.com\/lv\/wp-json\/wp\/v2\/product_tag?post=1222"}],"curies":[{"name":"wp","href":"https:\/\/api.w.org\/{rel}","templated":true}]}}