{"id":1227,"date":"2022-05-19T11:36:20","date_gmt":"2022-05-19T03:36:20","guid":{"rendered":"https:\/\/www.testsealabs-kit.com\/?post_type=product&#038;p=1227"},"modified":"2022-05-19T11:36:20","modified_gmt":"2022-05-19T03:36:20","slug":"feline-heartworm-antigen-testfhw-ag","status":"publish","type":"product","link":"https:\/\/www.testsealabs-kit.com\/lv\/products\/feline-heartworm-antigen-testfhw-ag\/","title":{"rendered":"Ka\u0137u sirdst\u0101rpu antig\u0113na tests (FHW Ag)"},"content":{"rendered":"<p><span style=\"font-size: 14pt;\">1.Get rezult\u0101tu 15 min\u016b\u0161u laik\u0101<\/span><br \/>\n<span style=\"font-size: 14pt;\">2.Easy v\u0101kt paraugus<\/span><br \/>\n<span style=\"font-size: 14pt;\">3.Rezult\u0101ti ir skaidri redzami<\/span><br \/>\n<span style=\"font-size: 14pt;\">4.Nav nepiecie\u0161ams apr\u012bkojums<\/span><br \/>\n<span style=\"font-size: 14pt;\">5.Piem\u0113rots liela m\u0113roga \u0101trai p\u0101rbaudei<\/span><\/p>","protected":false},"excerpt":{"rendered":"<p>Produkts ir sviestveida s\u0101nu pl\u016bsmas im\u016bnhromatogr\u0101fijas tests ka\u0137u sirdst\u0101rpu antig\u0113na (FHW Ag) kvalitat\u012bvai noteik\u0161anai ka\u0137u piln\u0101s asin\u012bs\/serum\u0101.<\/p>\n<p>&nbsp;<\/p>\n<p>FHW ir infekcijas slim\u012bba, ar kuru var infic\u0113ties jebkura vecuma ka\u0137i, pies\u016bku\u0161ies ar mosk\u012btu. T\u0101 k\u0101 FHW dz\u012bvo ka\u0137u sird\u012b, t\u0101 var izrais\u012bt hronisku endokard\u012btu, sirds hipertrofiju un lab\u0101 kambara dilat\u0101ciju. Ja infekcija ir smaga, v\u0113nu sastr\u0113gums var izrais\u012bt asc\u012btu un hepatomeg\u0101liju.<\/p>","protected":false},"featured_media":1216,"comment_status":"open","ping_status":"closed","template":"","meta":[],"product_brand":[],"product_cat":[20,47],"product_tag":[],"class_list":{"0":"post-1227","1":"product","2":"type-product","3":"status-publish","4":"has-post-thumbnail","6":"product_cat-all-products","7":"product_cat-animals-diagnostic-rapid-test","8":"entry","10":"first","11":"instock","12":"shipping-taxable","13":"product-type-simple"},"_links":{"self":[{"href":"https:\/\/www.testsealabs-kit.com\/lv\/wp-json\/wp\/v2\/product\/1227","targetHints":{"allow":["GET"]}}],"collection":[{"href":"https:\/\/www.testsealabs-kit.com\/lv\/wp-json\/wp\/v2\/product"}],"about":[{"href":"https:\/\/www.testsealabs-kit.com\/lv\/wp-json\/wp\/v2\/types\/product"}],"replies":[{"embeddable":true,"href":"https:\/\/www.testsealabs-kit.com\/lv\/wp-json\/wp\/v2\/comments?post=1227"}],"wp:featuredmedia":[{"embeddable":true,"href":"https:\/\/www.testsealabs-kit.com\/lv\/wp-json\/wp\/v2\/media\/1216"}],"wp:attachment":[{"href":"https:\/\/www.testsealabs-kit.com\/lv\/wp-json\/wp\/v2\/media?parent=1227"}],"wp:term":[{"taxonomy":"product_brand","embeddable":true,"href":"https:\/\/www.testsealabs-kit.com\/lv\/wp-json\/wp\/v2\/product_brand?post=1227"},{"taxonomy":"product_cat","embeddable":true,"href":"https:\/\/www.testsealabs-kit.com\/lv\/wp-json\/wp\/v2\/product_cat?post=1227"},{"taxonomy":"product_tag","embeddable":true,"href":"https:\/\/www.testsealabs-kit.com\/lv\/wp-json\/wp\/v2\/product_tag?post=1227"}],"curies":[{"name":"wp","href":"https:\/\/api.w.org\/{rel}","templated":true}]}}