{"id":1232,"date":"2022-05-19T11:54:52","date_gmt":"2022-05-19T03:54:52","guid":{"rendered":"https:\/\/www.testsealabs-kit.com\/?post_type=product&#038;p=1232"},"modified":"2025-10-23T10:22:03","modified_gmt":"2025-10-23T02:22:03","slug":"feline-toxoplasma-antibody-testf-toxo-ab","status":"publish","type":"product","link":"https:\/\/www.testsealabs-kit.com\/lv\/products\/feline-toxoplasma-antibody-testf-toxo-ab\/","title":{"rendered":"Ka\u0137u toksoplazmas antivielu tests (F.TOXO Ab)"},"content":{"rendered":"<p><span style=\"font-size: 14pt;\">1.Get rezult\u0101tu 15 min\u016b\u0161u laik\u0101<\/span><br \/>\n<span style=\"font-size: 14pt;\">2.Easy v\u0101kt paraugus<\/span><br \/>\n<span style=\"font-size: 14pt;\">3.Rezult\u0101ti ir skaidri redzami<\/span><br \/>\n<span style=\"font-size: 14pt;\">4.Nav nepiecie\u0161ams apr\u012bkojums<\/span><br \/>\n<span style=\"font-size: 14pt;\">5.Piem\u0113rots liela m\u0113roga \u0101trai p\u0101rbaudei<\/span><\/p>","protected":false},"excerpt":{"rendered":"<p>Produkts ir kvalitat\u012bvs koloid\u0101l\u0101 zelta b\u0101zes s\u0101nu pl\u016bsmas im\u016bnhromatogr\u0101fijas tests toksoplazmas antivielas noteik\u0161anai.<\/p>\n<p>&nbsp;<\/p>\n<p>Toksoplazmoze ir zoonozes veids, ko izraisa Toxoplasma gondii, kas ir izplat\u012bta vis\u0101 pasaul\u0113 un nopietni apdraud cilv\u0113ku vesel\u012bbu. Toxoplasma gondii var infic\u0113t visu veidu m\u0101jlopus un savva\u013cas dz\u012bvniekus, bet visuz\u0146\u0113m\u012bg\u0101kie pret to ir jauni dz\u012bvnieki. Galvenais infic\u0113\u0161an\u0101s ce\u013c\u0161 ir peror\u0101ls. Kad Toxoplasma gondii sporatoc\u012btu norij vesels ka\u0137is, t\u0101 izk\u013c\u016bst no zarnu trakta un ar asinsriti iek\u013c\u016bst organisma audos, p\u0113c tam iebr\u016bk \u0161\u016bn\u0101s, strauji vairojas un p\u0101rv\u0113r\u0161as par intracelul\u0101ru pseidoc\u012btu, izraisot kl\u012bniskus simptomus.<\/p>","protected":false},"featured_media":1216,"comment_status":"open","ping_status":"closed","template":"","meta":[],"product_brand":[],"product_cat":[20,47],"product_tag":[],"class_list":{"0":"post-1232","1":"product","2":"type-product","3":"status-publish","4":"has-post-thumbnail","6":"product_cat-all-products","7":"product_cat-animals-diagnostic-rapid-test","8":"entry","10":"first","11":"instock","12":"shipping-taxable","13":"product-type-simple"},"_links":{"self":[{"href":"https:\/\/www.testsealabs-kit.com\/lv\/wp-json\/wp\/v2\/product\/1232","targetHints":{"allow":["GET"]}}],"collection":[{"href":"https:\/\/www.testsealabs-kit.com\/lv\/wp-json\/wp\/v2\/product"}],"about":[{"href":"https:\/\/www.testsealabs-kit.com\/lv\/wp-json\/wp\/v2\/types\/product"}],"replies":[{"embeddable":true,"href":"https:\/\/www.testsealabs-kit.com\/lv\/wp-json\/wp\/v2\/comments?post=1232"}],"wp:featuredmedia":[{"embeddable":true,"href":"https:\/\/www.testsealabs-kit.com\/lv\/wp-json\/wp\/v2\/media\/1216"}],"wp:attachment":[{"href":"https:\/\/www.testsealabs-kit.com\/lv\/wp-json\/wp\/v2\/media?parent=1232"}],"wp:term":[{"taxonomy":"product_brand","embeddable":true,"href":"https:\/\/www.testsealabs-kit.com\/lv\/wp-json\/wp\/v2\/product_brand?post=1232"},{"taxonomy":"product_cat","embeddable":true,"href":"https:\/\/www.testsealabs-kit.com\/lv\/wp-json\/wp\/v2\/product_cat?post=1232"},{"taxonomy":"product_tag","embeddable":true,"href":"https:\/\/www.testsealabs-kit.com\/lv\/wp-json\/wp\/v2\/product_tag?post=1232"}],"curies":[{"name":"wp","href":"https:\/\/api.w.org\/{rel}","templated":true}]}}