{"id":1235,"date":"2022-05-19T12:00:01","date_gmt":"2022-05-19T04:00:01","guid":{"rendered":"https:\/\/www.testsealabs-kit.com\/?post_type=product&#038;p=1235"},"modified":"2026-02-06T12:36:57","modified_gmt":"2026-02-06T04:36:57","slug":"rabies-antibody-testrabies-ab","status":"publish","type":"product","link":"https:\/\/www.testsealabs-kit.com\/lv\/products\/rabies-antibody-testrabies-ab\/","title":{"rendered":"Trakums\u0113rgas antivielu tests (Rabies Ab)"},"content":{"rendered":"<p><span style=\"font-size: 14pt;\">1.Get rezult\u0101tu 15 min\u016b\u0161u laik\u0101<\/span><br \/>\n<span style=\"font-size: 14pt;\">2.Easy v\u0101kt paraugus<\/span><br \/>\n<span style=\"font-size: 14pt;\">3.Rezult\u0101ti ir skaidri redzami<\/span><br \/>\n<span style=\"font-size: 14pt;\">4.Nav nepiecie\u0161ams apr\u012bkojums<\/span><br \/>\n<span style=\"font-size: 14pt;\">5.Piem\u0113rots liela m\u0113roga \u0101trai p\u0101rbaudei<\/span><\/p>","protected":false},"excerpt":{"rendered":"<p>Trakums\u0113rgas antivielu tests ir s\u0101nu pl\u016bsmas im\u016bnhromatogr\u0101fijas tests trakums\u0113rgas v\u012brusa antivielu (Rabies Ab) kvalitat\u012bvai noteik\u0161anai virs 0,5IU\/ml piln\u0101s asin\u012bs\/serum\u0101.<\/p>\n<p>&nbsp;<\/p>\n<p>Produkts ir vit\u0101li svar\u012bga slim\u012bba gan dz\u012bvniekiem, gan cilv\u0113kiem. Suns vai ka\u0137is var b\u016bt slim\u012bbas n\u0113s\u0101t\u0101js bez jebk\u0101diem kl\u012bniskiem simptomiem. Vakcin\u0101cija ac\u012bmredzami var\u0113tu samazin\u0101t trakums\u0113rgas v\u012brusa n\u0113s\u0101t\u0101ju un infic\u0113\u0161an\u0101s gad\u012bjumu skaitu. Tom\u0113r pat p\u0113c vakcin\u0101cijas joproj\u0101m ir aptuveni 15% gad\u012bjumu, kad nevar\u0113ja izveidot aizsargantivielas. Ieteicams noteikt trakums\u0113rgas antivielas su\u0146iem p\u0113c 45 dienu vakcin\u0101cijas.<\/p>","protected":false},"featured_media":1216,"comment_status":"open","ping_status":"closed","template":"","meta":[],"product_brand":[],"product_cat":[20,47],"product_tag":[],"class_list":{"0":"post-1235","1":"product","2":"type-product","3":"status-publish","4":"has-post-thumbnail","6":"product_cat-all-products","7":"product_cat-animals-diagnostic-rapid-test","8":"entry","10":"first","11":"instock","12":"shipping-taxable","13":"product-type-simple"},"_links":{"self":[{"href":"https:\/\/www.testsealabs-kit.com\/lv\/wp-json\/wp\/v2\/product\/1235","targetHints":{"allow":["GET"]}}],"collection":[{"href":"https:\/\/www.testsealabs-kit.com\/lv\/wp-json\/wp\/v2\/product"}],"about":[{"href":"https:\/\/www.testsealabs-kit.com\/lv\/wp-json\/wp\/v2\/types\/product"}],"replies":[{"embeddable":true,"href":"https:\/\/www.testsealabs-kit.com\/lv\/wp-json\/wp\/v2\/comments?post=1235"}],"wp:featuredmedia":[{"embeddable":true,"href":"https:\/\/www.testsealabs-kit.com\/lv\/wp-json\/wp\/v2\/media\/1216"}],"wp:attachment":[{"href":"https:\/\/www.testsealabs-kit.com\/lv\/wp-json\/wp\/v2\/media?parent=1235"}],"wp:term":[{"taxonomy":"product_brand","embeddable":true,"href":"https:\/\/www.testsealabs-kit.com\/lv\/wp-json\/wp\/v2\/product_brand?post=1235"},{"taxonomy":"product_cat","embeddable":true,"href":"https:\/\/www.testsealabs-kit.com\/lv\/wp-json\/wp\/v2\/product_cat?post=1235"},{"taxonomy":"product_tag","embeddable":true,"href":"https:\/\/www.testsealabs-kit.com\/lv\/wp-json\/wp\/v2\/product_tag?post=1235"}],"curies":[{"name":"wp","href":"https:\/\/api.w.org\/{rel}","templated":true}]}}