{"id":1259,"date":"2022-05-19T13:58:12","date_gmt":"2022-05-19T05:58:12","guid":{"rendered":"https:\/\/www.testsealabs-kit.com\/?post_type=product&#038;p=1259"},"modified":"2025-08-05T13:48:00","modified_gmt":"2025-08-05T05:48:00","slug":"covid-19-antigen-test-cassette-2-in-1swab-saliva","status":"publish","type":"product","link":"https:\/\/www.testsealabs-kit.com\/lv\/products\/covid-19-antigen-test-cassette-2-in-1swab-saliva\/","title":{"rendered":"COVID-19 antig\u0113nu testa kasete -2 in 1 (uztriepes\/ siekalas)"},"content":{"rendered":"<p><span style=\"font-size: 14pt;\">1.Get rezult\u0101tu 15 min\u016b\u0161u laik\u0101<\/span><br \/>\n<span style=\"font-size: 14pt;\">2.Easy v\u0101kt paraugus<\/span><br \/>\n<span style=\"font-size: 14pt;\">3.Rezult\u0101ti ir skaidri redzami<\/span><br \/>\n<span style=\"font-size: 14pt;\">4.Nav nepiecie\u0161ams apr\u012bkojums<\/span><br \/>\n<span style=\"font-size: 14pt;\">5.Piem\u0113rots liela m\u0113roga \u0101trai p\u0101rbaudei<\/span><\/p>","protected":false},"excerpt":{"rendered":"<p>Produkts ir COVID-19 antig\u0113na kvalitat\u012bva noteik\u0161ana uztriepes\/ siekalu paraug\u0101.<\/p>","protected":false},"featured_media":1255,"comment_status":"open","ping_status":"closed","template":"","meta":[],"product_brand":[],"product_cat":[20,26],"product_tag":[],"class_list":{"0":"post-1259","1":"product","2":"type-product","3":"status-publish","4":"has-post-thumbnail","6":"product_cat-all-products","7":"product_cat-covid-19-sars-cov-2-rapid-test","8":"entry","10":"first","11":"outofstock","12":"shipping-taxable","13":"product-type-variable"},"_links":{"self":[{"href":"https:\/\/www.testsealabs-kit.com\/lv\/wp-json\/wp\/v2\/product\/1259","targetHints":{"allow":["GET"]}}],"collection":[{"href":"https:\/\/www.testsealabs-kit.com\/lv\/wp-json\/wp\/v2\/product"}],"about":[{"href":"https:\/\/www.testsealabs-kit.com\/lv\/wp-json\/wp\/v2\/types\/product"}],"replies":[{"embeddable":true,"href":"https:\/\/www.testsealabs-kit.com\/lv\/wp-json\/wp\/v2\/comments?post=1259"}],"wp:featuredmedia":[{"embeddable":true,"href":"https:\/\/www.testsealabs-kit.com\/lv\/wp-json\/wp\/v2\/media\/1255"}],"wp:attachment":[{"href":"https:\/\/www.testsealabs-kit.com\/lv\/wp-json\/wp\/v2\/media?parent=1259"}],"wp:term":[{"taxonomy":"product_brand","embeddable":true,"href":"https:\/\/www.testsealabs-kit.com\/lv\/wp-json\/wp\/v2\/product_brand?post=1259"},{"taxonomy":"product_cat","embeddable":true,"href":"https:\/\/www.testsealabs-kit.com\/lv\/wp-json\/wp\/v2\/product_cat?post=1259"},{"taxonomy":"product_tag","embeddable":true,"href":"https:\/\/www.testsealabs-kit.com\/lv\/wp-json\/wp\/v2\/product_tag?post=1259"}],"curies":[{"name":"wp","href":"https:\/\/api.w.org\/{rel}","templated":true}]}}