{"id":749,"date":"2022-04-07T02:00:56","date_gmt":"2022-04-06T18:00:56","guid":{"rendered":"https:\/\/www.testsealabs-kit.com\/?post_type=product&#038;p=749"},"modified":"2026-04-29T19:57:30","modified_gmt":"2026-04-29T11:57:30","slug":"covid-19-antigen-test-cassette-self-test","status":"publish","type":"product","link":"https:\/\/www.testsealabs-kit.com\/lv\/products\/covid-19-antigen-test-cassette-self-test\/","title":{"rendered":"COVID-19 antig\u0113nu tests Kaset\u012bte-pa\u0161p\u0101rbaude-pa\u0161u tests-naz\u0101lais uztriepes uztriepe"},"content":{"rendered":"<p>\u3010Paredz\u0113tais lietojums\u3011<\/p>\n<p>COVID-19 antig\u0113na testa kasete ir \u0101trs tests SARS-CoV-2 nukleokaps\u012bdas antig\u0113na kvalitat\u012bvai noteik\u0161anai priek\u0161\u0113jos deguna uztriepumos. To izmanto, lai pal\u012bdz\u0113tu diagnostic\u0113t SARS-CoV-2 infekciju, kas var izrais\u012bt COVID-19 slim\u012bbu. Testu var veikt jebkur\u0101 laik\u0101, un tas ir piem\u0113rots simptom\u0101tisk\u0101m person\u0101m. Nepilngad\u012bgajiem testa veik\u0161an\u0101 j\u0101pal\u012bdz pieaugu\u0161ajiem \u0160o testu ieteicams izmantot tikai k\u0101 papildin\u0101jumu cit\u0101m diagnostikas proced\u016br\u0101m. Tests ir paredz\u0113ts neprofesion\u0101liem lietot\u0101jiem, un to var veikt \u0101rpus laboratorijas.<\/p>\n<p>\u3010Sertifik\u0101ts\u3011<\/p>\n<p>CE, ISO9001, ISO13485<\/p>","protected":false},"excerpt":{"rendered":"<p>COVID-19 antig\u0113na tests Kasetes tests ar pa\u0161noteik\u0161anos \u7b80\u77ed\u63cf\u8ff0<\/p>","protected":false},"featured_media":682,"comment_status":"open","ping_status":"closed","template":"","meta":[],"product_brand":[],"product_cat":[20,26],"product_tag":[],"class_list":{"0":"post-749","1":"product","2":"type-product","3":"status-publish","4":"has-post-thumbnail","6":"product_cat-all-products","7":"product_cat-covid-19-sars-cov-2-rapid-test","8":"entry","10":"first","11":"instock","12":"shipping-taxable","13":"purchasable","14":"product-type-variable","15":"has-default-attributes"},"_links":{"self":[{"href":"https:\/\/www.testsealabs-kit.com\/lv\/wp-json\/wp\/v2\/product\/749","targetHints":{"allow":["GET"]}}],"collection":[{"href":"https:\/\/www.testsealabs-kit.com\/lv\/wp-json\/wp\/v2\/product"}],"about":[{"href":"https:\/\/www.testsealabs-kit.com\/lv\/wp-json\/wp\/v2\/types\/product"}],"replies":[{"embeddable":true,"href":"https:\/\/www.testsealabs-kit.com\/lv\/wp-json\/wp\/v2\/comments?post=749"}],"wp:featuredmedia":[{"embeddable":true,"href":"https:\/\/www.testsealabs-kit.com\/lv\/wp-json\/wp\/v2\/media\/682"}],"wp:attachment":[{"href":"https:\/\/www.testsealabs-kit.com\/lv\/wp-json\/wp\/v2\/media?parent=749"}],"wp:term":[{"taxonomy":"product_brand","embeddable":true,"href":"https:\/\/www.testsealabs-kit.com\/lv\/wp-json\/wp\/v2\/product_brand?post=749"},{"taxonomy":"product_cat","embeddable":true,"href":"https:\/\/www.testsealabs-kit.com\/lv\/wp-json\/wp\/v2\/product_cat?post=749"},{"taxonomy":"product_tag","embeddable":true,"href":"https:\/\/www.testsealabs-kit.com\/lv\/wp-json\/wp\/v2\/product_tag?post=749"}],"curies":[{"name":"wp","href":"https:\/\/api.w.org\/{rel}","templated":true}]}}