{"id":945,"date":"2022-04-25T20:40:10","date_gmt":"2022-04-25T12:40:10","guid":{"rendered":"https:\/\/www.testsealabs-kit.com\/?post_type=product&#038;p=945"},"modified":"2022-05-10T23:01:59","modified_gmt":"2022-05-10T15:01:59","slug":"flu-a-b-covid-19-antigen-combo-test-cassette-professional-use","status":"publish","type":"product","link":"https:\/\/www.testsealabs-kit.com\/lv\/products\/flu-a-b-covid-19-antigen-combo-test-cassette-professional-use\/","title":{"rendered":"Gripas A\/B + COVID-19 antig\u0113nu kombin\u0113t\u0101 testa kasete - profesion\u0101lai lieto\u0161anai"},"content":{"rendered":"<p>\u3010Paredz\u0113tais lietojums\u3011<\/p>\n<p>Tests ir paredz\u0113ts lieto\u0161anai vienlaic\u012bgai \u0101trai in vitro noteik\u0161anai un diferenc\u0113\u0161anai, lai noteiktu un diferenc\u0113tu<\/p>\n<p>A gripas v\u012brusa, B gripas v\u012brusa un COVID-19 v\u012brusa nukleokaps\u012bdas prote\u012bna antig\u0113na, bet ne<\/p>\n<p>ne\u013cauj at\u0161\u0137irt SARS-CoV un COVID-19 v\u012brusus un nav paredz\u0113ta SARS-CoV un COVID-19 v\u012brusu noteik\u0161anai.<\/p>\n<p>C gripas antig\u0113ni. Pret cit\u0101m jaun\u0101m gripas sug\u0101m veiktsp\u0113jas r\u0101d\u012bt\u0101ji var at\u0161\u0137irties.<\/p>\n<p>v\u012brusiem.<\/p>\n<p>A gripas, B gripas un COVID-19 v\u012brusu antig\u0113ni parasti ir nosak\u0101mi aug\u0161\u0113jo elpce\u013cu paraugos infekcijas ak\u016bt\u0101s f\u0101zes laik\u0101. Pozit\u012bvi rezult\u0101ti nor\u0101da uz v\u012brusu antig\u0113nu kl\u0101tb\u016btni, bet, lai noteiktu infekcijas statusu, ir nepiecie\u0161ama kl\u012bniska korel\u0101cija ar pacienta anamn\u0113zi un citu diagnostisko inform\u0101ciju.<\/p>\n<p>Pozit\u012bvi rezult\u0101ti neizsl\u0113dz bakteri\u0101lu infekciju vai koinfekciju ar citiem v\u012brusiem. A\u0123ents<\/p>\n<p>konstat\u0113tais var neb\u016bt gal\u012bgais slim\u012bbas c\u0113lonis.<\/p>\n<p>Negat\u012bviem COVID-19 rezult\u0101tiem pacientiem, kuriem simptomi par\u0101d\u0101s p\u0113c piec\u0101m dien\u0101m, j\u0101b\u016bt<\/p>\n<p>uzskata par pie\u0146\u0113mumu un vajadz\u012bbas gad\u012bjum\u0101 apstiprina ar molekul\u0101ro anal\u012bzi, lai pacientu<\/p>\n<p>var veikt p\u0101rvald\u012bbu. Negat\u012bvi rezult\u0101ti neizsl\u0113dz COVID-19, un tos nevajadz\u0113tu uzskat\u012bt par negat\u012bviem.<\/p>\n<p>izmanto k\u0101 vien\u012bgo pamatu \u0101rst\u0113\u0161anas vai pacienta \u0101rst\u0113\u0161anas l\u0113mumu pie\u0146em\u0161anai, tostarp infekcijas gad\u012bjum\u0101.<\/p>\n<p>kontroles l\u0113mumus. Negat\u012bvie rezult\u0101ti j\u0101apsver kontekst\u0101 ar pacienta nesen ieg\u016btajiem rezult\u0101tiem.<\/p>\n<p>iedarb\u012bba, anamn\u0113ze un kl\u012bnisko paz\u012bmju un simptomu kl\u0101tb\u016btne, kas atbilst COVID-19.<\/p>\n<p>Negat\u012bvi rezult\u0101ti neizsl\u0113dz gripas v\u012brusa infekciju, un tos nevajadz\u0113tu izmantot k\u0101 vien\u012bgo pier\u0101d\u012bjumu, ka gripas v\u012bruss ir infic\u0113jies ar gripas v\u012brusu.<\/p>\n<p>\u0101rst\u0113\u0161anas vai citu pacienta \u0101rst\u0113\u0161anas l\u0113mumu pamat\u0101.<\/p>\n<p>\u3010Sertifik\u0101ts\u3011<\/p>\n<p>CE, ISO9001, ISO13485<\/p>","protected":false},"excerpt":{"rendered":"<p>COVID-19 antig\u0113na tests Kasetes tests ar pa\u0161noteik\u0161anos \u7b80\u77ed\u63cf\u8ff0<\/p>","protected":false},"featured_media":948,"comment_status":"open","ping_status":"closed","template":"","meta":[],"product_brand":[],"product_cat":[20,26],"product_tag":[],"class_list":{"0":"post-945","1":"product","2":"type-product","3":"status-publish","4":"has-post-thumbnail","6":"product_cat-all-products","7":"product_cat-covid-19-sars-cov-2-rapid-test","8":"entry","10":"first","11":"instock","12":"shipping-taxable","13":"purchasable","14":"product-type-variable","15":"has-default-attributes"},"_links":{"self":[{"href":"https:\/\/www.testsealabs-kit.com\/lv\/wp-json\/wp\/v2\/product\/945","targetHints":{"allow":["GET"]}}],"collection":[{"href":"https:\/\/www.testsealabs-kit.com\/lv\/wp-json\/wp\/v2\/product"}],"about":[{"href":"https:\/\/www.testsealabs-kit.com\/lv\/wp-json\/wp\/v2\/types\/product"}],"replies":[{"embeddable":true,"href":"https:\/\/www.testsealabs-kit.com\/lv\/wp-json\/wp\/v2\/comments?post=945"}],"wp:featuredmedia":[{"embeddable":true,"href":"https:\/\/www.testsealabs-kit.com\/lv\/wp-json\/wp\/v2\/media\/948"}],"wp:attachment":[{"href":"https:\/\/www.testsealabs-kit.com\/lv\/wp-json\/wp\/v2\/media?parent=945"}],"wp:term":[{"taxonomy":"product_brand","embeddable":true,"href":"https:\/\/www.testsealabs-kit.com\/lv\/wp-json\/wp\/v2\/product_brand?post=945"},{"taxonomy":"product_cat","embeddable":true,"href":"https:\/\/www.testsealabs-kit.com\/lv\/wp-json\/wp\/v2\/product_cat?post=945"},{"taxonomy":"product_tag","embeddable":true,"href":"https:\/\/www.testsealabs-kit.com\/lv\/wp-json\/wp\/v2\/product_tag?post=945"}],"curies":[{"name":"wp","href":"https:\/\/api.w.org\/{rel}","templated":true}]}}