{"id":977,"date":"2022-04-25T21:02:34","date_gmt":"2022-04-25T13:02:34","guid":{"rendered":"https:\/\/www.testsealabs-kit.com\/?post_type=product&#038;p=977"},"modified":"2022-05-10T23:07:20","modified_gmt":"2022-05-10T15:07:20","slug":"covid-19-antigen-test-cassette-2-in-1-professional-use-nasal-swab-saliva","status":"publish","type":"product","link":"https:\/\/www.testsealabs-kit.com\/lv\/products\/covid-19-antigen-test-cassette-2-in-1-professional-use-nasal-swab-saliva\/","title":{"rendered":"COVID-19 Antig\u0113nu testa kasete 2 in 1-Profesion\u0101lai lieto\u0161anai-Nosa\u0146a uztriepes\/Saliva"},"content":{"rendered":"<p>\u3010Paredz\u0113tais lietojums\u3011<\/p>\n<p>COVID-19 antig\u0113na testa kaset\u0113 izmantota im\u016bnhromatogr\u0101fijas tehnolo\u0123ija, lai noteiktu SARS-CoV-2 antig\u0113nu cilv\u0113ka deguna uztriepes\u3001sal\u012bvu paraug\u0101. Testsea tests pied\u0101v\u0101 laboratorijas kvalit\u0101tes rezult\u0101tus apr\u016bpes viet\u0101. \u0160is tests ir paredz\u0113ts tikai vienreiz\u0113jai lieto\u0161anai un tikai profesion\u0101lai lieto\u0161anai.Ieteikums izmantot \u0161o testu 7 dienu laik\u0101 p\u0113c simptomu par\u0101d\u012b\u0161an\u0101s ir pamatots ar kl\u012bnisk\u0101s veiktsp\u0113jas nov\u0113rt\u0113jumu.<\/p>\n<p>\u3010Sertifik\u0101ts\u3011<\/p>\n<p>CE, ISO9001, ISO13485<\/p>","protected":false},"excerpt":{"rendered":"<p>COVID-19 antig\u0113na tests Kasetes tests ar pa\u0161noteik\u0161anos \u7b80\u77ed\u63cf\u8ff0<\/p>","protected":false},"featured_media":980,"comment_status":"open","ping_status":"closed","template":"","meta":[],"product_brand":[],"product_cat":[20,26],"product_tag":[],"class_list":{"0":"post-977","1":"product","2":"type-product","3":"status-publish","4":"has-post-thumbnail","6":"product_cat-all-products","7":"product_cat-covid-19-sars-cov-2-rapid-test","8":"entry","10":"first","11":"instock","12":"shipping-taxable","13":"purchasable","14":"product-type-variable","15":"has-default-attributes"},"_links":{"self":[{"href":"https:\/\/www.testsealabs-kit.com\/lv\/wp-json\/wp\/v2\/product\/977","targetHints":{"allow":["GET"]}}],"collection":[{"href":"https:\/\/www.testsealabs-kit.com\/lv\/wp-json\/wp\/v2\/product"}],"about":[{"href":"https:\/\/www.testsealabs-kit.com\/lv\/wp-json\/wp\/v2\/types\/product"}],"replies":[{"embeddable":true,"href":"https:\/\/www.testsealabs-kit.com\/lv\/wp-json\/wp\/v2\/comments?post=977"}],"wp:featuredmedia":[{"embeddable":true,"href":"https:\/\/www.testsealabs-kit.com\/lv\/wp-json\/wp\/v2\/media\/980"}],"wp:attachment":[{"href":"https:\/\/www.testsealabs-kit.com\/lv\/wp-json\/wp\/v2\/media?parent=977"}],"wp:term":[{"taxonomy":"product_brand","embeddable":true,"href":"https:\/\/www.testsealabs-kit.com\/lv\/wp-json\/wp\/v2\/product_brand?post=977"},{"taxonomy":"product_cat","embeddable":true,"href":"https:\/\/www.testsealabs-kit.com\/lv\/wp-json\/wp\/v2\/product_cat?post=977"},{"taxonomy":"product_tag","embeddable":true,"href":"https:\/\/www.testsealabs-kit.com\/lv\/wp-json\/wp\/v2\/product_tag?post=977"}],"curies":[{"name":"wp","href":"https:\/\/api.w.org\/{rel}","templated":true}]}}