{"id":991,"date":"2022-04-25T21:15:23","date_gmt":"2022-04-25T13:15:23","guid":{"rendered":"https:\/\/www.testsealabs-kit.com\/?post_type=product&#038;p=991"},"modified":"2022-05-19T11:06:22","modified_gmt":"2022-05-19T03:06:22","slug":"canine-parvo-virus-antigen-test-cassettecpv-ag","status":"publish","type":"product","link":"https:\/\/www.testsealabs-kit.com\/lv\/products\/canine-parvo-virus-antigen-test-cassettecpv-ag\/","title":{"rendered":"Su\u0146u parvo v\u012brusa antig\u0113na testa kasete (CPV AG)"},"content":{"rendered":"<p><span style=\"font-size: 14pt;\">1.Get rezult\u0101tu 15 min\u016b\u0161u laik\u0101<\/span><\/p>\n<p><span style=\"font-size: 14pt;\">2.Easy v\u0101kt paraugus<\/span><\/p>\n<p><span style=\"font-size: 14pt;\">3.Rezult\u0101ti ir skaidri redzami<\/span><\/p>\n<p><span style=\"font-size: 14pt;\">4.Nav nepiecie\u0161ams apr\u012bkojums<\/span><\/p>\n<p><span style=\"font-size: 14pt;\">5.Piem\u0113rots liela m\u0113roga \u0101trai p\u0101rbaudei<\/span><\/p>","protected":false},"excerpt":{"rendered":"<p>Produkts ir s\u0101nu pl\u016bsmas im\u016bnhromatogr\u0101fijas tests su\u0146u parvov\u012brusa antig\u0113nu (CPV Ag) kvalitat\u012bvai noteik\u0161anai su\u0146u ekskrementos.<\/p>\n<p>&nbsp;<\/p>\n<p>P\u0113c infic\u0113\u0161an\u0101s ar CPV CPV uzbr\u016bk zarnu epit\u0113lija un sirds musku\u013ca \u0161\u016bn\u0101m, un kl\u012bnisk\u0101s izpausmes ir ku\u0146\u0123a un zarnu trakta slim\u012bbas un miokard\u012bts, kuc\u0113niem galvenok\u0101rt miokard\u012bts. P\u0113c infic\u0113\u0161an\u0101s su\u0146iem ir augsts saslimst\u012bbas un mirst\u012bbas l\u012bmenis. CPV bie\u017ei izraisa epid\u0113mijas uzliesmojumus, un var infic\u0113ties da\u017e\u0101da vecuma, dzimuma un \u0161\u0137irnes su\u0146i.<\/p>","protected":false},"featured_media":1216,"comment_status":"open","ping_status":"closed","template":"","meta":[],"product_brand":[],"product_cat":[20,47],"product_tag":[],"class_list":{"0":"post-991","1":"product","2":"type-product","3":"status-publish","4":"has-post-thumbnail","6":"product_cat-all-products","7":"product_cat-animals-diagnostic-rapid-test","8":"entry","10":"first","11":"instock","12":"shipping-taxable","13":"purchasable","14":"product-type-variable","15":"has-default-attributes"},"_links":{"self":[{"href":"https:\/\/www.testsealabs-kit.com\/lv\/wp-json\/wp\/v2\/product\/991","targetHints":{"allow":["GET"]}}],"collection":[{"href":"https:\/\/www.testsealabs-kit.com\/lv\/wp-json\/wp\/v2\/product"}],"about":[{"href":"https:\/\/www.testsealabs-kit.com\/lv\/wp-json\/wp\/v2\/types\/product"}],"replies":[{"embeddable":true,"href":"https:\/\/www.testsealabs-kit.com\/lv\/wp-json\/wp\/v2\/comments?post=991"}],"wp:featuredmedia":[{"embeddable":true,"href":"https:\/\/www.testsealabs-kit.com\/lv\/wp-json\/wp\/v2\/media\/1216"}],"wp:attachment":[{"href":"https:\/\/www.testsealabs-kit.com\/lv\/wp-json\/wp\/v2\/media?parent=991"}],"wp:term":[{"taxonomy":"product_brand","embeddable":true,"href":"https:\/\/www.testsealabs-kit.com\/lv\/wp-json\/wp\/v2\/product_brand?post=991"},{"taxonomy":"product_cat","embeddable":true,"href":"https:\/\/www.testsealabs-kit.com\/lv\/wp-json\/wp\/v2\/product_cat?post=991"},{"taxonomy":"product_tag","embeddable":true,"href":"https:\/\/www.testsealabs-kit.com\/lv\/wp-json\/wp\/v2\/product_tag?post=991"}],"curies":[{"name":"wp","href":"https:\/\/api.w.org\/{rel}","templated":true}]}}