{"id":1235,"date":"2022-05-19T12:00:01","date_gmt":"2022-05-19T04:00:01","guid":{"rendered":"https:\/\/www.testsealabs-kit.com\/?post_type=product&#038;p=1235"},"modified":"2026-02-06T12:36:57","modified_gmt":"2026-02-06T04:36:57","slug":"rabies-antibody-testrabies-ab","status":"publish","type":"product","link":"https:\/\/www.testsealabs-kit.com\/nl\/product\/rabies-antibody-testrabies-ab\/","title":{"rendered":"Rabi\u00ebs Antilichaam Test (Rabi\u00ebs Ab)"},"content":{"rendered":"<p><span style=\"font-size: 14pt;\">1.Get resultaat binnen 15 minuten<\/span><br \/>\n<span style=\"font-size: 14pt;\">2.Gemakkelijk om monsters te verzamelen<\/span><br \/>\n<span style=\"font-size: 14pt;\">3.Resultaten zijn duidelijk zichtbaar<\/span><br \/>\n<span style=\"font-size: 14pt;\">4.Geen apparatuur nodig<\/span><br \/>\n<span style=\"font-size: 14pt;\">5.Suitable voor snelle screening op grote schaal<\/span><\/p>","protected":false},"excerpt":{"rendered":"<p>De rabi\u00ebsantilichaamtest is een laterale flow immunochromatografische test voor de kwalitatieve detectie van rabi\u00ebsvirusantilichaam (rabi\u00ebs Ab) boven de 0,5 IE\/ml in volbloed\/serum van honden.<\/p>\n<p>&nbsp;<\/p>\n<p>Het product is een levensbedreigende ziekte voor zowel dier als mens. Een hond of kat kan drager zijn zonder klinische symptomen. Vaccinatie kan blijkbaar de verhouding drager en infectie van het rabi\u00ebsvirus verminderen. Maar zelfs na vaccinatie is er nog steeds ongeveer 15% van alle gevallen die geen beschermende antilichamen kunnen aanmaken. Er wordt voorgesteld om de rabi\u00ebsantilichamen voor honden na 45 dagen vaccinatie te detecteren.<\/p>","protected":false},"featured_media":1216,"comment_status":"open","ping_status":"closed","template":"","meta":[],"product_brand":[],"product_cat":[20,47],"product_tag":[],"class_list":{"0":"post-1235","1":"product","2":"type-product","3":"status-publish","4":"has-post-thumbnail","6":"product_cat-all-products","7":"product_cat-animals-diagnostic-rapid-test","8":"entry","10":"first","11":"instock","12":"shipping-taxable","13":"product-type-simple"},"_links":{"self":[{"href":"https:\/\/www.testsealabs-kit.com\/nl\/wp-json\/wp\/v2\/product\/1235","targetHints":{"allow":["GET"]}}],"collection":[{"href":"https:\/\/www.testsealabs-kit.com\/nl\/wp-json\/wp\/v2\/product"}],"about":[{"href":"https:\/\/www.testsealabs-kit.com\/nl\/wp-json\/wp\/v2\/types\/product"}],"replies":[{"embeddable":true,"href":"https:\/\/www.testsealabs-kit.com\/nl\/wp-json\/wp\/v2\/comments?post=1235"}],"wp:featuredmedia":[{"embeddable":true,"href":"https:\/\/www.testsealabs-kit.com\/nl\/wp-json\/wp\/v2\/media\/1216"}],"wp:attachment":[{"href":"https:\/\/www.testsealabs-kit.com\/nl\/wp-json\/wp\/v2\/media?parent=1235"}],"wp:term":[{"taxonomy":"product_brand","embeddable":true,"href":"https:\/\/www.testsealabs-kit.com\/nl\/wp-json\/wp\/v2\/product_brand?post=1235"},{"taxonomy":"product_cat","embeddable":true,"href":"https:\/\/www.testsealabs-kit.com\/nl\/wp-json\/wp\/v2\/product_cat?post=1235"},{"taxonomy":"product_tag","embeddable":true,"href":"https:\/\/www.testsealabs-kit.com\/nl\/wp-json\/wp\/v2\/product_tag?post=1235"}],"curies":[{"name":"wp","href":"https:\/\/api.w.org\/{rel}","templated":true}]}}