{"id":22,"date":"2022-04-01T00:45:49","date_gmt":"2022-03-31T16:45:49","guid":{"rendered":"https:\/\/www.testsealabs-kit.com\/?page_id=22"},"modified":"2022-05-07T16:15:44","modified_gmt":"2022-05-07T08:15:44","slug":"about-us","status":"publish","type":"page","link":"https:\/\/www.testsealabs-kit.com\/pl\/about-us\/","title":{"rendered":"O nas"},"content":{"rendered":"<div data-elementor-type=\"wp-page\" data-elementor-id=\"22\" class=\"elementor elementor-22\">\n\t\t\t\t\t\t<section class=\"elementor-section elementor-top-section elementor-element elementor-element-81668c3 elementor-section-boxed elementor-section-height-default elementor-section-height-default\" data-id=\"81668c3\" data-element_type=\"section\" data-settings=\"{&quot;background_background&quot;:&quot;classic&quot;}\">\n\t\t\t\t\t\t<div class=\"elementor-container elementor-column-gap-default\">\n\t\t\t\t\t<div class=\"elementor-column elementor-col-100 elementor-top-column elementor-element elementor-element-f474c6e\" data-id=\"f474c6e\" data-element_type=\"column\">\n\t\t\t<div class=\"elementor-widget-wrap elementor-element-populated\">\n\t\t\t\t\t\t<div class=\"elementor-element elementor-element-6904ea3 elementor-widget elementor-widget-woocommerce-breadcrumb\" data-id=\"6904ea3\" data-element_type=\"widget\" data-widget_type=\"woocommerce-breadcrumb.default\">\n\t\t\t\t<div class=\"elementor-widget-container\">\n\t\t\t\t\t<nav class=\"woocommerce-breadcrumb\" aria-label=\"Breadcrumb\" data-no-translation=\"\" data-trp-gettext=\"\">Strona g\u0142\u00f3wna<\/nav>\t\t\t\t<\/div>\n\t\t\t\t<\/div>\n\t\t\t\t\t<\/div>\n\t\t<\/div>\n\t\t\t\t\t<\/div>\n\t\t<\/section>\n\t\t\t\t<section class=\"elementor-section elementor-top-section elementor-element elementor-element-2b42288 elementor-section-boxed elementor-section-height-default elementor-section-height-default\" data-id=\"2b42288\" data-element_type=\"section\">\n\t\t\t\t\t\t<div class=\"elementor-container elementor-column-gap-default\">\n\t\t\t\t\t<div class=\"elementor-column elementor-col-20 elementor-top-column elementor-element elementor-element-1979bdd\" data-id=\"1979bdd\" data-element_type=\"column\">\n\t\t\t<div class=\"elementor-widget-wrap\">\n\t\t\t\t\t\t\t<\/div>\n\t\t<\/div>\n\t\t\t\t<div class=\"elementor-column elementor-col-20 elementor-top-column elementor-element elementor-element-56c7f3f\" data-id=\"56c7f3f\" data-element_type=\"column\">\n\t\t\t<div class=\"elementor-widget-wrap elementor-element-populated\">\n\t\t\t\t\t\t<div class=\"elementor-element elementor-element-708057f elementor-align-center elementor-widget elementor-widget-button\" data-id=\"708057f\" data-element_type=\"widget\" data-widget_type=\"button.default\">\n\t\t\t\t<div class=\"elementor-widget-container\">\n\t\t\t\t\t\t\t\t\t<div class=\"elementor-button-wrapper\">\n\t\t\t\t\t<a class=\"elementor-button elementor-size-sm\" role=\"button\">\n\t\t\t\t\t\t<span class=\"elementor-button-content-wrapper\">\n\t\t\t\t\t\t\t\t\t<span class=\"elementor-button-text\">Profil firmy<\/span>\n\t\t\t\t\t<\/span>\n\t\t\t\t\t<\/a>\n\t\t\t\t<\/div>\n\t\t\t\t\t\t\t\t<\/div>\n\t\t\t\t<\/div>\n\t\t\t\t\t<\/div>\n\t\t<\/div>\n\t\t\t\t<div class=\"elementor-column elementor-col-20 elementor-top-column elementor-element elementor-element-ce4894c\" data-id=\"ce4894c\" data-element_type=\"column\">\n\t\t\t<div class=\"elementor-widget-wrap elementor-element-populated\">\n\t\t\t\t\t\t<div class=\"elementor-element elementor-element-8917bfa elementor-align-center elementor-widget elementor-widget-button\" data-id=\"8917bfa\" data-element_type=\"widget\" data-widget_type=\"button.default\">\n\t\t\t\t<div class=\"elementor-widget-container\">\n\t\t\t\t\t\t\t\t\t<div class=\"elementor-button-wrapper\">\n\t\t\t\t\t<a class=\"elementor-button elementor-button-link elementor-size-sm\" href=\"https:\/\/www.testsealabs-kit.com\/pl\/history\/\">\n\t\t\t\t\t\t<span class=\"elementor-button-content-wrapper\">\n\t\t\t\t\t\t\t\t\t<span class=\"elementor-button-text\">Historia<\/span>\n\t\t\t\t\t<\/span>\n\t\t\t\t\t<\/a>\n\t\t\t\t<\/div>\n\t\t\t\t\t\t\t\t<\/div>\n\t\t\t\t<\/div>\n\t\t\t\t\t<\/div>\n\t\t<\/div>\n\t\t\t\t<div class=\"elementor-column elementor-col-20 elementor-top-column elementor-element elementor-element-0a65eda\" data-id=\"0a65eda\" data-element_type=\"column\">\n\t\t\t<div class=\"elementor-widget-wrap elementor-element-populated\">\n\t\t\t\t\t\t<div class=\"elementor-element elementor-element-b90bc9c elementor-align-center elementor-widget elementor-widget-button\" data-id=\"b90bc9c\" data-element_type=\"widget\" data-widget_type=\"button.default\">\n\t\t\t\t<div class=\"elementor-widget-container\">\n\t\t\t\t\t\t\t\t\t<div class=\"elementor-button-wrapper\">\n\t\t\t\t\t<a class=\"elementor-button elementor-button-link elementor-size-sm\" href=\"https:\/\/www.testsealabs-kit.com\/pl\/certificate\/\">\n\t\t\t\t\t\t<span class=\"elementor-button-content-wrapper\">\n\t\t\t\t\t\t\t\t\t<span class=\"elementor-button-text\">Certyfikat<\/span>\n\t\t\t\t\t<\/span>\n\t\t\t\t\t<\/a>\n\t\t\t\t<\/div>\n\t\t\t\t\t\t\t\t<\/div>\n\t\t\t\t<\/div>\n\t\t\t\t\t<\/div>\n\t\t<\/div>\n\t\t\t\t<div class=\"elementor-column elementor-col-20 elementor-top-column elementor-element elementor-element-eb468d9\" data-id=\"eb468d9\" data-element_type=\"column\">\n\t\t\t<div class=\"elementor-widget-wrap\">\n\t\t\t\t\t\t\t<\/div>\n\t\t<\/div>\n\t\t\t\t\t<\/div>\n\t\t<\/section>\n\t\t\t\t<section class=\"elementor-section elementor-top-section elementor-element elementor-element-e8295b7 elementor-section-boxed elementor-section-height-default elementor-section-height-default\" data-id=\"e8295b7\" data-element_type=\"section\">\n\t\t\t\t\t\t<div class=\"elementor-container elementor-column-gap-default\">\n\t\t\t\t\t<div class=\"elementor-column elementor-col-50 elementor-top-column elementor-element elementor-element-5b5f901\" data-id=\"5b5f901\" data-element_type=\"column\">\n\t\t\t<div class=\"elementor-widget-wrap elementor-element-populated\">\n\t\t\t\t\t\t<section class=\"elementor-section elementor-inner-section elementor-element elementor-element-1051925 elementor-section-boxed elementor-section-height-default elementor-section-height-default\" data-id=\"1051925\" data-element_type=\"section\">\n\t\t\t\t\t\t<div class=\"elementor-container elementor-column-gap-default\">\n\t\t\t\t\t<div class=\"elementor-column elementor-col-50 elementor-inner-column elementor-element elementor-element-ee0bb33\" data-id=\"ee0bb33\" data-element_type=\"column\">\n\t\t\t<div class=\"elementor-widget-wrap elementor-element-populated\">\n\t\t\t\t\t\t<div class=\"elementor-element elementor-element-ab0165f elementor-widget elementor-widget-image\" data-id=\"ab0165f\" data-element_type=\"widget\" data-widget_type=\"image.default\">\n\t\t\t\t<div class=\"elementor-widget-container\">\n\t\t\t\t\t\t\t\t\t\t\t\t\t\t\t<img decoding=\"async\" width=\"40\" height=\"40\" src=\"https:\/\/www.testsealabs-kit.com\/wp-content\/uploads\/2022\/04\/yinhaoshang.webp\" class=\"attachment-large size-large wp-image-141\" alt=\"\" style=\"width:100%;height:100%;max-width:40px\" \/>\t\t\t\t\t\t\t\t\t\t\t\t\t\t\t<\/div>\n\t\t\t\t<\/div>\n\t\t\t\t\t<\/div>\n\t\t<\/div>\n\t\t\t\t<div class=\"elementor-column elementor-col-50 elementor-inner-column elementor-element elementor-element-15d73bd\" data-id=\"15d73bd\" data-element_type=\"column\">\n\t\t\t<div class=\"elementor-widget-wrap elementor-element-populated\">\n\t\t\t\t\t\t<div class=\"elementor-element elementor-element-27be986 elementor-widget elementor-widget-heading\" data-id=\"27be986\" data-element_type=\"widget\" data-widget_type=\"heading.default\">\n\t\t\t\t<div class=\"elementor-widget-container\">\n\t\t\t\t\t<h2 class=\"elementor-heading-title elementor-size-default\">Profil firmy<\/h2>\t\t\t\t<\/div>\n\t\t\t\t<\/div>\n\t\t\t\t\t<\/div>\n\t\t<\/div>\n\t\t\t\t\t<\/div>\n\t\t<\/section>\n\t\t\t\t<div class=\"elementor-element elementor-element-568343f elementor-widget elementor-widget-text-editor\" data-id=\"568343f\" data-element_type=\"widget\" data-widget_type=\"text-editor.default\">\n\t\t\t\t<div class=\"elementor-widget-container\">\n\t\t\t\t\t\t\t\t\tHangzhou Testsea Biotechnology Co., Ltd. jest krajowym przedsi\u0119biorstwem high-tech z siedzib\u0105 w Hangzhou. Testsea ma wielu badaczy i pracownik\u00f3w, kt\u00f3rzy uko\u0144czyli uniwersytet Zhejiang i za granic\u0105. Testsea specjalizuje si\u0119 w badaniach, rozwoju, produkcji i sprzeda\u017cy surowc\u00f3w do diagnostyki medycznej i testowania bezpiecze\u0144stwa \u017cywno\u015bci. z\u0142o\u017cyli\u015bmy wniosek o 28 rodzaj\u00f3w patent\u00f3w obejmuj\u0105cych diagnostyk\u0119 medyczn\u0105, szybkie testowanie bezpiecze\u0144stwa \u017cywno\u015bci, enzymatyczny test immunologiczny \u017cywno\u015bci i nowy preparat enzymatyczny. Testsea zapewnia doskona\u0142e rozwi\u0105zania surowcowe dla instytucji naukowo-badawczych, przedsi\u0119biorstw, instytut\u00f3w badawczych i innych instytucji na ca\u0142ym \u015bwiecie. Ca\u0142kowita powierzchnia firmy Testsea wynosi ponad 5600 metr\u00f3w kwadratowych, w tym 8000 metr\u00f3w kwadratowych warsztatu oczyszczania GMP na poziomie 100 000, nasza firma \u015bci\u015ble przestrzega systemu zarz\u0105dzania jako\u015bci\u0105 S013485 i IS09001 z badaniami, produkcj\u0105, kontrol\u0105 jako\u015bci, finansami, sprzeda\u017c\u0105 krajow\u0105 i mi\u0119dzynarodow\u0105 itp. Nasze produkty s\u0105 dobrze akceptowane przez wielu u\u017cytkownik\u00f3w w kraju i za granic\u0105. Ponadto nawi\u0105zujemy dobre relacje biznesowe z wieloma krajowymi uniwersytetami i przedsi\u0119biorstwami produkuj\u0105cymi diagnostyk\u0119 in vitro, nawet z po\u0142udniowo-wschodni\u0105 Azj\u0105, Europ\u0105, Afryk\u0105, Ameryk\u0105 \u0141aci\u0144sk\u0105 i innymi krajami.\t\t\t\t\t\t\t\t<\/div>\n\t\t\t\t<\/div>\n\t\t\t\t\t<\/div>\n\t\t<\/div>\n\t\t\t\t<div class=\"elementor-column elementor-col-50 elementor-top-column elementor-element elementor-element-da97193\" data-id=\"da97193\" data-element_type=\"column\">\n\t\t\t<div class=\"elementor-widget-wrap elementor-element-populated\">\n\t\t\t\t\t\t<div class=\"elementor-element elementor-element-ff0c68a elementor--h-position-center elementor--v-position-middle elementor-pagination-position-inside elementor-widget elementor-widget-slides\" data-id=\"ff0c68a\" data-element_type=\"widget\" data-settings=\"{&quot;navigation&quot;:&quot;dots&quot;,&quot;autoplay&quot;:&quot;yes&quot;,&quot;pause_on_hover&quot;:&quot;yes&quot;,&quot;pause_on_interaction&quot;:&quot;yes&quot;,&quot;autoplay_speed&quot;:5000,&quot;infinite&quot;:&quot;yes&quot;,&quot;transition&quot;:&quot;slide&quot;,&quot;transition_speed&quot;:500}\" data-widget_type=\"slides.default\">\n\t\t\t\t<div class=\"elementor-widget-container\">\n\t\t\t\t\t\t\t<div class=\"elementor-swiper\">\n\t\t\t<div class=\"elementor-slides-wrapper elementor-main-swiper swiper-container\" dir=\"ltr\" data-animation=\"fadeInUp\">\n\t\t\t\t<div class=\"swiper-wrapper elementor-slides\">\n\t\t\t\t\t\t\t\t\t\t<div class=\"elementor-repeater-item-b6b3769 swiper-slide\"><div class=\"swiper-slide-bg\"><\/div><div class=\"swiper-slide-inner\" ><div class=\"swiper-slide-contents\"><\/div><\/div><\/div>\t\t\t\t<\/div>\n\t\t\t\t\t\t\t<\/div>\n\t\t<\/div>\n\t\t\t\t\t\t<\/div>\n\t\t\t\t<\/div>\n\t\t\t\t\t<\/div>\n\t\t<\/div>\n\t\t\t\t\t<\/div>\n\t\t<\/section>\n\t\t\t\t<section class=\"elementor-section elementor-top-section elementor-element elementor-element-23e5b78 elementor-section-boxed elementor-section-height-default elementor-section-height-default\" data-id=\"23e5b78\" data-element_type=\"section\">\n\t\t\t\t\t\t<div class=\"elementor-container elementor-column-gap-default\">\n\t\t\t\t\t<div class=\"elementor-column elementor-col-100 elementor-top-column elementor-element elementor-element-648c9c5\" data-id=\"648c9c5\" data-element_type=\"column\">\n\t\t\t<div class=\"elementor-widget-wrap elementor-element-populated\">\n\t\t\t\t\t\t<div class=\"elementor-element elementor-element-8a80652 elementor-widget elementor-widget-text-editor\" data-id=\"8a80652\" data-element_type=\"widget\" data-widget_type=\"text-editor.default\">\n\t\t\t\t<div class=\"elementor-widget-container\">\n\t\t\t\t\t\t\t\t\tTestsea posiada zesp\u00f3\u0142 badawczo-rozwojowy kierowany przez lekarzy i mistrz\u00f3w z profesjonalnymi pracownikami i dobrze wyposa\u017conym zapleczem. Zdolno\u015b\u0107 produkcyjna rekombinowanego antygenu osi\u0105gn\u0119\u0142a 18 g\/miesi\u0105c.\nTestsea d\u0105\u017cy do koncepcji \"uczciwo\u015bci, jako\u015bci, odpowiedzialno\u015bci\" i przestrzega jako\u015bci, celu s\u0142u\u017cenia spo\u0142ecze\u0144stwu i ci\u0105g\u0142ego opracowywania nowych wysokiej jako\u015bci materia\u0142\u00f3w diagnostycznych.\n\t\t\t\t\t\t\t\t<\/div>\n\t\t\t\t<\/div>\n\t\t\t\t\t<\/div>\n\t\t<\/div>\n\t\t\t\t\t<\/div>\n\t\t<\/section>\n\t\t\t\t<\/div>","protected":false},"excerpt":{"rendered":"<p>Company Profile History Certificate Company Profile Hangzhou Testsea Biotechnology Co., Ltd. is a national high-tech enterprise, it located in Hangzhou. Testsea has lots of researcher and worker who graduated from zhejiang university and overseas.Testsea is specialized in the research,development, production and sales of raw materials for medical diagnosis and food safety testing. we has applied&hellip; <a class=\"more-link\" href=\"https:\/\/www.testsealabs-kit.com\/pl\/about-us\/\">Czytaj dalej <span class=\"screen-reader-text\">O nas<\/span><\/a><\/p>","protected":false},"author":1,"featured_media":0,"parent":0,"menu_order":0,"comment_status":"closed","ping_status":"closed","template":"elementor_header_footer","meta":{"footnotes":""},"class_list":["post-22","page","type-page","status-publish","hentry","entry"],"_links":{"self":[{"href":"https:\/\/www.testsealabs-kit.com\/pl\/wp-json\/wp\/v2\/pages\/22","targetHints":{"allow":["GET"]}}],"collection":[{"href":"https:\/\/www.testsealabs-kit.com\/pl\/wp-json\/wp\/v2\/pages"}],"about":[{"href":"https:\/\/www.testsealabs-kit.com\/pl\/wp-json\/wp\/v2\/types\/page"}],"author":[{"embeddable":true,"href":"https:\/\/www.testsealabs-kit.com\/pl\/wp-json\/wp\/v2\/users\/1"}],"replies":[{"embeddable":true,"href":"https:\/\/www.testsealabs-kit.com\/pl\/wp-json\/wp\/v2\/comments?post=22"}],"version-history":[{"count":0,"href":"https:\/\/www.testsealabs-kit.com\/pl\/wp-json\/wp\/v2\/pages\/22\/revisions"}],"wp:attachment":[{"href":"https:\/\/www.testsealabs-kit.com\/pl\/wp-json\/wp\/v2\/media?parent=22"}],"curies":[{"name":"wp","href":"https:\/\/api.w.org\/{rel}","templated":true}]}}