{"id":1217,"date":"2022-05-19T11:09:59","date_gmt":"2022-05-19T03:09:59","guid":{"rendered":"https:\/\/www.testsealabs-kit.com\/?post_type=product&#038;p=1217"},"modified":"2025-03-10T15:55:44","modified_gmt":"2025-03-10T07:55:44","slug":"canine-distemper-virus-antigen-testcdv-ag","status":"publish","type":"product","link":"https:\/\/www.testsealabs-kit.com\/pl\/produkt\/canine-distemper-virus-antigen-testcdv-ag\/","title":{"rendered":"Test na antygen wirusa nos\u00f3wki ps\u00f3w (CDV Ag)"},"content":{"rendered":"<p><span style=\"font-size: 14pt;\">1. uzyska\u0107 wynik w ci\u0105gu 15 minut<\/span><\/p>\n<p><span style=\"font-size: 14pt;\">2. \u0142atwe pobieranie pr\u00f3bek<\/span><\/p>\n<p><span style=\"font-size: 14pt;\">3. wyniki s\u0105 wyra\u017anie widoczne<\/span><\/p>\n<p><span style=\"font-size: 14pt;\">4. nie jest wymagany \u017caden sprz\u0119t<\/span><\/p>\n<p><span style=\"font-size: 14pt;\">5. nadaje si\u0119 do szybkich bada\u0144 przesiewowych na du\u017c\u0105 skal\u0119<\/span><\/p>","protected":false},"excerpt":{"rendered":"<p>Produkt jest testem immunochromatograficznym z przep\u0142ywem bocznym do jako\u015bciowego wykrywania antygenu wirusa nos\u00f3wki ps\u00f3w (CDV Ag) w wydzielinach ze \u015bliny, oczu i spoj\u00f3wek.<\/p>\n<p>&nbsp;<\/p>\n<p>Nos\u00f3wka ps\u00f3w jest wyst\u0119puj\u0105c\u0105 na ca\u0142ym \u015bwiecie ostr\u0105 i wysoce zara\u017aliw\u0105 wirusow\u0105 chorob\u0105 zaka\u017an\u0105. Naturalna droga zaka\u017cenia CDV przebiega g\u0142\u00f3wnie przez g\u00f3rne drogi oddechowe. Po zaka\u017ceniu wirusem CDV atakuje on kom\u00f3rki nab\u0142onka jelitowego i kardiomiocyty. G\u0142\u00f3wnymi objawami klinicznymi s\u0105 choroby \u017co\u0142\u0105dkowo-jelitowe i zapalenie mi\u0119\u015bnia sercowego, a wi\u0119kszo\u015b\u0107 szczeni\u0105t ma zapalenie mi\u0119\u015bnia sercowego. Nos\u00f3wka ps\u00f3w jest rodzajem choroby zaka\u017anej o wysokiej cz\u0119sto\u015bci wyst\u0119powania, wysokiej \u015bmiertelno\u015bci i cz\u0119stych wybuchach. Zara\u017cone mog\u0105 by\u0107 psy w r\u00f3\u017cnym wieku, r\u00f3\u017cnej p\u0142ci i rasy.<\/p>","protected":false},"featured_media":1216,"comment_status":"open","ping_status":"closed","template":"","meta":[],"product_brand":[],"product_cat":[20,47],"product_tag":[],"class_list":{"0":"post-1217","1":"product","2":"type-product","3":"status-publish","4":"has-post-thumbnail","6":"product_cat-all-products","7":"product_cat-animals-diagnostic-rapid-test","8":"entry","10":"first","11":"instock","12":"shipping-taxable","13":"product-type-simple"},"_links":{"self":[{"href":"https:\/\/www.testsealabs-kit.com\/pl\/wp-json\/wp\/v2\/product\/1217","targetHints":{"allow":["GET"]}}],"collection":[{"href":"https:\/\/www.testsealabs-kit.com\/pl\/wp-json\/wp\/v2\/product"}],"about":[{"href":"https:\/\/www.testsealabs-kit.com\/pl\/wp-json\/wp\/v2\/types\/product"}],"replies":[{"embeddable":true,"href":"https:\/\/www.testsealabs-kit.com\/pl\/wp-json\/wp\/v2\/comments?post=1217"}],"wp:featuredmedia":[{"embeddable":true,"href":"https:\/\/www.testsealabs-kit.com\/pl\/wp-json\/wp\/v2\/media\/1216"}],"wp:attachment":[{"href":"https:\/\/www.testsealabs-kit.com\/pl\/wp-json\/wp\/v2\/media?parent=1217"}],"wp:term":[{"taxonomy":"product_brand","embeddable":true,"href":"https:\/\/www.testsealabs-kit.com\/pl\/wp-json\/wp\/v2\/product_brand?post=1217"},{"taxonomy":"product_cat","embeddable":true,"href":"https:\/\/www.testsealabs-kit.com\/pl\/wp-json\/wp\/v2\/product_cat?post=1217"},{"taxonomy":"product_tag","embeddable":true,"href":"https:\/\/www.testsealabs-kit.com\/pl\/wp-json\/wp\/v2\/product_tag?post=1217"}],"curies":[{"name":"wp","href":"https:\/\/api.w.org\/{rel}","templated":true}]}}