{"id":1218,"date":"2022-05-19T11:12:44","date_gmt":"2022-05-19T03:12:44","guid":{"rendered":"https:\/\/www.testsealabs-kit.com\/?post_type=product&#038;p=1218"},"modified":"2022-05-19T11:12:44","modified_gmt":"2022-05-19T03:12:44","slug":"canine-coronavirus-antigen-testccv-ag","status":"publish","type":"product","link":"https:\/\/www.testsealabs-kit.com\/pl\/produkt\/canine-coronavirus-antigen-testccv-ag\/","title":{"rendered":"Test na antygen koronawirusa ps\u00f3w (CCV Ag)"},"content":{"rendered":"<p><span style=\"font-size: 14pt;\">1. uzyska\u0107 wynik w ci\u0105gu 15 minut<\/span><br \/>\n<span style=\"font-size: 14pt;\">2. \u0142atwe pobieranie pr\u00f3bek<\/span><br \/>\n<span style=\"font-size: 14pt;\">3. wyniki s\u0105 wyra\u017anie widoczne<\/span><br \/>\n<span style=\"font-size: 14pt;\">4. nie jest wymagany \u017caden sprz\u0119t<\/span><br \/>\n<span style=\"font-size: 14pt;\">5. nadaje si\u0119 do szybkich bada\u0144 przesiewowych na du\u017c\u0105 skal\u0119<\/span><\/p>","protected":false},"excerpt":{"rendered":"<p>Produkt jest kaset\u0105 testow\u0105 do diagnozowania obecno\u015bci antygen\u00f3w koronawirusa ps\u00f3w w pr\u00f3bce ka\u0142u psa. Antygen koronawirusa ps\u00f3w mo\u017cna wykry\u0107 za pomoc\u0105 tego szybkiego testu.<\/p>\n<p>&nbsp;<\/p>\n<p>Produkt nale\u017cy do jednoniciowych wirus\u00f3w RNA, kt\u00f3re mog\u0105 powodowa\u0107 r\u00f3\u017cne stopnie zapalenia \u017co\u0142\u0105dka i jelit, a \u015bmiertelno\u015b\u0107 szczeni\u0105t jest wy\u017csza po zaka\u017ceniu. Okres inkubacji CCV wynosi 1 ~ 8 dni, a infekcja wkr\u00f3tce rozprzestrzeni si\u0119 na ca\u0142\u0105 populacj\u0119.  Zazwyczaj koronawirus ps\u00f3w i parwowirus s\u0105 mieszane, powoduj\u0105c epidemiczn\u0105 biegunk\u0119 u ps\u00f3w.<\/p>","protected":false},"featured_media":1216,"comment_status":"open","ping_status":"closed","template":"","meta":[],"product_brand":[],"product_cat":[20,47],"product_tag":[],"class_list":{"0":"post-1218","1":"product","2":"type-product","3":"status-publish","4":"has-post-thumbnail","6":"product_cat-all-products","7":"product_cat-animals-diagnostic-rapid-test","8":"entry","10":"first","11":"instock","12":"shipping-taxable","13":"product-type-simple"},"_links":{"self":[{"href":"https:\/\/www.testsealabs-kit.com\/pl\/wp-json\/wp\/v2\/product\/1218","targetHints":{"allow":["GET"]}}],"collection":[{"href":"https:\/\/www.testsealabs-kit.com\/pl\/wp-json\/wp\/v2\/product"}],"about":[{"href":"https:\/\/www.testsealabs-kit.com\/pl\/wp-json\/wp\/v2\/types\/product"}],"replies":[{"embeddable":true,"href":"https:\/\/www.testsealabs-kit.com\/pl\/wp-json\/wp\/v2\/comments?post=1218"}],"wp:featuredmedia":[{"embeddable":true,"href":"https:\/\/www.testsealabs-kit.com\/pl\/wp-json\/wp\/v2\/media\/1216"}],"wp:attachment":[{"href":"https:\/\/www.testsealabs-kit.com\/pl\/wp-json\/wp\/v2\/media?parent=1218"}],"wp:term":[{"taxonomy":"product_brand","embeddable":true,"href":"https:\/\/www.testsealabs-kit.com\/pl\/wp-json\/wp\/v2\/product_brand?post=1218"},{"taxonomy":"product_cat","embeddable":true,"href":"https:\/\/www.testsealabs-kit.com\/pl\/wp-json\/wp\/v2\/product_cat?post=1218"},{"taxonomy":"product_tag","embeddable":true,"href":"https:\/\/www.testsealabs-kit.com\/pl\/wp-json\/wp\/v2\/product_tag?post=1218"}],"curies":[{"name":"wp","href":"https:\/\/api.w.org\/{rel}","templated":true}]}}