{"id":1225,"date":"2022-05-19T11:32:42","date_gmt":"2022-05-19T03:32:42","guid":{"rendered":"https:\/\/www.testsealabs-kit.com\/?post_type=product&#038;p=1225"},"modified":"2022-05-19T11:32:42","modified_gmt":"2022-05-19T03:32:42","slug":"canine-heartworm-antigen-testchw-ag","status":"publish","type":"product","link":"https:\/\/www.testsealabs-kit.com\/pl\/produkt\/canine-heartworm-antigen-testchw-ag\/","title":{"rendered":"Test na obecno\u015b\u0107 antygenu nicieni sercowych u ps\u00f3w (CHW Ag)"},"content":{"rendered":"<p><span style=\"font-size: 14pt;\">1. uzyska\u0107 wynik w ci\u0105gu 15 minut<\/span><br \/>\n<span style=\"font-size: 14pt;\">2. \u0142atwe pobieranie pr\u00f3bek<\/span><br \/>\n<span style=\"font-size: 14pt;\">3. wyniki s\u0105 wyra\u017anie widoczne<\/span><br \/>\n<span style=\"font-size: 14pt;\">4. nie jest wymagany \u017caden sprz\u0119t<\/span><br \/>\n<span style=\"font-size: 14pt;\">5. nadaje si\u0119 do szybkich bada\u0144 przesiewowych na du\u017c\u0105 skal\u0119<\/span><\/p>","protected":false},"excerpt":{"rendered":"<p>Produkt jest testem immunochromatograficznym typu sandwich z przep\u0142ywem bocznym do jako\u015bciowego wykrywania antygenu nicieni sercowych ps\u00f3w (CHW Ag) w pe\u0142nej krwi\/surowicy ps\u00f3w.<\/p>\n<p>&nbsp;<\/p>\n<p>CHW jest chorob\u0105 zaka\u017an\u0105, kt\u00f3r\u0105 mog\u0105 zarazi\u0107 si\u0119 psy w ka\u017cdym wieku poprzez uk\u0105szenie komara. Poniewa\u017c CHW \u017cyje w sercu psa, mo\u017ce powodowa\u0107 przewlek\u0142e zapalenie wsierdzia, przerost serca i rozszerzenie prawej komory. Gdy infekcja jest ci\u0119\u017cka, zator \u017cylny mo\u017ce prowadzi\u0107 do wodobrzusza i powi\u0119kszenia w\u0105troby.<\/p>","protected":false},"featured_media":1216,"comment_status":"open","ping_status":"closed","template":"","meta":[],"product_brand":[],"product_cat":[20,47],"product_tag":[],"class_list":{"0":"post-1225","1":"product","2":"type-product","3":"status-publish","4":"has-post-thumbnail","6":"product_cat-all-products","7":"product_cat-animals-diagnostic-rapid-test","8":"entry","10":"first","11":"instock","12":"shipping-taxable","13":"product-type-simple"},"_links":{"self":[{"href":"https:\/\/www.testsealabs-kit.com\/pl\/wp-json\/wp\/v2\/product\/1225","targetHints":{"allow":["GET"]}}],"collection":[{"href":"https:\/\/www.testsealabs-kit.com\/pl\/wp-json\/wp\/v2\/product"}],"about":[{"href":"https:\/\/www.testsealabs-kit.com\/pl\/wp-json\/wp\/v2\/types\/product"}],"replies":[{"embeddable":true,"href":"https:\/\/www.testsealabs-kit.com\/pl\/wp-json\/wp\/v2\/comments?post=1225"}],"wp:featuredmedia":[{"embeddable":true,"href":"https:\/\/www.testsealabs-kit.com\/pl\/wp-json\/wp\/v2\/media\/1216"}],"wp:attachment":[{"href":"https:\/\/www.testsealabs-kit.com\/pl\/wp-json\/wp\/v2\/media?parent=1225"}],"wp:term":[{"taxonomy":"product_brand","embeddable":true,"href":"https:\/\/www.testsealabs-kit.com\/pl\/wp-json\/wp\/v2\/product_brand?post=1225"},{"taxonomy":"product_cat","embeddable":true,"href":"https:\/\/www.testsealabs-kit.com\/pl\/wp-json\/wp\/v2\/product_cat?post=1225"},{"taxonomy":"product_tag","embeddable":true,"href":"https:\/\/www.testsealabs-kit.com\/pl\/wp-json\/wp\/v2\/product_tag?post=1225"}],"curies":[{"name":"wp","href":"https:\/\/api.w.org\/{rel}","templated":true}]}}