{"id":1231,"date":"2022-05-19T11:43:56","date_gmt":"2022-05-19T03:43:56","guid":{"rendered":"https:\/\/www.testsealabs-kit.com\/?post_type=product&#038;p=1231"},"modified":"2022-05-19T11:43:56","modified_gmt":"2022-05-19T03:43:56","slug":"canine-toxoplasma-antibody-testc-toxo-ab","status":"publish","type":"product","link":"https:\/\/www.testsealabs-kit.com\/pl\/produkt\/canine-toxoplasma-antibody-testc-toxo-ab\/","title":{"rendered":"Test na obecno\u015b\u0107 przeciwcia\u0142 Toxoplasma u ps\u00f3w (C.TOXO Ab)"},"content":{"rendered":"<p><span style=\"font-size: 14pt;\">1. uzyska\u0107 wynik w ci\u0105gu 15 minut<\/span><br \/>\n<span style=\"font-size: 14pt;\">2. \u0142atwe pobieranie pr\u00f3bek<\/span><br \/>\n<span style=\"font-size: 14pt;\">3. wyniki s\u0105 wyra\u017anie widoczne<\/span><br \/>\n<span style=\"font-size: 14pt;\">4. nie jest wymagany \u017caden sprz\u0119t<\/span><br \/>\n<span style=\"font-size: 14pt;\">5. nadaje si\u0119 do szybkich bada\u0144 przesiewowych na du\u017c\u0105 skal\u0119<\/span><\/p>","protected":false},"excerpt":{"rendered":"<p>Produkt jest jako\u015bciowym testem immunochromatograficznym opartym na z\u0142ocie koloidalnym do wykrywania przeciwcia\u0142 Toxoplasma.<\/p>\n<p>&nbsp;<\/p>\n<p>Toksoplazmoza to rodzaj choroby odzwierz\u0119cej wywo\u0142ywanej przez Toxoplasma gondii, kt\u00f3ra wyst\u0119puje na ca\u0142ym \u015bwiecie i powa\u017cnie zagra\u017ca zdrowiu ludzkiemu. Toxoplasma gondii mo\u017ce zara\u017ca\u0107 wszystkie rodzaje zwierz\u0105t gospodarskich i dzikich, ale najbardziej podatne s\u0105 na ni\u0105 m\u0142ode zwierz\u0119ta. G\u0142\u00f3wn\u0105 drog\u0105 zaka\u017cenia jest droga pokarmowa. Po po\u0142kni\u0119ciu zarod\u017aca Toxoplasma gondii przez zdrowego psa, wydostaje si\u0119 on z przewodu pokarmowego i przedostaje si\u0119 do tkanek organizmu z kr\u0105\u017ceniem krwi, a nast\u0119pnie atakuje i szybko namna\u017ca si\u0119 w kom\u00f3rkach i przekszta\u0142ca si\u0119 w wewn\u0105trzkom\u00f3rkow\u0105 pseudocyst\u0119, powoduj\u0105c objawy kliniczne.<\/p>","protected":false},"featured_media":1216,"comment_status":"open","ping_status":"closed","template":"","meta":[],"product_brand":[],"product_cat":[20,47],"product_tag":[],"class_list":{"0":"post-1231","1":"product","2":"type-product","3":"status-publish","4":"has-post-thumbnail","6":"product_cat-all-products","7":"product_cat-animals-diagnostic-rapid-test","8":"entry","10":"first","11":"instock","12":"shipping-taxable","13":"product-type-simple"},"_links":{"self":[{"href":"https:\/\/www.testsealabs-kit.com\/pl\/wp-json\/wp\/v2\/product\/1231","targetHints":{"allow":["GET"]}}],"collection":[{"href":"https:\/\/www.testsealabs-kit.com\/pl\/wp-json\/wp\/v2\/product"}],"about":[{"href":"https:\/\/www.testsealabs-kit.com\/pl\/wp-json\/wp\/v2\/types\/product"}],"replies":[{"embeddable":true,"href":"https:\/\/www.testsealabs-kit.com\/pl\/wp-json\/wp\/v2\/comments?post=1231"}],"wp:featuredmedia":[{"embeddable":true,"href":"https:\/\/www.testsealabs-kit.com\/pl\/wp-json\/wp\/v2\/media\/1216"}],"wp:attachment":[{"href":"https:\/\/www.testsealabs-kit.com\/pl\/wp-json\/wp\/v2\/media?parent=1231"}],"wp:term":[{"taxonomy":"product_brand","embeddable":true,"href":"https:\/\/www.testsealabs-kit.com\/pl\/wp-json\/wp\/v2\/product_brand?post=1231"},{"taxonomy":"product_cat","embeddable":true,"href":"https:\/\/www.testsealabs-kit.com\/pl\/wp-json\/wp\/v2\/product_cat?post=1231"},{"taxonomy":"product_tag","embeddable":true,"href":"https:\/\/www.testsealabs-kit.com\/pl\/wp-json\/wp\/v2\/product_tag?post=1231"}],"curies":[{"name":"wp","href":"https:\/\/api.w.org\/{rel}","templated":true}]}}