{"id":1235,"date":"2022-05-19T12:00:01","date_gmt":"2022-05-19T04:00:01","guid":{"rendered":"https:\/\/www.testsealabs-kit.com\/?post_type=product&#038;p=1235"},"modified":"2026-02-06T12:36:57","modified_gmt":"2026-02-06T04:36:57","slug":"rabies-antibody-testrabies-ab","status":"publish","type":"product","link":"https:\/\/www.testsealabs-kit.com\/pl\/produkt\/rabies-antibody-testrabies-ab\/","title":{"rendered":"Test na obecno\u015b\u0107 przeciwcia\u0142 przeciwko w\u015bciekli\u017anie (Rabies Ab)"},"content":{"rendered":"<p><span style=\"font-size: 14pt;\">1. uzyska\u0107 wynik w ci\u0105gu 15 minut<\/span><br \/>\n<span style=\"font-size: 14pt;\">2. \u0142atwe pobieranie pr\u00f3bek<\/span><br \/>\n<span style=\"font-size: 14pt;\">3. wyniki s\u0105 wyra\u017anie widoczne<\/span><br \/>\n<span style=\"font-size: 14pt;\">4. nie jest wymagany \u017caden sprz\u0119t<\/span><br \/>\n<span style=\"font-size: 14pt;\">5. nadaje si\u0119 do szybkich bada\u0144 przesiewowych na du\u017c\u0105 skal\u0119<\/span><\/p>","protected":false},"excerpt":{"rendered":"<p>Test na przeciwcia\u0142a w\u015bcieklizny jest testem immunochromatograficznym z bocznym przep\u0142ywem do jako\u015bciowego wykrywania przeciwcia\u0142 wirusa w\u015bcieklizny (Rabies Ab) powy\u017cej poziomu 0,5 IU \/ ml w pe\u0142nej krwi \/ surowicy psa.<\/p>\n<p>&nbsp;<\/p>\n<p>Produkt jest istotn\u0105 chorob\u0105 zar\u00f3wno dla zwierz\u0105t, jak i ludzi. Pies lub kot mo\u017ce by\u0107 nosicielem bez \u017cadnych objaw\u00f3w klinicznych. Szczepienie mo\u017ce pozornie zmniejszy\u0107 stosunek nosicielstwa i zaka\u017cenia wirusem w\u015bcieklizny. Jednak nawet po szczepieniu nadal istnieje oko\u0142o 15% wszystkich przypadk\u00f3w, w kt\u00f3rych nie uda\u0142o si\u0119 wytworzy\u0107 przeciwcia\u0142 ochronnych. Sugeruje si\u0119 wykrycie przeciwcia\u0142 w\u015bcieklizny u ps\u00f3w po 45 dniach od szczepienia.<\/p>","protected":false},"featured_media":1216,"comment_status":"open","ping_status":"closed","template":"","meta":[],"product_brand":[],"product_cat":[20,47],"product_tag":[],"class_list":{"0":"post-1235","1":"product","2":"type-product","3":"status-publish","4":"has-post-thumbnail","6":"product_cat-all-products","7":"product_cat-animals-diagnostic-rapid-test","8":"entry","10":"first","11":"instock","12":"shipping-taxable","13":"product-type-simple"},"_links":{"self":[{"href":"https:\/\/www.testsealabs-kit.com\/pl\/wp-json\/wp\/v2\/product\/1235","targetHints":{"allow":["GET"]}}],"collection":[{"href":"https:\/\/www.testsealabs-kit.com\/pl\/wp-json\/wp\/v2\/product"}],"about":[{"href":"https:\/\/www.testsealabs-kit.com\/pl\/wp-json\/wp\/v2\/types\/product"}],"replies":[{"embeddable":true,"href":"https:\/\/www.testsealabs-kit.com\/pl\/wp-json\/wp\/v2\/comments?post=1235"}],"wp:featuredmedia":[{"embeddable":true,"href":"https:\/\/www.testsealabs-kit.com\/pl\/wp-json\/wp\/v2\/media\/1216"}],"wp:attachment":[{"href":"https:\/\/www.testsealabs-kit.com\/pl\/wp-json\/wp\/v2\/media?parent=1235"}],"wp:term":[{"taxonomy":"product_brand","embeddable":true,"href":"https:\/\/www.testsealabs-kit.com\/pl\/wp-json\/wp\/v2\/product_brand?post=1235"},{"taxonomy":"product_cat","embeddable":true,"href":"https:\/\/www.testsealabs-kit.com\/pl\/wp-json\/wp\/v2\/product_cat?post=1235"},{"taxonomy":"product_tag","embeddable":true,"href":"https:\/\/www.testsealabs-kit.com\/pl\/wp-json\/wp\/v2\/product_tag?post=1235"}],"curies":[{"name":"wp","href":"https:\/\/api.w.org\/{rel}","templated":true}]}}