{"id":1241,"date":"2022-05-19T13:28:32","date_gmt":"2022-05-19T05:28:32","guid":{"rendered":"https:\/\/www.testsealabs-kit.com\/?post_type=product&#038;p=1241"},"modified":"2022-05-19T14:10:01","modified_gmt":"2022-05-19T06:10:01","slug":"positive-two-lines-appear-one-line-should-always-appear-in-the-control-line-regionc-and-another-one-apparent-colored-line-should-appear-in-the-test-line-region-negative-one-colored-line-appear","status":"publish","type":"product","link":"https:\/\/www.testsealabs-kit.com\/pl\/produkt\/positive-two-lines-appear-one-line-should-always-appear-in-the-control-line-regionc-and-another-one-apparent-colored-line-should-appear-in-the-test-line-region-negative-one-colored-line-appear\/","title":{"rendered":"Kaseta testowa antygenu COVID-19"},"content":{"rendered":"<p><span style=\"font-size: 14pt;\">1. uzyska\u0107 wynik w ci\u0105gu 15 minut<\/span><br \/>\n<span style=\"font-size: 14pt;\">2. \u0142atwe pobieranie pr\u00f3bek<\/span><br \/>\n<span style=\"font-size: 14pt;\">3. wyniki s\u0105 wyra\u017anie widoczne<\/span><br \/>\n<span style=\"font-size: 14pt;\">4. nie jest wymagany \u017caden sprz\u0119t<\/span><br \/>\n<span style=\"font-size: 14pt;\">5. nadaje si\u0119 do szybkich bada\u0144 przesiewowych na du\u017c\u0105 skal\u0119<\/span><\/p>","protected":false},"excerpt":{"rendered":"<p>Produkt s\u0142u\u017cy do jako\u015bciowego wykrywania antygenu COVID-19 w wymazach z nosa. Test jest przeznaczony do samodzielnego wykonania.<\/p>","protected":false},"featured_media":1242,"comment_status":"open","ping_status":"closed","template":"","meta":[],"product_brand":[],"product_cat":[20,26],"product_tag":[],"class_list":{"0":"post-1241","1":"product","2":"type-product","3":"status-publish","4":"has-post-thumbnail","6":"product_cat-all-products","7":"product_cat-covid-19-sars-cov-2-rapid-test","8":"entry","10":"first","11":"instock","12":"shipping-taxable","13":"product-type-simple"},"_links":{"self":[{"href":"https:\/\/www.testsealabs-kit.com\/pl\/wp-json\/wp\/v2\/product\/1241","targetHints":{"allow":["GET"]}}],"collection":[{"href":"https:\/\/www.testsealabs-kit.com\/pl\/wp-json\/wp\/v2\/product"}],"about":[{"href":"https:\/\/www.testsealabs-kit.com\/pl\/wp-json\/wp\/v2\/types\/product"}],"replies":[{"embeddable":true,"href":"https:\/\/www.testsealabs-kit.com\/pl\/wp-json\/wp\/v2\/comments?post=1241"}],"wp:featuredmedia":[{"embeddable":true,"href":"https:\/\/www.testsealabs-kit.com\/pl\/wp-json\/wp\/v2\/media\/1242"}],"wp:attachment":[{"href":"https:\/\/www.testsealabs-kit.com\/pl\/wp-json\/wp\/v2\/media?parent=1241"}],"wp:term":[{"taxonomy":"product_brand","embeddable":true,"href":"https:\/\/www.testsealabs-kit.com\/pl\/wp-json\/wp\/v2\/product_brand?post=1241"},{"taxonomy":"product_cat","embeddable":true,"href":"https:\/\/www.testsealabs-kit.com\/pl\/wp-json\/wp\/v2\/product_cat?post=1241"},{"taxonomy":"product_tag","embeddable":true,"href":"https:\/\/www.testsealabs-kit.com\/pl\/wp-json\/wp\/v2\/product_tag?post=1241"}],"curies":[{"name":"wp","href":"https:\/\/api.w.org\/{rel}","templated":true}]}}