{"id":749,"date":"2022-04-07T02:00:56","date_gmt":"2022-04-06T18:00:56","guid":{"rendered":"https:\/\/www.testsealabs-kit.com\/?post_type=product&#038;p=749"},"modified":"2026-04-29T19:57:30","modified_gmt":"2026-04-29T11:57:30","slug":"covid-19-antigen-test-cassette-self-test","status":"publish","type":"product","link":"https:\/\/www.testsealabs-kit.com\/pl\/produkt\/covid-19-antigen-test-cassette-self-test\/","title":{"rendered":"Test na obecno\u015b\u0107 antygenu COVID-19 Test kasetowy - wymaz z nosa"},"content":{"rendered":"<p>\u3010Przeznaczenie\u3011<\/p>\n<p>Kaseta testowa antygenu COVID-19 to szybki test do jako\u015bciowego wykrywania antygenu nukleokapsydu SARS-CoV-2 w wymazach z przedniej cz\u0119\u015bci nosa. S\u0142u\u017cy do pomocy w diagnozowaniu zaka\u017cenia SARS-CoV-2, kt\u00f3re mo\u017ce prowadzi\u0107 do choroby COVID-19. Test mo\u017cna przeprowadzi\u0107 w dowolnym momencie i jest on odpowiedni dla os\u00f3b z objawami. Osobom niepe\u0142noletnim w wykonaniu testu musz\u0105 pomaga\u0107 osoby doros\u0142e Zaleca si\u0119 stosowanie tego testu wy\u0142\u0105cznie jako uzupe\u0142nienie innych procedur diagnostycznych. Test jest przeznaczony do samodzielnego wykonania przez laik\u00f3w i mo\u017ce by\u0107 przeprowadzony poza laboratorium.<\/p>\n<p>\u3010Certyfikat\u3011<\/p>\n<p>CE, ISO9001, ISO13485<\/p>","protected":false},"excerpt":{"rendered":"<p>Test na antygen COVID-19 Kasetowy test na selfie \u7b80\u77ed\u63cf\u8ff0<\/p>","protected":false},"featured_media":682,"comment_status":"open","ping_status":"closed","template":"","meta":[],"product_brand":[],"product_cat":[20,26],"product_tag":[],"class_list":{"0":"post-749","1":"product","2":"type-product","3":"status-publish","4":"has-post-thumbnail","6":"product_cat-all-products","7":"product_cat-covid-19-sars-cov-2-rapid-test","8":"entry","10":"first","11":"instock","12":"shipping-taxable","13":"purchasable","14":"product-type-variable","15":"has-default-attributes"},"_links":{"self":[{"href":"https:\/\/www.testsealabs-kit.com\/pl\/wp-json\/wp\/v2\/product\/749","targetHints":{"allow":["GET"]}}],"collection":[{"href":"https:\/\/www.testsealabs-kit.com\/pl\/wp-json\/wp\/v2\/product"}],"about":[{"href":"https:\/\/www.testsealabs-kit.com\/pl\/wp-json\/wp\/v2\/types\/product"}],"replies":[{"embeddable":true,"href":"https:\/\/www.testsealabs-kit.com\/pl\/wp-json\/wp\/v2\/comments?post=749"}],"wp:featuredmedia":[{"embeddable":true,"href":"https:\/\/www.testsealabs-kit.com\/pl\/wp-json\/wp\/v2\/media\/682"}],"wp:attachment":[{"href":"https:\/\/www.testsealabs-kit.com\/pl\/wp-json\/wp\/v2\/media?parent=749"}],"wp:term":[{"taxonomy":"product_brand","embeddable":true,"href":"https:\/\/www.testsealabs-kit.com\/pl\/wp-json\/wp\/v2\/product_brand?post=749"},{"taxonomy":"product_cat","embeddable":true,"href":"https:\/\/www.testsealabs-kit.com\/pl\/wp-json\/wp\/v2\/product_cat?post=749"},{"taxonomy":"product_tag","embeddable":true,"href":"https:\/\/www.testsealabs-kit.com\/pl\/wp-json\/wp\/v2\/product_tag?post=749"}],"curies":[{"name":"wp","href":"https:\/\/api.w.org\/{rel}","templated":true}]}}