{"id":932,"date":"2022-04-25T20:35:08","date_gmt":"2022-04-25T12:35:08","guid":{"rendered":"https:\/\/www.testsealabs-kit.com\/?post_type=product&#038;p=932"},"modified":"2022-04-29T22:50:01","modified_gmt":"2022-04-29T14:50:01","slug":"covid-19-antigen-test-cassette-professional-use-lollipop-style-saliva","status":"publish","type":"product","link":"https:\/\/www.testsealabs-kit.com\/pl\/produkt\/covid-19-antigen-test-cassette-professional-use-lollipop-style-saliva\/","title":{"rendered":"Kaseta testowa na antygen COVID-19 - do u\u017cytku profesjonalnego - \u015blina typu lizak"},"content":{"rendered":"<p>\u3010Przeznaczenie\u3011<\/p>\n<p>Kaseta testowa antygenu COVID-19 to szybki test do jako\u015bciowego wykrywania antygenu nukleokapsydowego SARS-CoV-2 w pr\u00f3bce \u015bliny. S\u0142u\u017cy do pomocy w diagnozowaniu zaka\u017cenia SARS-CoV-2, kt\u00f3re mo\u017ce prowadzi\u0107 do choroby COVID-19.<\/p>\n<p>Test mo\u017cna przeprowadzi\u0107 w dowolnym momencie i jest on odpowiedni zar\u00f3wno dla os\u00f3b z objawami, jak i bezobjawowych. Osoby niepe\u0142noletnie musz\u0105 by\u0107 wspomagane podczas testu przez osoby doros\u0142e.<\/p>\n<p>Zaleca si\u0119 stosowanie tego testu wy\u0142\u0105cznie jako uzupe\u0142nienie innych procedur diagnostycznych. Test jest przeznaczony do u\u017cytku profesjonalnego.<\/p>\n<p>\u3010Certyfikat\u3011<\/p>\n<p>CE, ISO9001, ISO13485<\/p>","protected":false},"excerpt":{"rendered":"<p>Test na antygen COVID-19 Kasetowy test na selfie \u7b80\u77ed\u63cf\u8ff0<\/p>","protected":false},"featured_media":939,"comment_status":"open","ping_status":"closed","template":"","meta":[],"product_brand":[],"product_cat":[20,26],"product_tag":[],"class_list":{"0":"post-932","1":"product","2":"type-product","3":"status-publish","4":"has-post-thumbnail","6":"product_cat-all-products","7":"product_cat-covid-19-sars-cov-2-rapid-test","8":"entry","10":"first","11":"instock","12":"shipping-taxable","13":"purchasable","14":"product-type-variable","15":"has-default-attributes"},"_links":{"self":[{"href":"https:\/\/www.testsealabs-kit.com\/pl\/wp-json\/wp\/v2\/product\/932","targetHints":{"allow":["GET"]}}],"collection":[{"href":"https:\/\/www.testsealabs-kit.com\/pl\/wp-json\/wp\/v2\/product"}],"about":[{"href":"https:\/\/www.testsealabs-kit.com\/pl\/wp-json\/wp\/v2\/types\/product"}],"replies":[{"embeddable":true,"href":"https:\/\/www.testsealabs-kit.com\/pl\/wp-json\/wp\/v2\/comments?post=932"}],"wp:featuredmedia":[{"embeddable":true,"href":"https:\/\/www.testsealabs-kit.com\/pl\/wp-json\/wp\/v2\/media\/939"}],"wp:attachment":[{"href":"https:\/\/www.testsealabs-kit.com\/pl\/wp-json\/wp\/v2\/media?parent=932"}],"wp:term":[{"taxonomy":"product_brand","embeddable":true,"href":"https:\/\/www.testsealabs-kit.com\/pl\/wp-json\/wp\/v2\/product_brand?post=932"},{"taxonomy":"product_cat","embeddable":true,"href":"https:\/\/www.testsealabs-kit.com\/pl\/wp-json\/wp\/v2\/product_cat?post=932"},{"taxonomy":"product_tag","embeddable":true,"href":"https:\/\/www.testsealabs-kit.com\/pl\/wp-json\/wp\/v2\/product_tag?post=932"}],"curies":[{"name":"wp","href":"https:\/\/api.w.org\/{rel}","templated":true}]}}