{"id":945,"date":"2022-04-25T20:40:10","date_gmt":"2022-04-25T12:40:10","guid":{"rendered":"https:\/\/www.testsealabs-kit.com\/?post_type=product&#038;p=945"},"modified":"2022-05-10T23:01:59","modified_gmt":"2022-05-10T15:01:59","slug":"flu-a-b-covid-19-antigen-combo-test-cassette-professional-use","status":"publish","type":"product","link":"https:\/\/www.testsealabs-kit.com\/pl\/produkt\/flu-a-b-covid-19-antigen-combo-test-cassette-professional-use\/","title":{"rendered":"Kaseta testowa z antygenem grypy A\/B + COVID-19 do u\u017cytku profesjonalnego"},"content":{"rendered":"<p>\u3010Przeznaczenie\u3011<\/p>\n<p>Test jest przeznaczony do jednoczesnego szybkiego wykrywania i r\u00f3\u017cnicowania in vitro<\/p>\n<p>wirusa grypy A, wirusa grypy B i antygenu bia\u0142ka nukleokapsydu wirusa COVID-19, ale nie<\/p>\n<p>nie rozr\u00f3\u017cnia wirus\u00f3w SARS-CoV i COVID-19 i nie jest przeznaczony do wykrywania<\/p>\n<p>antygen\u00f3w grypy typu C. Charakterystyka dzia\u0142ania mo\u017ce si\u0119 r\u00f3\u017cni\u0107 w przypadku innych pojawiaj\u0105cych si\u0119 gryp<\/p>\n<p>wirusy.<\/p>\n<p>Antygeny wirus\u00f3w grypy A, grypy B i COVID-19 s\u0105 zazwyczaj wykrywalne w pr\u00f3bkach pobranych z g\u00f3rnych dr\u00f3g oddechowych w ostrej fazie zaka\u017cenia. Pozytywne wyniki wskazuj\u0105 na obecno\u015b\u0107 antygen\u00f3w wirusowych, ale do okre\u015blenia stanu zaka\u017cenia konieczna jest korelacja kliniczna z histori\u0105 pacjenta i innymi informacjami diagnostycznymi.<\/p>\n<p>Pozytywne wyniki nie wykluczaj\u0105 infekcji bakteryjnej lub wsp\u00f3\u0142zaka\u017cenia innymi wirusami. Czynnik<\/p>\n<p>mo\u017ce nie by\u0107 jednoznaczn\u0105 przyczyn\u0105 choroby.<\/p>\n<p>Ujemne wyniki COVID-19 od pacjent\u00f3w z objawami wyst\u0119puj\u0105cymi po pi\u0119ciu dniach powinny by\u0107<\/p>\n<p>traktowane jako przypuszczalne i potwierdzone testem molekularnym, je\u015bli to konieczne, dla pacjenta<\/p>\n<p>zarz\u0105dzanie, mo\u017cna wykona\u0107. Negatywne wyniki nie wykluczaj\u0105 COVID-19 i nie powinny by\u0107 brane pod uwag\u0119.<\/p>\n<p>wykorzystywane jako jedyna podstawa decyzji dotycz\u0105cych leczenia lub post\u0119powania z pacjentem, w tym zaka\u017ce\u0144<\/p>\n<p>decyzje dotycz\u0105ce kontroli. Ujemne wyniki nale\u017cy rozpatrywa\u0107 w kontek\u015bcie ostatnich<\/p>\n<p>nara\u017cenia, historii i obecno\u015bci objaw\u00f3w klinicznych zgodnych z COVID-19.<\/p>\n<p>Ujemne wyniki nie wykluczaj\u0105 zaka\u017cenia wirusem grypy i nie powinny by\u0107 wykorzystywane jako jedyny dow\u00f3d.<\/p>\n<p>podstawa do leczenia lub innych decyzji dotycz\u0105cych post\u0119powania z pacjentem.<\/p>\n<p>\u3010Certyfikat\u3011<\/p>\n<p>CE, ISO9001, ISO13485<\/p>","protected":false},"excerpt":{"rendered":"<p>Test na antygen COVID-19 Kasetowy test na selfie \u7b80\u77ed\u63cf\u8ff0<\/p>","protected":false},"featured_media":948,"comment_status":"open","ping_status":"closed","template":"","meta":[],"product_brand":[],"product_cat":[20,26],"product_tag":[],"class_list":{"0":"post-945","1":"product","2":"type-product","3":"status-publish","4":"has-post-thumbnail","6":"product_cat-all-products","7":"product_cat-covid-19-sars-cov-2-rapid-test","8":"entry","10":"first","11":"instock","12":"shipping-taxable","13":"purchasable","14":"product-type-variable","15":"has-default-attributes"},"_links":{"self":[{"href":"https:\/\/www.testsealabs-kit.com\/pl\/wp-json\/wp\/v2\/product\/945","targetHints":{"allow":["GET"]}}],"collection":[{"href":"https:\/\/www.testsealabs-kit.com\/pl\/wp-json\/wp\/v2\/product"}],"about":[{"href":"https:\/\/www.testsealabs-kit.com\/pl\/wp-json\/wp\/v2\/types\/product"}],"replies":[{"embeddable":true,"href":"https:\/\/www.testsealabs-kit.com\/pl\/wp-json\/wp\/v2\/comments?post=945"}],"wp:featuredmedia":[{"embeddable":true,"href":"https:\/\/www.testsealabs-kit.com\/pl\/wp-json\/wp\/v2\/media\/948"}],"wp:attachment":[{"href":"https:\/\/www.testsealabs-kit.com\/pl\/wp-json\/wp\/v2\/media?parent=945"}],"wp:term":[{"taxonomy":"product_brand","embeddable":true,"href":"https:\/\/www.testsealabs-kit.com\/pl\/wp-json\/wp\/v2\/product_brand?post=945"},{"taxonomy":"product_cat","embeddable":true,"href":"https:\/\/www.testsealabs-kit.com\/pl\/wp-json\/wp\/v2\/product_cat?post=945"},{"taxonomy":"product_tag","embeddable":true,"href":"https:\/\/www.testsealabs-kit.com\/pl\/wp-json\/wp\/v2\/product_tag?post=945"}],"curies":[{"name":"wp","href":"https:\/\/api.w.org\/{rel}","templated":true}]}}