{"id":991,"date":"2022-04-25T21:15:23","date_gmt":"2022-04-25T13:15:23","guid":{"rendered":"https:\/\/www.testsealabs-kit.com\/?post_type=product&#038;p=991"},"modified":"2022-05-19T11:06:22","modified_gmt":"2022-05-19T03:06:22","slug":"canine-parvo-virus-antigen-test-cassettecpv-ag","status":"publish","type":"product","link":"https:\/\/www.testsealabs-kit.com\/pl\/produkt\/canine-parvo-virus-antigen-test-cassettecpv-ag\/","title":{"rendered":"Kaseta testowa antygenu wirusa parwowirozy ps\u00f3w (CPV AG)"},"content":{"rendered":"<p><span style=\"font-size: 14pt;\">1. uzyska\u0107 wynik w ci\u0105gu 15 minut<\/span><\/p>\n<p><span style=\"font-size: 14pt;\">2. \u0142atwe pobieranie pr\u00f3bek<\/span><\/p>\n<p><span style=\"font-size: 14pt;\">3. wyniki s\u0105 wyra\u017anie widoczne<\/span><\/p>\n<p><span style=\"font-size: 14pt;\">4. nie jest wymagany \u017caden sprz\u0119t<\/span><\/p>\n<p><span style=\"font-size: 14pt;\">5. nadaje si\u0119 do szybkich bada\u0144 przesiewowych na du\u017c\u0105 skal\u0119<\/span><\/p>","protected":false},"excerpt":{"rendered":"<p>Produkt jest testem immunochromatograficznym z przep\u0142ywem bocznym do jako\u015bciowego wykrywania antygen\u00f3w parwowirusa ps\u00f3w (CPV Ag) w kale psa.<\/p>\n<p>&nbsp;<\/p>\n<p>Po zaka\u017ceniu CPV atakuje kom\u00f3rki nab\u0142onka jelitowego i mi\u0119\u015bnia sercowego ps\u00f3w, a objawami klinicznymi s\u0105 choroby \u017co\u0142\u0105dkowo-jelitowe i zapalenie mi\u0119\u015bnia sercowego, u szczeni\u0105t g\u0142\u00f3wnie zapalenie mi\u0119\u015bnia sercowego. Po zaka\u017ceniu psy b\u0119d\u0105 mia\u0142y wysoki wska\u017anik zachorowalno\u015bci i \u015bmiertelno\u015bci. CPV cz\u0119sto wywo\u0142uje epidemi\u0119, a psy w r\u00f3\u017cnym wieku, r\u00f3\u017cnej p\u0142ci i r\u00f3\u017cnych ras mog\u0105 by\u0107 zara\u017cone.<\/p>","protected":false},"featured_media":1216,"comment_status":"open","ping_status":"closed","template":"","meta":[],"product_brand":[],"product_cat":[20,47],"product_tag":[],"class_list":{"0":"post-991","1":"product","2":"type-product","3":"status-publish","4":"has-post-thumbnail","6":"product_cat-all-products","7":"product_cat-animals-diagnostic-rapid-test","8":"entry","10":"first","11":"instock","12":"shipping-taxable","13":"purchasable","14":"product-type-variable","15":"has-default-attributes"},"_links":{"self":[{"href":"https:\/\/www.testsealabs-kit.com\/pl\/wp-json\/wp\/v2\/product\/991","targetHints":{"allow":["GET"]}}],"collection":[{"href":"https:\/\/www.testsealabs-kit.com\/pl\/wp-json\/wp\/v2\/product"}],"about":[{"href":"https:\/\/www.testsealabs-kit.com\/pl\/wp-json\/wp\/v2\/types\/product"}],"replies":[{"embeddable":true,"href":"https:\/\/www.testsealabs-kit.com\/pl\/wp-json\/wp\/v2\/comments?post=991"}],"wp:featuredmedia":[{"embeddable":true,"href":"https:\/\/www.testsealabs-kit.com\/pl\/wp-json\/wp\/v2\/media\/1216"}],"wp:attachment":[{"href":"https:\/\/www.testsealabs-kit.com\/pl\/wp-json\/wp\/v2\/media?parent=991"}],"wp:term":[{"taxonomy":"product_brand","embeddable":true,"href":"https:\/\/www.testsealabs-kit.com\/pl\/wp-json\/wp\/v2\/product_brand?post=991"},{"taxonomy":"product_cat","embeddable":true,"href":"https:\/\/www.testsealabs-kit.com\/pl\/wp-json\/wp\/v2\/product_cat?post=991"},{"taxonomy":"product_tag","embeddable":true,"href":"https:\/\/www.testsealabs-kit.com\/pl\/wp-json\/wp\/v2\/product_tag?post=991"}],"curies":[{"name":"wp","href":"https:\/\/api.w.org\/{rel}","templated":true}]}}