{"id":1217,"date":"2022-05-19T11:09:59","date_gmt":"2022-05-19T03:09:59","guid":{"rendered":"https:\/\/www.testsealabs-kit.com\/?post_type=product&#038;p=1217"},"modified":"2025-03-10T15:55:44","modified_gmt":"2025-03-10T07:55:44","slug":"canine-distemper-virus-antigen-testcdv-ag","status":"publish","type":"product","link":"https:\/\/www.testsealabs-kit.com\/pt\/produto\/canine-distemper-virus-antigen-testcdv-ag\/","title":{"rendered":"Teste de ant\u00edgeno do v\u00edrus da cinomose canina (CDV Ag)"},"content":{"rendered":"<p><span style=\"font-size: 14pt;\">1. obtenha o resultado em 15 minutos<\/span><\/p>\n<p><span style=\"font-size: 14pt;\">2. f\u00e1cil de coletar amostras<\/span><\/p>\n<p><span style=\"font-size: 14pt;\">3. os resultados s\u00e3o claramente vis\u00edveis<\/span><\/p>\n<p><span style=\"font-size: 14pt;\">4. nenhum equipamento necess\u00e1rio<\/span><\/p>\n<p><span style=\"font-size: 14pt;\">5. adequado para triagem r\u00e1pida em larga escala<\/span><\/p>","protected":false},"excerpt":{"rendered":"<p>O produto \u00e9 um ensaio imunocromatogr\u00e1fico de fluxo lateral para a detec\u00e7\u00e3o qualitativa do ant\u00edgeno do v\u00edrus da cinomose canina (CDV Ag) em secre\u00e7\u00f5es de amostras de saliva, secre\u00e7\u00f5es oculares e conjuntivais.<\/p>\n<p>&nbsp;<\/p>\n<p>A cinomose canina \u00e9 uma doen\u00e7a infecciosa viral aguda e altamente contagiosa em todo o mundo. A rota natural de infec\u00e7\u00e3o do CDV \u00e9 principalmente pelo trato respirat\u00f3rio superior. Ap\u00f3s a infec\u00e7\u00e3o pelo CDV, ele ataca as c\u00e9lulas do epit\u00e9lio intestinal e os cardiomi\u00f3citos. As principais manifesta\u00e7\u00f5es cl\u00ednicas s\u00e3o doen\u00e7as gastrointestinais e miocardite, e a maioria dos filhotes apresenta miocardite. A cinomose canina \u00e9 um tipo de doen\u00e7a infecciosa com alta incid\u00eancia, alta mortalidade e surtos frequentes. C\u00e3es de diferentes idades, sexos e ra\u00e7as podem ser infectados.<\/p>","protected":false},"featured_media":1216,"comment_status":"open","ping_status":"closed","template":"","meta":[],"product_brand":[],"product_cat":[20,47],"product_tag":[],"class_list":{"0":"post-1217","1":"product","2":"type-product","3":"status-publish","4":"has-post-thumbnail","6":"product_cat-all-products","7":"product_cat-animals-diagnostic-rapid-test","8":"entry","10":"first","11":"instock","12":"shipping-taxable","13":"product-type-simple"},"_links":{"self":[{"href":"https:\/\/www.testsealabs-kit.com\/pt\/wp-json\/wp\/v2\/product\/1217","targetHints":{"allow":["GET"]}}],"collection":[{"href":"https:\/\/www.testsealabs-kit.com\/pt\/wp-json\/wp\/v2\/product"}],"about":[{"href":"https:\/\/www.testsealabs-kit.com\/pt\/wp-json\/wp\/v2\/types\/product"}],"replies":[{"embeddable":true,"href":"https:\/\/www.testsealabs-kit.com\/pt\/wp-json\/wp\/v2\/comments?post=1217"}],"wp:featuredmedia":[{"embeddable":true,"href":"https:\/\/www.testsealabs-kit.com\/pt\/wp-json\/wp\/v2\/media\/1216"}],"wp:attachment":[{"href":"https:\/\/www.testsealabs-kit.com\/pt\/wp-json\/wp\/v2\/media?parent=1217"}],"wp:term":[{"taxonomy":"product_brand","embeddable":true,"href":"https:\/\/www.testsealabs-kit.com\/pt\/wp-json\/wp\/v2\/product_brand?post=1217"},{"taxonomy":"product_cat","embeddable":true,"href":"https:\/\/www.testsealabs-kit.com\/pt\/wp-json\/wp\/v2\/product_cat?post=1217"},{"taxonomy":"product_tag","embeddable":true,"href":"https:\/\/www.testsealabs-kit.com\/pt\/wp-json\/wp\/v2\/product_tag?post=1217"}],"curies":[{"name":"wp","href":"https:\/\/api.w.org\/{rel}","templated":true}]}}