{"id":1218,"date":"2022-05-19T11:12:44","date_gmt":"2022-05-19T03:12:44","guid":{"rendered":"https:\/\/www.testsealabs-kit.com\/?post_type=product&#038;p=1218"},"modified":"2022-05-19T11:12:44","modified_gmt":"2022-05-19T03:12:44","slug":"canine-coronavirus-antigen-testccv-ag","status":"publish","type":"product","link":"https:\/\/www.testsealabs-kit.com\/pt\/produto\/canine-coronavirus-antigen-testccv-ag\/","title":{"rendered":"Teste de ant\u00edgeno do coronav\u00edrus canino (CCV Ag)"},"content":{"rendered":"<p><span style=\"font-size: 14pt;\">1. obtenha o resultado em 15 minutos<\/span><br \/>\n<span style=\"font-size: 14pt;\">2. f\u00e1cil de coletar amostras<\/span><br \/>\n<span style=\"font-size: 14pt;\">3. os resultados s\u00e3o claramente vis\u00edveis<\/span><br \/>\n<span style=\"font-size: 14pt;\">4. nenhum equipamento necess\u00e1rio<\/span><br \/>\n<span style=\"font-size: 14pt;\">5. adequado para triagem r\u00e1pida em larga escala<\/span><\/p>","protected":false},"excerpt":{"rendered":"<p>O produto \u00e9 um cassete de teste para diagnosticar a presen\u00e7a de ant\u00edgenos do coronav\u00edrus canino em amostras de fezes de c\u00e3es. O ant\u00edgeno do coronav\u00edrus canino pode ser detectado por esse teste r\u00e1pido.<\/p>\n<p>&nbsp;<\/p>\n<p>O produto pertence a um v\u00edrus de RNA de fita simples, que pode causar diferentes graus de gastroenterite, e a taxa de mortalidade dos filhotes \u00e9 maior ap\u00f3s a infec\u00e7\u00e3o. O per\u00edodo de incuba\u00e7\u00e3o do CCV \u00e9 de 1 a 8 dias, e a infec\u00e7\u00e3o logo se espalhar\u00e1 por toda a popula\u00e7\u00e3o.  Geralmente, o coronav\u00edrus canino e o parvov\u00edrus s\u00e3o infectados de forma mista, causando diarreia epid\u00eamica em c\u00e3es.<\/p>","protected":false},"featured_media":1216,"comment_status":"open","ping_status":"closed","template":"","meta":[],"product_brand":[],"product_cat":[20,47],"product_tag":[],"class_list":{"0":"post-1218","1":"product","2":"type-product","3":"status-publish","4":"has-post-thumbnail","6":"product_cat-all-products","7":"product_cat-animals-diagnostic-rapid-test","8":"entry","10":"first","11":"instock","12":"shipping-taxable","13":"product-type-simple"},"_links":{"self":[{"href":"https:\/\/www.testsealabs-kit.com\/pt\/wp-json\/wp\/v2\/product\/1218","targetHints":{"allow":["GET"]}}],"collection":[{"href":"https:\/\/www.testsealabs-kit.com\/pt\/wp-json\/wp\/v2\/product"}],"about":[{"href":"https:\/\/www.testsealabs-kit.com\/pt\/wp-json\/wp\/v2\/types\/product"}],"replies":[{"embeddable":true,"href":"https:\/\/www.testsealabs-kit.com\/pt\/wp-json\/wp\/v2\/comments?post=1218"}],"wp:featuredmedia":[{"embeddable":true,"href":"https:\/\/www.testsealabs-kit.com\/pt\/wp-json\/wp\/v2\/media\/1216"}],"wp:attachment":[{"href":"https:\/\/www.testsealabs-kit.com\/pt\/wp-json\/wp\/v2\/media?parent=1218"}],"wp:term":[{"taxonomy":"product_brand","embeddable":true,"href":"https:\/\/www.testsealabs-kit.com\/pt\/wp-json\/wp\/v2\/product_brand?post=1218"},{"taxonomy":"product_cat","embeddable":true,"href":"https:\/\/www.testsealabs-kit.com\/pt\/wp-json\/wp\/v2\/product_cat?post=1218"},{"taxonomy":"product_tag","embeddable":true,"href":"https:\/\/www.testsealabs-kit.com\/pt\/wp-json\/wp\/v2\/product_tag?post=1218"}],"curies":[{"name":"wp","href":"https:\/\/api.w.org\/{rel}","templated":true}]}}