{"id":1232,"date":"2022-05-19T11:54:52","date_gmt":"2022-05-19T03:54:52","guid":{"rendered":"https:\/\/www.testsealabs-kit.com\/?post_type=product&#038;p=1232"},"modified":"2025-10-23T10:22:03","modified_gmt":"2025-10-23T02:22:03","slug":"feline-toxoplasma-antibody-testf-toxo-ab","status":"publish","type":"product","link":"https:\/\/www.testsealabs-kit.com\/pt\/produto\/feline-toxoplasma-antibody-testf-toxo-ab\/","title":{"rendered":"Teste de anticorpos contra Toxoplasma Felino (F.TOXO Ab)"},"content":{"rendered":"<p><span style=\"font-size: 14pt;\">1. obtenha o resultado em 15 minutos<\/span><br \/>\n<span style=\"font-size: 14pt;\">2. f\u00e1cil de coletar amostras<\/span><br \/>\n<span style=\"font-size: 14pt;\">3. os resultados s\u00e3o claramente vis\u00edveis<\/span><br \/>\n<span style=\"font-size: 14pt;\">4. nenhum equipamento necess\u00e1rio<\/span><br \/>\n<span style=\"font-size: 14pt;\">5. adequado para triagem r\u00e1pida em larga escala<\/span><\/p>","protected":false},"excerpt":{"rendered":"<p>O produto \u00e9 um ensaio imunocromatogr\u00e1fico qualitativo de fluxo lateral baseado em ouro coloidal para a detec\u00e7\u00e3o de anticorpo contra Toxoplasma.<\/p>\n<p>&nbsp;<\/p>\n<p>A toxoplasmose \u00e9 um tipo de zoonose causada pelo Toxoplasma gondii, que \u00e9 distribu\u00eddo mundialmente e p\u00f5e seriamente em risco a sa\u00fade humana. O Toxoplasma gondii pode infectar todos os tipos de animais de cria\u00e7\u00e3o e selvagens, mas \u00e9 mais suscet\u00edvel a animais jovens. A principal via de infec\u00e7\u00e3o \u00e9 a oral. Quando o esporoocisto do Toxoplasma gondii \u00e9 engolido por um gato saud\u00e1vel, ele escapa do trato intestinal e entra no tecido do organismo com a circula\u00e7\u00e3o sangu\u00ednea, invade e prolifera rapidamente nas c\u00e9lulas e se transforma em um pseudocisto intracelular, causando sintomas cl\u00ednicos.<\/p>","protected":false},"featured_media":1216,"comment_status":"open","ping_status":"closed","template":"","meta":[],"product_brand":[],"product_cat":[20,47],"product_tag":[],"class_list":{"0":"post-1232","1":"product","2":"type-product","3":"status-publish","4":"has-post-thumbnail","6":"product_cat-all-products","7":"product_cat-animals-diagnostic-rapid-test","8":"entry","10":"first","11":"instock","12":"shipping-taxable","13":"product-type-simple"},"_links":{"self":[{"href":"https:\/\/www.testsealabs-kit.com\/pt\/wp-json\/wp\/v2\/product\/1232","targetHints":{"allow":["GET"]}}],"collection":[{"href":"https:\/\/www.testsealabs-kit.com\/pt\/wp-json\/wp\/v2\/product"}],"about":[{"href":"https:\/\/www.testsealabs-kit.com\/pt\/wp-json\/wp\/v2\/types\/product"}],"replies":[{"embeddable":true,"href":"https:\/\/www.testsealabs-kit.com\/pt\/wp-json\/wp\/v2\/comments?post=1232"}],"wp:featuredmedia":[{"embeddable":true,"href":"https:\/\/www.testsealabs-kit.com\/pt\/wp-json\/wp\/v2\/media\/1216"}],"wp:attachment":[{"href":"https:\/\/www.testsealabs-kit.com\/pt\/wp-json\/wp\/v2\/media?parent=1232"}],"wp:term":[{"taxonomy":"product_brand","embeddable":true,"href":"https:\/\/www.testsealabs-kit.com\/pt\/wp-json\/wp\/v2\/product_brand?post=1232"},{"taxonomy":"product_cat","embeddable":true,"href":"https:\/\/www.testsealabs-kit.com\/pt\/wp-json\/wp\/v2\/product_cat?post=1232"},{"taxonomy":"product_tag","embeddable":true,"href":"https:\/\/www.testsealabs-kit.com\/pt\/wp-json\/wp\/v2\/product_tag?post=1232"}],"curies":[{"name":"wp","href":"https:\/\/api.w.org\/{rel}","templated":true}]}}