{"id":1237,"date":"2022-05-19T13:19:32","date_gmt":"2022-05-19T05:19:32","guid":{"rendered":"https:\/\/www.testsealabs-kit.com\/?post_type=product&#038;p=1237"},"modified":"2022-05-19T13:19:33","modified_gmt":"2022-05-19T05:19:33","slug":"feline-herps-virus-testfhv-ag","status":"publish","type":"product","link":"https:\/\/www.testsealabs-kit.com\/pt\/produto\/feline-herps-virus-testfhv-ag\/","title":{"rendered":"Teste de v\u00edrus herpes felino (FHV Ag)"},"content":{"rendered":"<p><span style=\"font-size: 14pt;\">1. obtenha o resultado em 15 minutos<\/span><br \/>\n<span style=\"font-size: 14pt;\">2. f\u00e1cil de coletar amostras<\/span><br \/>\n<span style=\"font-size: 14pt;\">3. os resultados s\u00e3o claramente vis\u00edveis<\/span><br \/>\n<span style=\"font-size: 14pt;\">4. nenhum equipamento necess\u00e1rio<\/span><br \/>\n<span style=\"font-size: 14pt;\">5. adequado para triagem r\u00e1pida em larga escala<\/span><\/p>","protected":false},"excerpt":{"rendered":"<p>O produto \u00e9 um ensaio imunocromatogr\u00e1fico de fluxo lateral para a detec\u00e7\u00e3o qualitativa do ant\u00edgeno de herpesv\u00edrus (FHV) em secre\u00e7\u00f5es de olho de saliva de gato e secre\u00e7\u00f5es conjuntivais.<\/p>","protected":false},"featured_media":1216,"comment_status":"open","ping_status":"closed","template":"","meta":[],"product_brand":[],"product_cat":[20,47],"product_tag":[],"class_list":{"0":"post-1237","1":"product","2":"type-product","3":"status-publish","4":"has-post-thumbnail","6":"product_cat-all-products","7":"product_cat-animals-diagnostic-rapid-test","8":"entry","10":"first","11":"instock","12":"shipping-taxable","13":"product-type-simple"},"_links":{"self":[{"href":"https:\/\/www.testsealabs-kit.com\/pt\/wp-json\/wp\/v2\/product\/1237","targetHints":{"allow":["GET"]}}],"collection":[{"href":"https:\/\/www.testsealabs-kit.com\/pt\/wp-json\/wp\/v2\/product"}],"about":[{"href":"https:\/\/www.testsealabs-kit.com\/pt\/wp-json\/wp\/v2\/types\/product"}],"replies":[{"embeddable":true,"href":"https:\/\/www.testsealabs-kit.com\/pt\/wp-json\/wp\/v2\/comments?post=1237"}],"wp:featuredmedia":[{"embeddable":true,"href":"https:\/\/www.testsealabs-kit.com\/pt\/wp-json\/wp\/v2\/media\/1216"}],"wp:attachment":[{"href":"https:\/\/www.testsealabs-kit.com\/pt\/wp-json\/wp\/v2\/media?parent=1237"}],"wp:term":[{"taxonomy":"product_brand","embeddable":true,"href":"https:\/\/www.testsealabs-kit.com\/pt\/wp-json\/wp\/v2\/product_brand?post=1237"},{"taxonomy":"product_cat","embeddable":true,"href":"https:\/\/www.testsealabs-kit.com\/pt\/wp-json\/wp\/v2\/product_cat?post=1237"},{"taxonomy":"product_tag","embeddable":true,"href":"https:\/\/www.testsealabs-kit.com\/pt\/wp-json\/wp\/v2\/product_tag?post=1237"}],"curies":[{"name":"wp","href":"https:\/\/api.w.org\/{rel}","templated":true}]}}