{"id":749,"date":"2022-04-07T02:00:56","date_gmt":"2022-04-06T18:00:56","guid":{"rendered":"https:\/\/www.testsealabs-kit.com\/?post_type=product&#038;p=749"},"modified":"2026-04-29T19:57:30","modified_gmt":"2026-04-29T11:57:30","slug":"covid-19-antigen-test-cassette-self-test","status":"publish","type":"product","link":"https:\/\/www.testsealabs-kit.com\/pt\/produto\/covid-19-antigen-test-cassette-self-test\/","title":{"rendered":"Teste de ant\u00edgeno para COVID-19 Cassete - autoteste - swab nasal"},"content":{"rendered":"<p>\u3010Uso pretendido\u3011<\/p>\n<p>O cassete de teste de ant\u00edgeno para COVID-19 \u00e9 um teste r\u00e1pido para a detec\u00e7\u00e3o qualitativa do ant\u00edgeno do nucleocaps\u00eddeo do SARS-CoV-2 em swabs nasais anteriores. Ele \u00e9 usado para auxiliar no diagn\u00f3stico da infec\u00e7\u00e3o por SARS-CoV-2 que pode levar \u00e0 doen\u00e7a COVID-19. O teste pode ser realizado a qualquer momento e \u00e9 adequado para pessoas sintom\u00e1ticas. Recomenda-se usar esse teste apenas como um complemento a outros procedimentos de diagn\u00f3stico. O teste foi projetado para autoadministra\u00e7\u00e3o por usu\u00e1rios leigos e pode ser realizado fora do laborat\u00f3rio.<\/p>\n<p>\u3010Certificado\u3011<\/p>\n<p>CE,ISO9001,ISO13485<\/p>","protected":false},"excerpt":{"rendered":"<p>Teste de ant\u00edgeno da COVID-19 Teste de autocoloca\u00e7\u00e3o em cassete \u7b80\u77ed\u63cf\u8ff0<\/p>","protected":false},"featured_media":682,"comment_status":"open","ping_status":"closed","template":"","meta":[],"product_brand":[],"product_cat":[20,26],"product_tag":[],"class_list":{"0":"post-749","1":"product","2":"type-product","3":"status-publish","4":"has-post-thumbnail","6":"product_cat-all-products","7":"product_cat-covid-19-sars-cov-2-rapid-test","8":"entry","10":"first","11":"instock","12":"shipping-taxable","13":"purchasable","14":"product-type-variable","15":"has-default-attributes"},"_links":{"self":[{"href":"https:\/\/www.testsealabs-kit.com\/pt\/wp-json\/wp\/v2\/product\/749","targetHints":{"allow":["GET"]}}],"collection":[{"href":"https:\/\/www.testsealabs-kit.com\/pt\/wp-json\/wp\/v2\/product"}],"about":[{"href":"https:\/\/www.testsealabs-kit.com\/pt\/wp-json\/wp\/v2\/types\/product"}],"replies":[{"embeddable":true,"href":"https:\/\/www.testsealabs-kit.com\/pt\/wp-json\/wp\/v2\/comments?post=749"}],"wp:featuredmedia":[{"embeddable":true,"href":"https:\/\/www.testsealabs-kit.com\/pt\/wp-json\/wp\/v2\/media\/682"}],"wp:attachment":[{"href":"https:\/\/www.testsealabs-kit.com\/pt\/wp-json\/wp\/v2\/media?parent=749"}],"wp:term":[{"taxonomy":"product_brand","embeddable":true,"href":"https:\/\/www.testsealabs-kit.com\/pt\/wp-json\/wp\/v2\/product_brand?post=749"},{"taxonomy":"product_cat","embeddable":true,"href":"https:\/\/www.testsealabs-kit.com\/pt\/wp-json\/wp\/v2\/product_cat?post=749"},{"taxonomy":"product_tag","embeddable":true,"href":"https:\/\/www.testsealabs-kit.com\/pt\/wp-json\/wp\/v2\/product_tag?post=749"}],"curies":[{"name":"wp","href":"https:\/\/api.w.org\/{rel}","templated":true}]}}