{"id":912,"date":"2022-04-25T20:27:28","date_gmt":"2022-04-25T12:27:28","guid":{"rendered":"https:\/\/www.testsealabs-kit.com\/?post_type=product&#038;p=912"},"modified":"2026-03-25T14:11:57","modified_gmt":"2026-03-25T06:11:57","slug":"sars-cov-2-neutralizing-antibody-test-cassette-professional-use","status":"publish","type":"product","link":"https:\/\/www.testsealabs-kit.com\/pt\/produto\/sars-cov-2-neutralizing-antibody-test-cassette-professional-use\/","title":{"rendered":"Cassete para teste de anticorpos neutralizantes SARS-CoV-2 - Uso profissional"},"content":{"rendered":"<p>\u3010Uso pretendido\u3011<\/p>\n<p>O cassete para teste de anticorpos neutralizantes para SARS-CoV-2 \u00e9 um imunoensaio cromatogr\u00e1fico r\u00e1pido para a detec\u00e7\u00e3o de<\/p>\n<p>Detec\u00e7\u00e3o semiquantitativa de anticorpos neutralizantes contra a doen\u00e7a do coronav\u00edrus 2019 em sangue total humano, soro ou plasma como um aux\u00edlio para a avalia\u00e7\u00e3o dos t\u00edtulos de anticorpos neutralizantes humanos contra novos v\u00edrus.<\/p>\n<p>coronav\u00edrus.<\/p>\n<p>\u3010Certificado\u3011<\/p>\n<p>CE,ISO9001,ISO13485<\/p>","protected":false},"excerpt":{"rendered":"<p>Teste de ant\u00edgeno da COVID-19 Teste de autocoloca\u00e7\u00e3o em cassete \u7b80\u77ed\u63cf\u8ff0<\/p>","protected":false},"featured_media":929,"comment_status":"open","ping_status":"closed","template":"","meta":[],"product_brand":[],"product_cat":[20,26],"product_tag":[],"class_list":{"0":"post-912","1":"product","2":"type-product","3":"status-publish","4":"has-post-thumbnail","6":"product_cat-all-products","7":"product_cat-covid-19-sars-cov-2-rapid-test","8":"entry","10":"first","11":"instock","12":"shipping-taxable","13":"purchasable","14":"product-type-variable","15":"has-default-attributes"},"_links":{"self":[{"href":"https:\/\/www.testsealabs-kit.com\/pt\/wp-json\/wp\/v2\/product\/912","targetHints":{"allow":["GET"]}}],"collection":[{"href":"https:\/\/www.testsealabs-kit.com\/pt\/wp-json\/wp\/v2\/product"}],"about":[{"href":"https:\/\/www.testsealabs-kit.com\/pt\/wp-json\/wp\/v2\/types\/product"}],"replies":[{"embeddable":true,"href":"https:\/\/www.testsealabs-kit.com\/pt\/wp-json\/wp\/v2\/comments?post=912"}],"wp:featuredmedia":[{"embeddable":true,"href":"https:\/\/www.testsealabs-kit.com\/pt\/wp-json\/wp\/v2\/media\/929"}],"wp:attachment":[{"href":"https:\/\/www.testsealabs-kit.com\/pt\/wp-json\/wp\/v2\/media?parent=912"}],"wp:term":[{"taxonomy":"product_brand","embeddable":true,"href":"https:\/\/www.testsealabs-kit.com\/pt\/wp-json\/wp\/v2\/product_brand?post=912"},{"taxonomy":"product_cat","embeddable":true,"href":"https:\/\/www.testsealabs-kit.com\/pt\/wp-json\/wp\/v2\/product_cat?post=912"},{"taxonomy":"product_tag","embeddable":true,"href":"https:\/\/www.testsealabs-kit.com\/pt\/wp-json\/wp\/v2\/product_tag?post=912"}],"curies":[{"name":"wp","href":"https:\/\/api.w.org\/{rel}","templated":true}]}}