{"id":932,"date":"2022-04-25T20:35:08","date_gmt":"2022-04-25T12:35:08","guid":{"rendered":"https:\/\/www.testsealabs-kit.com\/?post_type=product&#038;p=932"},"modified":"2022-04-29T22:50:01","modified_gmt":"2022-04-29T14:50:01","slug":"covid-19-antigen-test-cassette-professional-use-lollipop-style-saliva","status":"publish","type":"product","link":"https:\/\/www.testsealabs-kit.com\/pt\/produto\/covid-19-antigen-test-cassette-professional-use-lollipop-style-saliva\/","title":{"rendered":"Cassete de teste de ant\u00edgeno para COVID-19 - Uso profissional - Saliva estilo Lollipop"},"content":{"rendered":"<p>\u3010Uso pretendido\u3011<\/p>\n<p>O cassete de teste de ant\u00edgeno para COVID-19 \u00e9 um teste r\u00e1pido para a detec\u00e7\u00e3o qualitativa do ant\u00edgeno do nucleocaps\u00eddeo do SARS-CoV-2 em amostras de saliva. Ele \u00e9 usado para auxiliar no diagn\u00f3stico da infec\u00e7\u00e3o por SARS-CoV-2 que pode levar \u00e0 doen\u00e7a COVID-19.<\/p>\n<p>O teste pode ser realizado a qualquer momento e \u00e9 adequado tanto para pessoas sintom\u00e1ticas quanto assintom\u00e1ticas. Os menores de idade devem ser assistidos por adultos durante o teste.<\/p>\n<p>Recomenda-se usar esse teste apenas como um complemento a outros procedimentos de diagn\u00f3stico. O teste foi desenvolvido para uso profissional.<\/p>\n<p>\u3010Certificado\u3011<\/p>\n<p>CE,ISO9001,ISO13485<\/p>","protected":false},"excerpt":{"rendered":"<p>Teste de ant\u00edgeno da COVID-19 Teste de autocoloca\u00e7\u00e3o em cassete \u7b80\u77ed\u63cf\u8ff0<\/p>","protected":false},"featured_media":939,"comment_status":"open","ping_status":"closed","template":"","meta":[],"product_brand":[],"product_cat":[20,26],"product_tag":[],"class_list":{"0":"post-932","1":"product","2":"type-product","3":"status-publish","4":"has-post-thumbnail","6":"product_cat-all-products","7":"product_cat-covid-19-sars-cov-2-rapid-test","8":"entry","10":"first","11":"instock","12":"shipping-taxable","13":"purchasable","14":"product-type-variable","15":"has-default-attributes"},"_links":{"self":[{"href":"https:\/\/www.testsealabs-kit.com\/pt\/wp-json\/wp\/v2\/product\/932","targetHints":{"allow":["GET"]}}],"collection":[{"href":"https:\/\/www.testsealabs-kit.com\/pt\/wp-json\/wp\/v2\/product"}],"about":[{"href":"https:\/\/www.testsealabs-kit.com\/pt\/wp-json\/wp\/v2\/types\/product"}],"replies":[{"embeddable":true,"href":"https:\/\/www.testsealabs-kit.com\/pt\/wp-json\/wp\/v2\/comments?post=932"}],"wp:featuredmedia":[{"embeddable":true,"href":"https:\/\/www.testsealabs-kit.com\/pt\/wp-json\/wp\/v2\/media\/939"}],"wp:attachment":[{"href":"https:\/\/www.testsealabs-kit.com\/pt\/wp-json\/wp\/v2\/media?parent=932"}],"wp:term":[{"taxonomy":"product_brand","embeddable":true,"href":"https:\/\/www.testsealabs-kit.com\/pt\/wp-json\/wp\/v2\/product_brand?post=932"},{"taxonomy":"product_cat","embeddable":true,"href":"https:\/\/www.testsealabs-kit.com\/pt\/wp-json\/wp\/v2\/product_cat?post=932"},{"taxonomy":"product_tag","embeddable":true,"href":"https:\/\/www.testsealabs-kit.com\/pt\/wp-json\/wp\/v2\/product_tag?post=932"}],"curies":[{"name":"wp","href":"https:\/\/api.w.org\/{rel}","templated":true}]}}