{"id":945,"date":"2022-04-25T20:40:10","date_gmt":"2022-04-25T12:40:10","guid":{"rendered":"https:\/\/www.testsealabs-kit.com\/?post_type=product&#038;p=945"},"modified":"2022-05-10T23:01:59","modified_gmt":"2022-05-10T15:01:59","slug":"flu-a-b-covid-19-antigen-combo-test-cassette-professional-use","status":"publish","type":"product","link":"https:\/\/www.testsealabs-kit.com\/pt\/produto\/flu-a-b-covid-19-antigen-combo-test-cassette-professional-use\/","title":{"rendered":"Cassete de teste combinado de ant\u00edgeno para gripe A\/B + COVID-19 - uso profissional"},"content":{"rendered":"<p>\u3010Uso pretendido\u3011<\/p>\n<p>O teste \u00e9 destinado ao uso na detec\u00e7\u00e3o r\u00e1pida e simult\u00e2nea in vitro e na diferencia\u00e7\u00e3o de<\/p>\n<p>v\u00edrus da gripe A, v\u00edrus da gripe B e ant\u00edgeno proteico do nucleocaps\u00eddeo do v\u00edrus da COVID-19, mas n\u00e3o<\/p>\n<p>n\u00e3o diferencia entre os v\u00edrus SARS-CoV e COVID-19 e n\u00e3o se destina a detectar<\/p>\n<p>ant\u00edgenos de influenza C. As caracter\u00edsticas de desempenho podem variar em rela\u00e7\u00e3o a outros ant\u00edgenos emergentes de influenza<\/p>\n<p>v\u00edrus.<\/p>\n<p>Os ant\u00edgenos virais da influenza A, influenza B e COVID-19 s\u00e3o geralmente detect\u00e1veis em amostras do trato respirat\u00f3rio superior durante a fase aguda da infec\u00e7\u00e3o. Os resultados positivos indicam a presen\u00e7a de ant\u00edgenos virais, mas a correla\u00e7\u00e3o cl\u00ednica com o hist\u00f3rico do paciente e outras informa\u00e7\u00f5es de diagn\u00f3stico \u00e9 necess\u00e1ria para determinar o status da infec\u00e7\u00e3o.<\/p>\n<p>Os resultados positivos n\u00e3o excluem a possibilidade de infec\u00e7\u00e3o bacteriana ou coinfec\u00e7\u00e3o com outros v\u00edrus. O agente<\/p>\n<p>detectado pode n\u00e3o ser a causa definitiva da doen\u00e7a.<\/p>\n<p>Resultados negativos para a COVID-19, de pacientes com in\u00edcio dos sintomas ap\u00f3s cinco dias, devem ser<\/p>\n<p>tratado como presuntivo e confirma\u00e7\u00e3o com um ensaio molecular, se necess\u00e1rio, para o paciente<\/p>\n<p>pode ser realizado. Resultados negativos n\u00e3o descartam a COVID-19 e n\u00e3o devem ser<\/p>\n<p>usado como \u00fanica base para decis\u00f5es de tratamento ou gerenciamento de pacientes, incluindo infec\u00e7\u00e3o<\/p>\n<p>decis\u00f5es de controle. Os resultados negativos devem ser considerados no contexto do hist\u00f3rico recente do paciente.<\/p>\n<p>exposi\u00e7\u00f5es, hist\u00f3rico e presen\u00e7a de sinais e sintomas cl\u00ednicos consistentes com a COVID-19.<\/p>\n<p>Os resultados negativos n\u00e3o excluem as infec\u00e7\u00f5es pelo v\u00edrus da gripe e n\u00e3o devem ser usados como \u00fanico crit\u00e9rio de avalia\u00e7\u00e3o.<\/p>\n<p>base para o tratamento ou outras decis\u00f5es de gerenciamento do paciente.<\/p>\n<p>\u3010Certificado\u3011<\/p>\n<p>CE,ISO9001,ISO13485<\/p>","protected":false},"excerpt":{"rendered":"<p>Teste de ant\u00edgeno da COVID-19 Teste de autocoloca\u00e7\u00e3o em cassete \u7b80\u77ed\u63cf\u8ff0<\/p>","protected":false},"featured_media":948,"comment_status":"open","ping_status":"closed","template":"","meta":[],"product_brand":[],"product_cat":[20,26],"product_tag":[],"class_list":{"0":"post-945","1":"product","2":"type-product","3":"status-publish","4":"has-post-thumbnail","6":"product_cat-all-products","7":"product_cat-covid-19-sars-cov-2-rapid-test","8":"entry","10":"first","11":"instock","12":"shipping-taxable","13":"purchasable","14":"product-type-variable","15":"has-default-attributes"},"_links":{"self":[{"href":"https:\/\/www.testsealabs-kit.com\/pt\/wp-json\/wp\/v2\/product\/945","targetHints":{"allow":["GET"]}}],"collection":[{"href":"https:\/\/www.testsealabs-kit.com\/pt\/wp-json\/wp\/v2\/product"}],"about":[{"href":"https:\/\/www.testsealabs-kit.com\/pt\/wp-json\/wp\/v2\/types\/product"}],"replies":[{"embeddable":true,"href":"https:\/\/www.testsealabs-kit.com\/pt\/wp-json\/wp\/v2\/comments?post=945"}],"wp:featuredmedia":[{"embeddable":true,"href":"https:\/\/www.testsealabs-kit.com\/pt\/wp-json\/wp\/v2\/media\/948"}],"wp:attachment":[{"href":"https:\/\/www.testsealabs-kit.com\/pt\/wp-json\/wp\/v2\/media?parent=945"}],"wp:term":[{"taxonomy":"product_brand","embeddable":true,"href":"https:\/\/www.testsealabs-kit.com\/pt\/wp-json\/wp\/v2\/product_brand?post=945"},{"taxonomy":"product_cat","embeddable":true,"href":"https:\/\/www.testsealabs-kit.com\/pt\/wp-json\/wp\/v2\/product_cat?post=945"},{"taxonomy":"product_tag","embeddable":true,"href":"https:\/\/www.testsealabs-kit.com\/pt\/wp-json\/wp\/v2\/product_tag?post=945"}],"curies":[{"name":"wp","href":"https:\/\/api.w.org\/{rel}","templated":true}]}}