{"id":991,"date":"2022-04-25T21:15:23","date_gmt":"2022-04-25T13:15:23","guid":{"rendered":"https:\/\/www.testsealabs-kit.com\/?post_type=product&#038;p=991"},"modified":"2022-05-19T11:06:22","modified_gmt":"2022-05-19T03:06:22","slug":"canine-parvo-virus-antigen-test-cassettecpv-ag","status":"publish","type":"product","link":"https:\/\/www.testsealabs-kit.com\/pt\/produto\/canine-parvo-virus-antigen-test-cassettecpv-ag\/","title":{"rendered":"Cassete de teste de ant\u00edgeno do v\u00edrus da parvo canino (CPV AG)"},"content":{"rendered":"<p><span style=\"font-size: 14pt;\">1. obtenha o resultado em 15 minutos<\/span><\/p>\n<p><span style=\"font-size: 14pt;\">2. f\u00e1cil de coletar amostras<\/span><\/p>\n<p><span style=\"font-size: 14pt;\">3. os resultados s\u00e3o claramente vis\u00edveis<\/span><\/p>\n<p><span style=\"font-size: 14pt;\">4. nenhum equipamento necess\u00e1rio<\/span><\/p>\n<p><span style=\"font-size: 14pt;\">5. adequado para triagem r\u00e1pida em larga escala<\/span><\/p>","protected":false},"excerpt":{"rendered":"<p>O produto \u00e9 um ensaio imunocromatogr\u00e1fico de fluxo lateral para a detec\u00e7\u00e3o qualitativa de ant\u00edgenos do Parvov\u00edrus Canino (CPV Ag) nas fezes de c\u00e3es.<\/p>\n<p>&nbsp;<\/p>\n<p>Depois de infectado com o CPV, o CPV atacar\u00e1 as c\u00e9lulas do epit\u00e9lio intestinal e do m\u00fasculo card\u00edaco dos caninos, e as manifesta\u00e7\u00f5es cl\u00ednicas s\u00e3o doen\u00e7as gastrointestinais e miocardite, sendo que os filhotes apresentam principalmente miocardite. Ap\u00f3s a infec\u00e7\u00e3o, o canino ter\u00e1 uma alta taxa de incid\u00eancia e mortalidade. O CPV geralmente apresenta um surto epid\u00eamico, e caninos de diferentes idades, sexos e ra\u00e7as podem ser infectados.<\/p>","protected":false},"featured_media":1216,"comment_status":"open","ping_status":"closed","template":"","meta":[],"product_brand":[],"product_cat":[20,47],"product_tag":[],"class_list":{"0":"post-991","1":"product","2":"type-product","3":"status-publish","4":"has-post-thumbnail","6":"product_cat-all-products","7":"product_cat-animals-diagnostic-rapid-test","8":"entry","10":"first","11":"instock","12":"shipping-taxable","13":"purchasable","14":"product-type-variable","15":"has-default-attributes"},"_links":{"self":[{"href":"https:\/\/www.testsealabs-kit.com\/pt\/wp-json\/wp\/v2\/product\/991","targetHints":{"allow":["GET"]}}],"collection":[{"href":"https:\/\/www.testsealabs-kit.com\/pt\/wp-json\/wp\/v2\/product"}],"about":[{"href":"https:\/\/www.testsealabs-kit.com\/pt\/wp-json\/wp\/v2\/types\/product"}],"replies":[{"embeddable":true,"href":"https:\/\/www.testsealabs-kit.com\/pt\/wp-json\/wp\/v2\/comments?post=991"}],"wp:featuredmedia":[{"embeddable":true,"href":"https:\/\/www.testsealabs-kit.com\/pt\/wp-json\/wp\/v2\/media\/1216"}],"wp:attachment":[{"href":"https:\/\/www.testsealabs-kit.com\/pt\/wp-json\/wp\/v2\/media?parent=991"}],"wp:term":[{"taxonomy":"product_brand","embeddable":true,"href":"https:\/\/www.testsealabs-kit.com\/pt\/wp-json\/wp\/v2\/product_brand?post=991"},{"taxonomy":"product_cat","embeddable":true,"href":"https:\/\/www.testsealabs-kit.com\/pt\/wp-json\/wp\/v2\/product_cat?post=991"},{"taxonomy":"product_tag","embeddable":true,"href":"https:\/\/www.testsealabs-kit.com\/pt\/wp-json\/wp\/v2\/product_tag?post=991"}],"curies":[{"name":"wp","href":"https:\/\/api.w.org\/{rel}","templated":true}]}}