{"id":22,"date":"2022-04-01T00:45:49","date_gmt":"2022-03-31T16:45:49","guid":{"rendered":"https:\/\/www.testsealabs-kit.com\/?page_id=22"},"modified":"2022-05-07T16:15:44","modified_gmt":"2022-05-07T08:15:44","slug":"about-us","status":"publish","type":"page","link":"https:\/\/www.testsealabs-kit.com\/ro\/about-us\/","title":{"rendered":"Despre noi"},"content":{"rendered":"<div data-elementor-type=\"wp-page\" data-elementor-id=\"22\" class=\"elementor elementor-22\">\n\t\t\t\t\t\t<section class=\"elementor-section elementor-top-section elementor-element elementor-element-81668c3 elementor-section-boxed elementor-section-height-default elementor-section-height-default\" data-id=\"81668c3\" data-element_type=\"section\" data-settings=\"{&quot;background_background&quot;:&quot;classic&quot;}\">\n\t\t\t\t\t\t<div class=\"elementor-container elementor-column-gap-default\">\n\t\t\t\t\t<div class=\"elementor-column elementor-col-100 elementor-top-column elementor-element elementor-element-f474c6e\" data-id=\"f474c6e\" data-element_type=\"column\">\n\t\t\t<div class=\"elementor-widget-wrap elementor-element-populated\">\n\t\t\t\t\t\t<div class=\"elementor-element elementor-element-6904ea3 elementor-widget elementor-widget-woocommerce-breadcrumb\" data-id=\"6904ea3\" data-element_type=\"widget\" data-widget_type=\"woocommerce-breadcrumb.default\">\n\t\t\t\t<div class=\"elementor-widget-container\">\n\t\t\t\t\t<nav class=\"woocommerce-breadcrumb\" aria-label=\"Breadcrumb\" data-no-translation=\"\" data-trp-gettext=\"\">Prima pagin\u0103<\/nav>\t\t\t\t<\/div>\n\t\t\t\t<\/div>\n\t\t\t\t\t<\/div>\n\t\t<\/div>\n\t\t\t\t\t<\/div>\n\t\t<\/section>\n\t\t\t\t<section class=\"elementor-section elementor-top-section elementor-element elementor-element-2b42288 elementor-section-boxed elementor-section-height-default elementor-section-height-default\" data-id=\"2b42288\" data-element_type=\"section\">\n\t\t\t\t\t\t<div class=\"elementor-container elementor-column-gap-default\">\n\t\t\t\t\t<div class=\"elementor-column elementor-col-20 elementor-top-column elementor-element elementor-element-1979bdd\" data-id=\"1979bdd\" data-element_type=\"column\">\n\t\t\t<div class=\"elementor-widget-wrap\">\n\t\t\t\t\t\t\t<\/div>\n\t\t<\/div>\n\t\t\t\t<div class=\"elementor-column elementor-col-20 elementor-top-column elementor-element elementor-element-56c7f3f\" data-id=\"56c7f3f\" data-element_type=\"column\">\n\t\t\t<div class=\"elementor-widget-wrap elementor-element-populated\">\n\t\t\t\t\t\t<div class=\"elementor-element elementor-element-708057f elementor-align-center elementor-widget elementor-widget-button\" data-id=\"708057f\" data-element_type=\"widget\" data-widget_type=\"button.default\">\n\t\t\t\t<div class=\"elementor-widget-container\">\n\t\t\t\t\t\t\t\t\t<div class=\"elementor-button-wrapper\">\n\t\t\t\t\t<a class=\"elementor-button elementor-size-sm\" role=\"button\">\n\t\t\t\t\t\t<span class=\"elementor-button-content-wrapper\">\n\t\t\t\t\t\t\t\t\t<span class=\"elementor-button-text\">Profilul companiei<\/span>\n\t\t\t\t\t<\/span>\n\t\t\t\t\t<\/a>\n\t\t\t\t<\/div>\n\t\t\t\t\t\t\t\t<\/div>\n\t\t\t\t<\/div>\n\t\t\t\t\t<\/div>\n\t\t<\/div>\n\t\t\t\t<div class=\"elementor-column elementor-col-20 elementor-top-column elementor-element elementor-element-ce4894c\" data-id=\"ce4894c\" data-element_type=\"column\">\n\t\t\t<div class=\"elementor-widget-wrap elementor-element-populated\">\n\t\t\t\t\t\t<div class=\"elementor-element elementor-element-8917bfa elementor-align-center elementor-widget elementor-widget-button\" data-id=\"8917bfa\" data-element_type=\"widget\" data-widget_type=\"button.default\">\n\t\t\t\t<div class=\"elementor-widget-container\">\n\t\t\t\t\t\t\t\t\t<div class=\"elementor-button-wrapper\">\n\t\t\t\t\t<a class=\"elementor-button elementor-button-link elementor-size-sm\" href=\"https:\/\/www.testsealabs-kit.com\/ro\/history\/\">\n\t\t\t\t\t\t<span class=\"elementor-button-content-wrapper\">\n\t\t\t\t\t\t\t\t\t<span class=\"elementor-button-text\">Istorie<\/span>\n\t\t\t\t\t<\/span>\n\t\t\t\t\t<\/a>\n\t\t\t\t<\/div>\n\t\t\t\t\t\t\t\t<\/div>\n\t\t\t\t<\/div>\n\t\t\t\t\t<\/div>\n\t\t<\/div>\n\t\t\t\t<div class=\"elementor-column elementor-col-20 elementor-top-column elementor-element elementor-element-0a65eda\" data-id=\"0a65eda\" data-element_type=\"column\">\n\t\t\t<div class=\"elementor-widget-wrap elementor-element-populated\">\n\t\t\t\t\t\t<div class=\"elementor-element elementor-element-b90bc9c elementor-align-center elementor-widget elementor-widget-button\" data-id=\"b90bc9c\" data-element_type=\"widget\" data-widget_type=\"button.default\">\n\t\t\t\t<div class=\"elementor-widget-container\">\n\t\t\t\t\t\t\t\t\t<div class=\"elementor-button-wrapper\">\n\t\t\t\t\t<a class=\"elementor-button elementor-button-link elementor-size-sm\" href=\"https:\/\/www.testsealabs-kit.com\/ro\/certificate\/\">\n\t\t\t\t\t\t<span class=\"elementor-button-content-wrapper\">\n\t\t\t\t\t\t\t\t\t<span class=\"elementor-button-text\">Certificat<\/span>\n\t\t\t\t\t<\/span>\n\t\t\t\t\t<\/a>\n\t\t\t\t<\/div>\n\t\t\t\t\t\t\t\t<\/div>\n\t\t\t\t<\/div>\n\t\t\t\t\t<\/div>\n\t\t<\/div>\n\t\t\t\t<div class=\"elementor-column elementor-col-20 elementor-top-column elementor-element elementor-element-eb468d9\" data-id=\"eb468d9\" data-element_type=\"column\">\n\t\t\t<div class=\"elementor-widget-wrap\">\n\t\t\t\t\t\t\t<\/div>\n\t\t<\/div>\n\t\t\t\t\t<\/div>\n\t\t<\/section>\n\t\t\t\t<section class=\"elementor-section elementor-top-section elementor-element elementor-element-e8295b7 elementor-section-boxed elementor-section-height-default elementor-section-height-default\" data-id=\"e8295b7\" data-element_type=\"section\">\n\t\t\t\t\t\t<div class=\"elementor-container elementor-column-gap-default\">\n\t\t\t\t\t<div class=\"elementor-column elementor-col-50 elementor-top-column elementor-element elementor-element-5b5f901\" data-id=\"5b5f901\" data-element_type=\"column\">\n\t\t\t<div class=\"elementor-widget-wrap elementor-element-populated\">\n\t\t\t\t\t\t<section class=\"elementor-section elementor-inner-section elementor-element elementor-element-1051925 elementor-section-boxed elementor-section-height-default elementor-section-height-default\" data-id=\"1051925\" data-element_type=\"section\">\n\t\t\t\t\t\t<div class=\"elementor-container elementor-column-gap-default\">\n\t\t\t\t\t<div class=\"elementor-column elementor-col-50 elementor-inner-column elementor-element elementor-element-ee0bb33\" data-id=\"ee0bb33\" data-element_type=\"column\">\n\t\t\t<div class=\"elementor-widget-wrap elementor-element-populated\">\n\t\t\t\t\t\t<div class=\"elementor-element elementor-element-ab0165f elementor-widget elementor-widget-image\" data-id=\"ab0165f\" data-element_type=\"widget\" data-widget_type=\"image.default\">\n\t\t\t\t<div class=\"elementor-widget-container\">\n\t\t\t\t\t\t\t\t\t\t\t\t\t\t\t<img decoding=\"async\" width=\"40\" height=\"40\" src=\"https:\/\/www.testsealabs-kit.com\/wp-content\/uploads\/2022\/04\/yinhaoshang.webp\" class=\"attachment-large size-large wp-image-141\" alt=\"\" style=\"width:100%;height:100%;max-width:40px\" \/>\t\t\t\t\t\t\t\t\t\t\t\t\t\t\t<\/div>\n\t\t\t\t<\/div>\n\t\t\t\t\t<\/div>\n\t\t<\/div>\n\t\t\t\t<div class=\"elementor-column elementor-col-50 elementor-inner-column elementor-element elementor-element-15d73bd\" data-id=\"15d73bd\" data-element_type=\"column\">\n\t\t\t<div class=\"elementor-widget-wrap elementor-element-populated\">\n\t\t\t\t\t\t<div class=\"elementor-element elementor-element-27be986 elementor-widget elementor-widget-heading\" data-id=\"27be986\" data-element_type=\"widget\" data-widget_type=\"heading.default\">\n\t\t\t\t<div class=\"elementor-widget-container\">\n\t\t\t\t\t<h2 class=\"elementor-heading-title elementor-size-default\">Profilul companiei<\/h2>\t\t\t\t<\/div>\n\t\t\t\t<\/div>\n\t\t\t\t\t<\/div>\n\t\t<\/div>\n\t\t\t\t\t<\/div>\n\t\t<\/section>\n\t\t\t\t<div class=\"elementor-element elementor-element-568343f elementor-widget elementor-widget-text-editor\" data-id=\"568343f\" data-element_type=\"widget\" data-widget_type=\"text-editor.default\">\n\t\t\t\t<div class=\"elementor-widget-container\">\n\t\t\t\t\t\t\t\t\tHangzhou Testsea Biotechnology Co., Ltd. este o \u00eentreprindere na\u021bional\u0103 de \u00eenalt\u0103 tehnologie, situat\u0103 \u00een Hangzhou. Testsea este specializat\u0103 \u00een cercetarea, dezvoltarea, produc\u021bia \u0219i v\u00e2nzarea de materii prime pentru diagnosticul medical \u0219i testarea siguran\u021bei alimentare. Am aplicat pentru 28 de tipuri de brevete care acoper\u0103 diagnosticul medical, testarea rapid\u0103 a siguran\u021bei alimentare, imunoanaliza\u021bia enzimatic\u0103 alimentar\u0103 \u0219i prepararea de noi enzime. Testsea ofer\u0103 solu\u021bii perfecte de materii prime pentru institu\u021biile de cercetare \u0219tiin\u021bific\u0103, \u00eentreprinderi, institute de cercetare \u0219i alte institu\u021bii la nivel mondial. Testsea suprafa\u021ba total\u0103 a afacerii este de peste 5.600 de metri p\u0103tra\u021bi, inclusiv 8000 de metri p\u0103tra\u021bi de atelier de purificare la nivel GMP 100.000, compania noastr\u0103 urmeaz\u0103 strict cu S013485 \u0219i IS09001 de operare a sistemului de management al calit\u0103\u021bii cu cercetare, produc\u021bie, control al calit\u0103\u021bii, finan\u021be, v\u00e2nz\u0103ri interne \u0219i v\u00e2nz\u0103ri interna\u021bionale etc. Produsele noastre sunt bine acceptate de mul\u021bi utilizatori din \u021bar\u0103 \u0219i din str\u0103in\u0103tate. \u00cen plus, stabilim o bun\u0103 rela\u021bie de afaceri cu multe universit\u0103\u021bi na\u021bionale \u0219i \u00eentreprinderi de produc\u021bie de diagnostic in vitro, chiar \u0219i cu Asia de sud-est, Europa,Africa, America Latin\u0103 \u0219i alte \u021b\u0103ri.\t\t\t\t\t\t\t\t<\/div>\n\t\t\t\t<\/div>\n\t\t\t\t\t<\/div>\n\t\t<\/div>\n\t\t\t\t<div class=\"elementor-column elementor-col-50 elementor-top-column elementor-element elementor-element-da97193\" data-id=\"da97193\" data-element_type=\"column\">\n\t\t\t<div class=\"elementor-widget-wrap elementor-element-populated\">\n\t\t\t\t\t\t<div class=\"elementor-element elementor-element-ff0c68a elementor--h-position-center elementor--v-position-middle elementor-pagination-position-inside elementor-widget elementor-widget-slides\" data-id=\"ff0c68a\" data-element_type=\"widget\" data-settings=\"{&quot;navigation&quot;:&quot;dots&quot;,&quot;autoplay&quot;:&quot;yes&quot;,&quot;pause_on_hover&quot;:&quot;yes&quot;,&quot;pause_on_interaction&quot;:&quot;yes&quot;,&quot;autoplay_speed&quot;:5000,&quot;infinite&quot;:&quot;yes&quot;,&quot;transition&quot;:&quot;slide&quot;,&quot;transition_speed&quot;:500}\" data-widget_type=\"slides.default\">\n\t\t\t\t<div class=\"elementor-widget-container\">\n\t\t\t\t\t\t\t<div class=\"elementor-swiper\">\n\t\t\t<div class=\"elementor-slides-wrapper elementor-main-swiper swiper-container\" dir=\"ltr\" data-animation=\"fadeInUp\">\n\t\t\t\t<div class=\"swiper-wrapper elementor-slides\">\n\t\t\t\t\t\t\t\t\t\t<div class=\"elementor-repeater-item-b6b3769 swiper-slide\"><div class=\"swiper-slide-bg\"><\/div><div class=\"swiper-slide-inner\" ><div class=\"swiper-slide-contents\"><\/div><\/div><\/div>\t\t\t\t<\/div>\n\t\t\t\t\t\t\t<\/div>\n\t\t<\/div>\n\t\t\t\t\t\t<\/div>\n\t\t\t\t<\/div>\n\t\t\t\t\t<\/div>\n\t\t<\/div>\n\t\t\t\t\t<\/div>\n\t\t<\/section>\n\t\t\t\t<section class=\"elementor-section elementor-top-section elementor-element elementor-element-23e5b78 elementor-section-boxed elementor-section-height-default elementor-section-height-default\" data-id=\"23e5b78\" data-element_type=\"section\">\n\t\t\t\t\t\t<div class=\"elementor-container elementor-column-gap-default\">\n\t\t\t\t\t<div class=\"elementor-column elementor-col-100 elementor-top-column elementor-element elementor-element-648c9c5\" data-id=\"648c9c5\" data-element_type=\"column\">\n\t\t\t<div class=\"elementor-widget-wrap elementor-element-populated\">\n\t\t\t\t\t\t<div class=\"elementor-element elementor-element-8a80652 elementor-widget elementor-widget-text-editor\" data-id=\"8a80652\" data-element_type=\"widget\" data-widget_type=\"text-editor.default\">\n\t\t\t\t<div class=\"elementor-widget-container\">\n\t\t\t\t\t\t\t\t\tTestsea are o echip\u0103 de cercetare \u0219i dezvoltare condus\u0103 de doctori \u0219i mae\u0219tri cu lucr\u0103tori profesioni\u0219ti \u0219i o instala\u021bie de echipament bine echipat\u0103. Capacitatea de produc\u021bie de antigen recombinant a ajuns la 18g\/lun\u0103.\nTestsea urm\u0103re\u0219te conceptul de \"integritate, calitate, responsabilitate\" \u0219i ader\u0103 la calitate, scopul de a servi societatea \u0219i de a dezvolta \u00een mod constant noi materiale de diagnosticare de \u00eenalt\u0103 calitate cu efort.\n\t\t\t\t\t\t\t\t<\/div>\n\t\t\t\t<\/div>\n\t\t\t\t\t<\/div>\n\t\t<\/div>\n\t\t\t\t\t<\/div>\n\t\t<\/section>\n\t\t\t\t<\/div>","protected":false},"excerpt":{"rendered":"<p>Company Profile History Certificate Company Profile Hangzhou Testsea Biotechnology Co., Ltd. is a national high-tech enterprise, it located in Hangzhou. Testsea has lots of researcher and worker who graduated from zhejiang university and overseas.Testsea is specialized in the research,development, production and sales of raw materials for medical diagnosis and food safety testing. we has applied&hellip; <a class=\"more-link\" href=\"https:\/\/www.testsealabs-kit.com\/ro\/about-us\/\">Continu\u0103 lectura <span class=\"screen-reader-text\">Despre noi<\/span><\/a><\/p>","protected":false},"author":1,"featured_media":0,"parent":0,"menu_order":0,"comment_status":"closed","ping_status":"closed","template":"elementor_header_footer","meta":{"footnotes":""},"class_list":["post-22","page","type-page","status-publish","hentry","entry"],"_links":{"self":[{"href":"https:\/\/www.testsealabs-kit.com\/ro\/wp-json\/wp\/v2\/pages\/22","targetHints":{"allow":["GET"]}}],"collection":[{"href":"https:\/\/www.testsealabs-kit.com\/ro\/wp-json\/wp\/v2\/pages"}],"about":[{"href":"https:\/\/www.testsealabs-kit.com\/ro\/wp-json\/wp\/v2\/types\/page"}],"author":[{"embeddable":true,"href":"https:\/\/www.testsealabs-kit.com\/ro\/wp-json\/wp\/v2\/users\/1"}],"replies":[{"embeddable":true,"href":"https:\/\/www.testsealabs-kit.com\/ro\/wp-json\/wp\/v2\/comments?post=22"}],"version-history":[{"count":0,"href":"https:\/\/www.testsealabs-kit.com\/ro\/wp-json\/wp\/v2\/pages\/22\/revisions"}],"wp:attachment":[{"href":"https:\/\/www.testsealabs-kit.com\/ro\/wp-json\/wp\/v2\/media?parent=22"}],"curies":[{"name":"wp","href":"https:\/\/api.w.org\/{rel}","templated":true}]}}