{"id":1154,"date":"2022-05-10T22:22:55","date_gmt":"2022-05-10T14:22:55","guid":{"rendered":"https:\/\/www.testsealabs-kit.com\/?post_type=product&#038;p=1154"},"modified":"2022-05-19T00:43:52","modified_gmt":"2022-05-18T16:43:52","slug":"psa-prostate-specific-antigen-test","status":"publish","type":"product","link":"https:\/\/www.testsealabs-kit.com\/ro\/produs\/psa-prostate-specific-antigen-test\/","title":{"rendered":"Testul antigenului specific prostatic PSA"},"content":{"rendered":"<p>1. Ob\u021bine\u021bi rezultatul \u00een 15 minute<\/p>\n<p>2. U\u0219or de colectat probe<\/p>\n<p>3. Rezultatele sunt vizibile \u00een mod clar<\/p>\n<p>4. Nu sunt necesare echipamente<\/p>\n<p>5. Potrivit pentru screening rapid pe scar\u0103 larg\u0103<\/p>","protected":false},"excerpt":{"rendered":"<p>Produsul este un imunoanalizator cromatografic rapid pentru detectarea calitativ\u0103 a PSA \u00een s\u00e2nge integral \/ ser \/ plasm\u0103. Testul se bazeaz\u0103 pe imunocromatografie \u0219i poate oferi un rezultat \u00een 15 minute.<\/p>\n<p>&nbsp;<\/p>","protected":false},"featured_media":1166,"comment_status":"open","ping_status":"closed","template":"","meta":[],"product_brand":[],"product_cat":[20,46],"product_tag":[],"class_list":{"0":"post-1154","1":"product","2":"type-product","3":"status-publish","4":"has-post-thumbnail","6":"product_cat-all-products","7":"product_cat-tumor-markers-rapid-test","8":"entry","10":"first","11":"instock","12":"shipping-taxable","13":"purchasable","14":"product-type-variable","15":"has-default-attributes"},"_links":{"self":[{"href":"https:\/\/www.testsealabs-kit.com\/ro\/wp-json\/wp\/v2\/product\/1154","targetHints":{"allow":["GET"]}}],"collection":[{"href":"https:\/\/www.testsealabs-kit.com\/ro\/wp-json\/wp\/v2\/product"}],"about":[{"href":"https:\/\/www.testsealabs-kit.com\/ro\/wp-json\/wp\/v2\/types\/product"}],"replies":[{"embeddable":true,"href":"https:\/\/www.testsealabs-kit.com\/ro\/wp-json\/wp\/v2\/comments?post=1154"}],"wp:featuredmedia":[{"embeddable":true,"href":"https:\/\/www.testsealabs-kit.com\/ro\/wp-json\/wp\/v2\/media\/1166"}],"wp:attachment":[{"href":"https:\/\/www.testsealabs-kit.com\/ro\/wp-json\/wp\/v2\/media?parent=1154"}],"wp:term":[{"taxonomy":"product_brand","embeddable":true,"href":"https:\/\/www.testsealabs-kit.com\/ro\/wp-json\/wp\/v2\/product_brand?post=1154"},{"taxonomy":"product_cat","embeddable":true,"href":"https:\/\/www.testsealabs-kit.com\/ro\/wp-json\/wp\/v2\/product_cat?post=1154"},{"taxonomy":"product_tag","embeddable":true,"href":"https:\/\/www.testsealabs-kit.com\/ro\/wp-json\/wp\/v2\/product_tag?post=1154"}],"curies":[{"name":"wp","href":"https:\/\/api.w.org\/{rel}","templated":true}]}}