{"id":1217,"date":"2022-05-19T11:09:59","date_gmt":"2022-05-19T03:09:59","guid":{"rendered":"https:\/\/www.testsealabs-kit.com\/?post_type=product&#038;p=1217"},"modified":"2025-03-10T15:55:44","modified_gmt":"2025-03-10T07:55:44","slug":"canine-distemper-virus-antigen-testcdv-ag","status":"publish","type":"product","link":"https:\/\/www.testsealabs-kit.com\/ro\/produs\/canine-distemper-virus-antigen-testcdv-ag\/","title":{"rendered":"Testul pentru antigenul virusului bolii de Carr\u00e9 (CDV Ag)"},"content":{"rendered":"<p><span style=\"font-size: 14pt;\">1.Get rezultat \u00een termen de 15 minute<\/span><\/p>\n<p><span style=\"font-size: 14pt;\">2.Easy pentru a colecta probe<\/span><\/p>\n<p><span style=\"font-size: 14pt;\">3.Rezultatele sunt clar vizibile<\/span><\/p>\n<p><span style=\"font-size: 14pt;\">4.No echipament necesar<\/span><\/p>\n<p><span style=\"font-size: 14pt;\">5.Suitable pentru screening rapid la scar\u0103 larg\u0103<\/span><\/p>","protected":false},"excerpt":{"rendered":"<p>Produsul este un test imunocromatografic \u00een flux lateral pentru detectarea calitativ\u0103 a antigenului virusului bolii de Carr\u00e9 (CDV Ag) \u00een secre\u021biile din probele de saliv\u0103, ochi \u0219i secre\u021bii conjunctivale.<\/p>\n<p>&nbsp;<\/p>\n<p>Carr\u00e9 este o boal\u0103 infec\u021bioas\u0103 viral\u0103 acut\u0103 \u0219i extrem de contagioas\u0103 la nivel mondial. Calea natural\u0103 de infectare a CDV este \u00een principal prin intermediul tractului respirator superior. Dup\u0103 ce este infectat cu CDV, CDV va ataca celulele epiteliale intestinale \u0219i cardiomiocitele. Principalele manifest\u0103ri clinice sunt bolile gastrointestinale \u0219i miocardita, iar majoritatea c\u0103\u021beilor au miocardit\u0103. Carnea canin\u0103 este un tip de boal\u0103 infec\u021bioas\u0103 cu inciden\u021b\u0103 ridicat\u0103, mortalitate mare \u0219i focare frecvente. Pot fi infecta\u021bi c\u00e2ini de diferite v\u00e2rste, sexe \u0219i rase.<\/p>","protected":false},"featured_media":1216,"comment_status":"open","ping_status":"closed","template":"","meta":[],"product_brand":[],"product_cat":[20,47],"product_tag":[],"class_list":{"0":"post-1217","1":"product","2":"type-product","3":"status-publish","4":"has-post-thumbnail","6":"product_cat-all-products","7":"product_cat-animals-diagnostic-rapid-test","8":"entry","10":"first","11":"instock","12":"shipping-taxable","13":"product-type-simple"},"_links":{"self":[{"href":"https:\/\/www.testsealabs-kit.com\/ro\/wp-json\/wp\/v2\/product\/1217","targetHints":{"allow":["GET"]}}],"collection":[{"href":"https:\/\/www.testsealabs-kit.com\/ro\/wp-json\/wp\/v2\/product"}],"about":[{"href":"https:\/\/www.testsealabs-kit.com\/ro\/wp-json\/wp\/v2\/types\/product"}],"replies":[{"embeddable":true,"href":"https:\/\/www.testsealabs-kit.com\/ro\/wp-json\/wp\/v2\/comments?post=1217"}],"wp:featuredmedia":[{"embeddable":true,"href":"https:\/\/www.testsealabs-kit.com\/ro\/wp-json\/wp\/v2\/media\/1216"}],"wp:attachment":[{"href":"https:\/\/www.testsealabs-kit.com\/ro\/wp-json\/wp\/v2\/media?parent=1217"}],"wp:term":[{"taxonomy":"product_brand","embeddable":true,"href":"https:\/\/www.testsealabs-kit.com\/ro\/wp-json\/wp\/v2\/product_brand?post=1217"},{"taxonomy":"product_cat","embeddable":true,"href":"https:\/\/www.testsealabs-kit.com\/ro\/wp-json\/wp\/v2\/product_cat?post=1217"},{"taxonomy":"product_tag","embeddable":true,"href":"https:\/\/www.testsealabs-kit.com\/ro\/wp-json\/wp\/v2\/product_tag?post=1217"}],"curies":[{"name":"wp","href":"https:\/\/api.w.org\/{rel}","templated":true}]}}