{"id":1218,"date":"2022-05-19T11:12:44","date_gmt":"2022-05-19T03:12:44","guid":{"rendered":"https:\/\/www.testsealabs-kit.com\/?post_type=product&#038;p=1218"},"modified":"2022-05-19T11:12:44","modified_gmt":"2022-05-19T03:12:44","slug":"canine-coronavirus-antigen-testccv-ag","status":"publish","type":"product","link":"https:\/\/www.testsealabs-kit.com\/ro\/produs\/canine-coronavirus-antigen-testccv-ag\/","title":{"rendered":"Testul pentru antigenul coronavirusului canin (CCV Ag)"},"content":{"rendered":"<p><span style=\"font-size: 14pt;\">1.Get rezultat \u00een termen de 15 minute<\/span><br \/>\n<span style=\"font-size: 14pt;\">2.Easy pentru a colecta probe<\/span><br \/>\n<span style=\"font-size: 14pt;\">3.Rezultatele sunt clar vizibile<\/span><br \/>\n<span style=\"font-size: 14pt;\">4.No echipament necesar<\/span><br \/>\n<span style=\"font-size: 14pt;\">5.Suitable pentru screening rapid la scar\u0103 larg\u0103<\/span><\/p>","protected":false},"excerpt":{"rendered":"<p>Produsul este o caset\u0103 de testare pentru diagnosticarea prezen\u021bei antigenelor Coronavirus canin \u00een specimenul de fecale de c\u00e2ine. Antigenul Coronavirus canin poate fi detectat prin acest test rapid.<\/p>\n<p>&nbsp;<\/p>\n<p>Produsul apar\u021bine virusului ARN monocatenar, care poate provoca diferite grade de gastroenterit\u0103, iar rata de mortalitate a c\u0103\u021beilor este mai mare dup\u0103 infectare. Perioada de incuba\u021bie a CCV este de 1~8 zile, iar infec\u021bia se va r\u0103sp\u00e2ndi cur\u00e2nd la \u00eentreaga popula\u021bie.  De obicei, coronavirusul canin \u0219i parvovirusul sunt infectate mixt, provoc\u00e2nd diaree epidemic\u0103 la c\u00e2ini.<\/p>","protected":false},"featured_media":1216,"comment_status":"open","ping_status":"closed","template":"","meta":[],"product_brand":[],"product_cat":[20,47],"product_tag":[],"class_list":{"0":"post-1218","1":"product","2":"type-product","3":"status-publish","4":"has-post-thumbnail","6":"product_cat-all-products","7":"product_cat-animals-diagnostic-rapid-test","8":"entry","10":"first","11":"instock","12":"shipping-taxable","13":"product-type-simple"},"_links":{"self":[{"href":"https:\/\/www.testsealabs-kit.com\/ro\/wp-json\/wp\/v2\/product\/1218","targetHints":{"allow":["GET"]}}],"collection":[{"href":"https:\/\/www.testsealabs-kit.com\/ro\/wp-json\/wp\/v2\/product"}],"about":[{"href":"https:\/\/www.testsealabs-kit.com\/ro\/wp-json\/wp\/v2\/types\/product"}],"replies":[{"embeddable":true,"href":"https:\/\/www.testsealabs-kit.com\/ro\/wp-json\/wp\/v2\/comments?post=1218"}],"wp:featuredmedia":[{"embeddable":true,"href":"https:\/\/www.testsealabs-kit.com\/ro\/wp-json\/wp\/v2\/media\/1216"}],"wp:attachment":[{"href":"https:\/\/www.testsealabs-kit.com\/ro\/wp-json\/wp\/v2\/media?parent=1218"}],"wp:term":[{"taxonomy":"product_brand","embeddable":true,"href":"https:\/\/www.testsealabs-kit.com\/ro\/wp-json\/wp\/v2\/product_brand?post=1218"},{"taxonomy":"product_cat","embeddable":true,"href":"https:\/\/www.testsealabs-kit.com\/ro\/wp-json\/wp\/v2\/product_cat?post=1218"},{"taxonomy":"product_tag","embeddable":true,"href":"https:\/\/www.testsealabs-kit.com\/ro\/wp-json\/wp\/v2\/product_tag?post=1218"}],"curies":[{"name":"wp","href":"https:\/\/api.w.org\/{rel}","templated":true}]}}