{"id":1220,"date":"2022-05-19T11:22:05","date_gmt":"2022-05-19T03:22:05","guid":{"rendered":"https:\/\/www.testsealabs-kit.com\/?post_type=product&#038;p=1220"},"modified":"2022-05-19T11:22:05","modified_gmt":"2022-05-19T03:22:05","slug":"feline-panleucopenia-antigen-testfpv-ag","status":"publish","type":"product","link":"https:\/\/www.testsealabs-kit.com\/ro\/produs\/feline-panleucopenia-antigen-testfpv-ag\/","title":{"rendered":"Testul pentru antigenul panleucopeniei feline (FPV Ag)"},"content":{"rendered":"<p><span style=\"font-size: 14pt;\">1.Get rezultat \u00een termen de 15 minute<\/span><br \/>\n<span style=\"font-size: 14pt;\">2.Easy pentru a colecta probe<\/span><br \/>\n<span style=\"font-size: 14pt;\">3.Rezultatele sunt clar vizibile<\/span><br \/>\n<span style=\"font-size: 14pt;\">4.No echipament necesar<\/span><br \/>\n<span style=\"font-size: 14pt;\">5.Suitable pentru screening rapid la scar\u0103 larg\u0103<\/span><\/p>","protected":false},"excerpt":{"rendered":"<p>Produsul este un test imunocromatografic \u00een flux lateral pentru detectarea calitativ\u0103 a antigenului Parvovirusului felin (FPV Ag) \u00een probele de fecale de pisic\u0103.<\/p>\n<p>&nbsp;<\/p>\n<p>FPV poate provoca leucocitopenie felin\u0103, cunoscut\u0103 \u0219i sub numele de bolii de Carr\u00e9, \u0219i este o boal\u0103 acut\u0103 foarte contagioas\u0103. FPV poate fi transmis prin contact direct sau indirect \u00een condi\u021bii naturale \u0219i poate fi transmis pe vertical\u0103 la f\u0103t prin placent\u0103 \u00een timpul sarcinii. Carnea de moar\u0103 felin\u0103 este mai frecvent\u0103 iarna \u0219i prim\u0103vara.<\/p>","protected":false},"featured_media":1216,"comment_status":"open","ping_status":"closed","template":"","meta":[],"product_brand":[],"product_cat":[20,47],"product_tag":[],"class_list":{"0":"post-1220","1":"product","2":"type-product","3":"status-publish","4":"has-post-thumbnail","6":"product_cat-all-products","7":"product_cat-animals-diagnostic-rapid-test","8":"entry","10":"first","11":"instock","12":"shipping-taxable","13":"product-type-simple"},"_links":{"self":[{"href":"https:\/\/www.testsealabs-kit.com\/ro\/wp-json\/wp\/v2\/product\/1220","targetHints":{"allow":["GET"]}}],"collection":[{"href":"https:\/\/www.testsealabs-kit.com\/ro\/wp-json\/wp\/v2\/product"}],"about":[{"href":"https:\/\/www.testsealabs-kit.com\/ro\/wp-json\/wp\/v2\/types\/product"}],"replies":[{"embeddable":true,"href":"https:\/\/www.testsealabs-kit.com\/ro\/wp-json\/wp\/v2\/comments?post=1220"}],"wp:featuredmedia":[{"embeddable":true,"href":"https:\/\/www.testsealabs-kit.com\/ro\/wp-json\/wp\/v2\/media\/1216"}],"wp:attachment":[{"href":"https:\/\/www.testsealabs-kit.com\/ro\/wp-json\/wp\/v2\/media?parent=1220"}],"wp:term":[{"taxonomy":"product_brand","embeddable":true,"href":"https:\/\/www.testsealabs-kit.com\/ro\/wp-json\/wp\/v2\/product_brand?post=1220"},{"taxonomy":"product_cat","embeddable":true,"href":"https:\/\/www.testsealabs-kit.com\/ro\/wp-json\/wp\/v2\/product_cat?post=1220"},{"taxonomy":"product_tag","embeddable":true,"href":"https:\/\/www.testsealabs-kit.com\/ro\/wp-json\/wp\/v2\/product_tag?post=1220"}],"curies":[{"name":"wp","href":"https:\/\/api.w.org\/{rel}","templated":true}]}}