{"id":1222,"date":"2022-05-19T11:29:08","date_gmt":"2022-05-19T03:29:08","guid":{"rendered":"https:\/\/www.testsealabs-kit.com\/?post_type=product&#038;p=1222"},"modified":"2022-05-19T11:29:08","modified_gmt":"2022-05-19T03:29:08","slug":"pregnancy-relaxin-testrln","status":"publish","type":"product","link":"https:\/\/www.testsealabs-kit.com\/ro\/produs\/pregnancy-relaxin-testrln\/","title":{"rendered":"Test de sarcin\u0103 cu relaxin\u0103 (RLN)"},"content":{"rendered":"<p><span style=\"font-size: 14pt;\">1.Get rezultat \u00een termen de 15 minute<\/span><br \/>\n<span style=\"font-size: 14pt;\">2.Easy pentru a colecta probe<\/span><br \/>\n<span style=\"font-size: 14pt;\">3.Rezultatele sunt clar vizibile<\/span><br \/>\n<span style=\"font-size: 14pt;\">4.No echipament necesar<\/span><br \/>\n<span style=\"font-size: 14pt;\">5.Suitable pentru screening rapid la scar\u0103 larg\u0103<\/span><\/p>","protected":false},"excerpt":{"rendered":"<p>Produsul este un hormon specific generat \u00een principal de placent\u0103. Acesta este utilizat de obicei ca indicator al st\u0103rii de gesta\u021bie la c\u00e2inii femele. La c\u0103\u021belele gestante, relaxina poate fi detectat\u0103 \u00eencep\u00e2nd cu 15 zile dup\u0103 nidarea ovulului fertilizat \u00een peretele uterin. Testul RLN pentru relaxin\u0103 \u00een sarcin\u0103 este un test rapid pentru detectarea relaxinei la c\u0103\u021belele care pot fi gestante. Perioada de detec\u021bie sugerat\u0103 este de 22-30 de zile de la \u00eemperechere. Detectarea prea timpurie poate duce la un rezultat negativ atunci c\u00e2nd relaxina din ser este prea sc\u0103zut\u0103. Se sugereaz\u0103 repetarea testului dup\u0103 o s\u0103pt\u0103m\u00e2n\u0103 dac\u0103 s-a observat un rezultat negativ.<\/p>\n<p>Testul Canine Pregnancy Relaxin este un imunoanalizator cromatografic rapid pentru detectarea calitativ\u0103 a realxinei \u00een probele serice.<\/p>","protected":false},"featured_media":1216,"comment_status":"open","ping_status":"closed","template":"","meta":[],"product_brand":[],"product_cat":[20,47],"product_tag":[],"class_list":{"0":"post-1222","1":"product","2":"type-product","3":"status-publish","4":"has-post-thumbnail","6":"product_cat-all-products","7":"product_cat-animals-diagnostic-rapid-test","8":"entry","10":"first","11":"instock","12":"shipping-taxable","13":"product-type-simple"},"_links":{"self":[{"href":"https:\/\/www.testsealabs-kit.com\/ro\/wp-json\/wp\/v2\/product\/1222","targetHints":{"allow":["GET"]}}],"collection":[{"href":"https:\/\/www.testsealabs-kit.com\/ro\/wp-json\/wp\/v2\/product"}],"about":[{"href":"https:\/\/www.testsealabs-kit.com\/ro\/wp-json\/wp\/v2\/types\/product"}],"replies":[{"embeddable":true,"href":"https:\/\/www.testsealabs-kit.com\/ro\/wp-json\/wp\/v2\/comments?post=1222"}],"wp:featuredmedia":[{"embeddable":true,"href":"https:\/\/www.testsealabs-kit.com\/ro\/wp-json\/wp\/v2\/media\/1216"}],"wp:attachment":[{"href":"https:\/\/www.testsealabs-kit.com\/ro\/wp-json\/wp\/v2\/media?parent=1222"}],"wp:term":[{"taxonomy":"product_brand","embeddable":true,"href":"https:\/\/www.testsealabs-kit.com\/ro\/wp-json\/wp\/v2\/product_brand?post=1222"},{"taxonomy":"product_cat","embeddable":true,"href":"https:\/\/www.testsealabs-kit.com\/ro\/wp-json\/wp\/v2\/product_cat?post=1222"},{"taxonomy":"product_tag","embeddable":true,"href":"https:\/\/www.testsealabs-kit.com\/ro\/wp-json\/wp\/v2\/product_tag?post=1222"}],"curies":[{"name":"wp","href":"https:\/\/api.w.org\/{rel}","templated":true}]}}