{"id":1224,"date":"2022-05-19T11:31:00","date_gmt":"2022-05-19T03:31:00","guid":{"rendered":"https:\/\/www.testsealabs-kit.com\/?post_type=product&#038;p=1224"},"modified":"2022-05-19T11:31:01","modified_gmt":"2022-05-19T03:31:01","slug":"feline-leukemia-virus-antigen-testfelv-ag","status":"publish","type":"product","link":"https:\/\/www.testsealabs-kit.com\/ro\/produs\/feline-leukemia-virus-antigen-testfelv-ag\/","title":{"rendered":"Testul pentru antigenul virusului leucemiei feline (FeLV Ag)"},"content":{"rendered":"<p><span style=\"font-size: 14pt;\">1.Get rezultat \u00een termen de 15 minute<\/span><br \/>\n<span style=\"font-size: 14pt;\">2.Easy pentru a colecta probe<\/span><br \/>\n<span style=\"font-size: 14pt;\">3.Rezultatele sunt clar vizibile<\/span><br \/>\n<span style=\"font-size: 14pt;\">4.No echipament necesar<\/span><br \/>\n<span style=\"font-size: 14pt;\">5.Suitable pentru screening rapid la scar\u0103 larg\u0103<\/span><\/p>","protected":false},"excerpt":{"rendered":"<p>Produsul induce \u00een principal leucemie \u0219i boli de imunodeficien\u021b\u0103 la feline. FeLV poate fi transmis pe vertical\u0103 la genera\u021bia urm\u0103toare de c\u0103tre felinele infectate \u00een timpul sarcinii sau al\u0103pt\u0103rii sau pe orizontal\u0103 la popula\u021bia sensibil\u0103 prin contact cu saliva, glandele lacrimale, urina sau fecalele.<\/p>","protected":false},"featured_media":1216,"comment_status":"open","ping_status":"closed","template":"","meta":[],"product_brand":[],"product_cat":[20,47],"product_tag":[],"class_list":{"0":"post-1224","1":"product","2":"type-product","3":"status-publish","4":"has-post-thumbnail","6":"product_cat-all-products","7":"product_cat-animals-diagnostic-rapid-test","8":"entry","10":"first","11":"instock","12":"shipping-taxable","13":"product-type-simple"},"_links":{"self":[{"href":"https:\/\/www.testsealabs-kit.com\/ro\/wp-json\/wp\/v2\/product\/1224","targetHints":{"allow":["GET"]}}],"collection":[{"href":"https:\/\/www.testsealabs-kit.com\/ro\/wp-json\/wp\/v2\/product"}],"about":[{"href":"https:\/\/www.testsealabs-kit.com\/ro\/wp-json\/wp\/v2\/types\/product"}],"replies":[{"embeddable":true,"href":"https:\/\/www.testsealabs-kit.com\/ro\/wp-json\/wp\/v2\/comments?post=1224"}],"wp:featuredmedia":[{"embeddable":true,"href":"https:\/\/www.testsealabs-kit.com\/ro\/wp-json\/wp\/v2\/media\/1216"}],"wp:attachment":[{"href":"https:\/\/www.testsealabs-kit.com\/ro\/wp-json\/wp\/v2\/media?parent=1224"}],"wp:term":[{"taxonomy":"product_brand","embeddable":true,"href":"https:\/\/www.testsealabs-kit.com\/ro\/wp-json\/wp\/v2\/product_brand?post=1224"},{"taxonomy":"product_cat","embeddable":true,"href":"https:\/\/www.testsealabs-kit.com\/ro\/wp-json\/wp\/v2\/product_cat?post=1224"},{"taxonomy":"product_tag","embeddable":true,"href":"https:\/\/www.testsealabs-kit.com\/ro\/wp-json\/wp\/v2\/product_tag?post=1224"}],"curies":[{"name":"wp","href":"https:\/\/api.w.org\/{rel}","templated":true}]}}