{"id":1225,"date":"2022-05-19T11:32:42","date_gmt":"2022-05-19T03:32:42","guid":{"rendered":"https:\/\/www.testsealabs-kit.com\/?post_type=product&#038;p=1225"},"modified":"2022-05-19T11:32:42","modified_gmt":"2022-05-19T03:32:42","slug":"canine-heartworm-antigen-testchw-ag","status":"publish","type":"product","link":"https:\/\/www.testsealabs-kit.com\/ro\/produs\/canine-heartworm-antigen-testchw-ag\/","title":{"rendered":"Testul antigenului de vierme de inim\u0103 canin (CHW Ag)"},"content":{"rendered":"<p><span style=\"font-size: 14pt;\">1.Get rezultat \u00een termen de 15 minute<\/span><br \/>\n<span style=\"font-size: 14pt;\">2.Easy pentru a colecta probe<\/span><br \/>\n<span style=\"font-size: 14pt;\">3.Rezultatele sunt clar vizibile<\/span><br \/>\n<span style=\"font-size: 14pt;\">4.No echipament necesar<\/span><br \/>\n<span style=\"font-size: 14pt;\">5.Suitable pentru screening rapid la scar\u0103 larg\u0103<\/span><\/p>","protected":false},"excerpt":{"rendered":"<p>Produsul este un test imunocromatografic cu flux lateral de tip sandwich pentru detectarea calitativ\u0103 a antigenului de vierme de inim\u0103 canin (CHW Ag) \u00een s\u00e2ngele\/serul canin integral.<\/p>\n<p>&nbsp;<\/p>\n<p>CHW este o boal\u0103 infec\u021bioas\u0103 care poate infecta c\u00e2inii de orice v\u00e2rst\u0103 prin \u00een\u021bep\u0103tura de \u021b\u00e2n\u021bar. Deoarece CHW tr\u0103ie\u0219te \u00een inima caninelor, poate provoca endocardit\u0103 cronic\u0103, hipertrofie cardiac\u0103 \u0219i dilatare ventricular\u0103 dreapt\u0103. Atunci c\u00e2nd infec\u021bia este sever\u0103, congestia venoas\u0103 poate duce la ascit\u0103 \u0219i hepatomegalie.<\/p>","protected":false},"featured_media":1216,"comment_status":"open","ping_status":"closed","template":"","meta":[],"product_brand":[],"product_cat":[20,47],"product_tag":[],"class_list":{"0":"post-1225","1":"product","2":"type-product","3":"status-publish","4":"has-post-thumbnail","6":"product_cat-all-products","7":"product_cat-animals-diagnostic-rapid-test","8":"entry","10":"first","11":"instock","12":"shipping-taxable","13":"product-type-simple"},"_links":{"self":[{"href":"https:\/\/www.testsealabs-kit.com\/ro\/wp-json\/wp\/v2\/product\/1225","targetHints":{"allow":["GET"]}}],"collection":[{"href":"https:\/\/www.testsealabs-kit.com\/ro\/wp-json\/wp\/v2\/product"}],"about":[{"href":"https:\/\/www.testsealabs-kit.com\/ro\/wp-json\/wp\/v2\/types\/product"}],"replies":[{"embeddable":true,"href":"https:\/\/www.testsealabs-kit.com\/ro\/wp-json\/wp\/v2\/comments?post=1225"}],"wp:featuredmedia":[{"embeddable":true,"href":"https:\/\/www.testsealabs-kit.com\/ro\/wp-json\/wp\/v2\/media\/1216"}],"wp:attachment":[{"href":"https:\/\/www.testsealabs-kit.com\/ro\/wp-json\/wp\/v2\/media?parent=1225"}],"wp:term":[{"taxonomy":"product_brand","embeddable":true,"href":"https:\/\/www.testsealabs-kit.com\/ro\/wp-json\/wp\/v2\/product_brand?post=1225"},{"taxonomy":"product_cat","embeddable":true,"href":"https:\/\/www.testsealabs-kit.com\/ro\/wp-json\/wp\/v2\/product_cat?post=1225"},{"taxonomy":"product_tag","embeddable":true,"href":"https:\/\/www.testsealabs-kit.com\/ro\/wp-json\/wp\/v2\/product_tag?post=1225"}],"curies":[{"name":"wp","href":"https:\/\/api.w.org\/{rel}","templated":true}]}}