{"id":945,"date":"2022-04-25T20:40:10","date_gmt":"2022-04-25T12:40:10","guid":{"rendered":"https:\/\/www.testsealabs-kit.com\/?post_type=product&#038;p=945"},"modified":"2022-05-10T23:01:59","modified_gmt":"2022-05-10T15:01:59","slug":"flu-a-b-covid-19-antigen-combo-test-cassette-professional-use","status":"publish","type":"product","link":"https:\/\/www.testsealabs-kit.com\/ro\/produs\/flu-a-b-covid-19-antigen-combo-test-cassette-professional-use\/","title":{"rendered":"Caseta de testare Combo Antigen A\/B + COVID-19 pentru testul de grip\u0103 A\/B - uz profesional"},"content":{"rendered":"<p>\u3010Utilizare preconizat\u0103\u3011.<\/p>\n<p>Testul este destinat utiliz\u0103rii \u00een detectarea \u0219i diferen\u021bierea simultan\u0103 rapid\u0103 in vitro a<\/p>\n<p>virusul gripal A, virusul gripal B \u0219i antigenul proteinei nucleocapside a virusului COVID-19 , dar nu<\/p>\n<p>nu diferen\u021biaz\u0103, \u00eentre virusurile SARS-CoV \u0219i COVID-19 \u0219i nu este destinat s\u0103 detecteze<\/p>\n<p>antigene gripale C. Caracteristicile de performan\u021b\u0103 pot varia fa\u021b\u0103 de alte virusuri gripale emergente<\/p>\n<p>viru\u0219i.<\/p>\n<p>Antigenele virale ale gripei A, gripei B \u0219i COVID-19 sunt, \u00een general, detectabile \u00een probele respiratorii superioare \u00een timpul fazei acute a infec\u021biei. Rezultatele pozitive indic\u0103 prezen\u021ba antigenelor virale, dar este necesar\u0103 corelarea clinic\u0103 cu istoricul pacientului \u0219i cu alte informa\u021bii de diagnostic pentru a determina starea infec\u021biei.<\/p>\n<p>Rezultatele pozitive nu exclud infec\u021bia bacterian\u0103 sau co-infec\u021bia cu al\u021bi viru\u0219i. Agentul<\/p>\n<p>detectat\u0103 poate s\u0103 nu fie cauza definitiv\u0103 a bolii.<\/p>\n<p>Rezultatele negative ale testului COVID-19, la pacien\u021bii cu simptome ap\u0103rute dup\u0103 cinci zile, ar trebui s\u0103 fie<\/p>\n<p>tratate ca prezumtive \u0219i confirmarea cu un test molecular, dac\u0103 este necesar, pentru pacient<\/p>\n<p>poate fi efectuat un control. Rezultatele negative nu exclud COVID-19 \u0219i nu ar trebui s\u0103 fie<\/p>\n<p>utilizate ca baz\u0103 unic\u0103 pentru deciziile privind tratamentul sau gestionarea pacientului, inclusiv infec\u021bia<\/p>\n<p>deciziile de control. Rezultatele negative trebuie s\u0103 fie luate \u00een considerare \u00een contextul situa\u021biei recente a pacientului<\/p>\n<p>expunerile, istoricul \u0219i prezen\u021ba semnelor \u0219i simptomelor clinice compatibile cu COVID-19.<\/p>\n<p>Rezultatele negative nu exclud infec\u021biile cu virusul gripal \u0219i nu ar trebui s\u0103 fie utilizate ca singurul<\/p>\n<p>baza pentru tratament sau alte decizii privind gestionarea pacientului.<\/p>\n<p>\u3010Certificat\u3011<\/p>\n<p>CE, ISO9001, ISO13485<\/p>","protected":false},"excerpt":{"rendered":"<p>Testul antigen COVID-19 Test de autotestare cu caset\u0103 \u7b80\u77ed\u63cf\u8ff0<\/p>","protected":false},"featured_media":948,"comment_status":"open","ping_status":"closed","template":"","meta":[],"product_brand":[],"product_cat":[20,26],"product_tag":[],"class_list":{"0":"post-945","1":"product","2":"type-product","3":"status-publish","4":"has-post-thumbnail","6":"product_cat-all-products","7":"product_cat-covid-19-sars-cov-2-rapid-test","8":"entry","10":"first","11":"instock","12":"shipping-taxable","13":"purchasable","14":"product-type-variable","15":"has-default-attributes"},"_links":{"self":[{"href":"https:\/\/www.testsealabs-kit.com\/ro\/wp-json\/wp\/v2\/product\/945","targetHints":{"allow":["GET"]}}],"collection":[{"href":"https:\/\/www.testsealabs-kit.com\/ro\/wp-json\/wp\/v2\/product"}],"about":[{"href":"https:\/\/www.testsealabs-kit.com\/ro\/wp-json\/wp\/v2\/types\/product"}],"replies":[{"embeddable":true,"href":"https:\/\/www.testsealabs-kit.com\/ro\/wp-json\/wp\/v2\/comments?post=945"}],"wp:featuredmedia":[{"embeddable":true,"href":"https:\/\/www.testsealabs-kit.com\/ro\/wp-json\/wp\/v2\/media\/948"}],"wp:attachment":[{"href":"https:\/\/www.testsealabs-kit.com\/ro\/wp-json\/wp\/v2\/media?parent=945"}],"wp:term":[{"taxonomy":"product_brand","embeddable":true,"href":"https:\/\/www.testsealabs-kit.com\/ro\/wp-json\/wp\/v2\/product_brand?post=945"},{"taxonomy":"product_cat","embeddable":true,"href":"https:\/\/www.testsealabs-kit.com\/ro\/wp-json\/wp\/v2\/product_cat?post=945"},{"taxonomy":"product_tag","embeddable":true,"href":"https:\/\/www.testsealabs-kit.com\/ro\/wp-json\/wp\/v2\/product_tag?post=945"}],"curies":[{"name":"wp","href":"https:\/\/api.w.org\/{rel}","templated":true}]}}