{"id":991,"date":"2022-04-25T21:15:23","date_gmt":"2022-04-25T13:15:23","guid":{"rendered":"https:\/\/www.testsealabs-kit.com\/?post_type=product&#038;p=991"},"modified":"2022-05-19T11:06:22","modified_gmt":"2022-05-19T03:06:22","slug":"canine-parvo-virus-antigen-test-cassettecpv-ag","status":"publish","type":"product","link":"https:\/\/www.testsealabs-kit.com\/ro\/produs\/canine-parvo-virus-antigen-test-cassettecpv-ag\/","title":{"rendered":"Caseta de testare a antigenului virusului Parvo canin (CPV AG)"},"content":{"rendered":"<p><span style=\"font-size: 14pt;\">1.Get rezultat \u00een termen de 15 minute<\/span><\/p>\n<p><span style=\"font-size: 14pt;\">2.Easy pentru a colecta probe<\/span><\/p>\n<p><span style=\"font-size: 14pt;\">3.Rezultatele sunt clar vizibile<\/span><\/p>\n<p><span style=\"font-size: 14pt;\">4.No echipament necesar<\/span><\/p>\n<p><span style=\"font-size: 14pt;\">5.Suitable pentru screening rapid la scar\u0103 larg\u0103<\/span><\/p>","protected":false},"excerpt":{"rendered":"<p>Produsul este un test imunocromatografic cu flux lateral pentru detectarea calitativ\u0103 a antigenelor Parvovirusului canin (CPV Ag) \u00een fecalele c\u00e2inilor.<\/p>\n<p>&nbsp;<\/p>\n<p>Dup\u0103 infectarea cu CPV, CPV va ataca celulele epiteliului intestinal \u0219i ale mu\u0219chiului cardiac la canide, iar manifest\u0103rile clinice sunt bolile gastrointestinale \u0219i miocardita, c\u0103\u021beii suferind mai ales miocardita. Dup\u0103 infectare, caninii vor avea o inciden\u021b\u0103 \u0219i o rat\u0103 de mortalitate ridicate. CPV prezint\u0103 adesea un focar epidemic, iar caninii de diferite v\u00e2rste, sexe \u0219i rase pot fi infecta\u021bi.<\/p>","protected":false},"featured_media":1216,"comment_status":"open","ping_status":"closed","template":"","meta":[],"product_brand":[],"product_cat":[20,47],"product_tag":[],"class_list":{"0":"post-991","1":"product","2":"type-product","3":"status-publish","4":"has-post-thumbnail","6":"product_cat-all-products","7":"product_cat-animals-diagnostic-rapid-test","8":"entry","10":"first","11":"instock","12":"shipping-taxable","13":"purchasable","14":"product-type-variable","15":"has-default-attributes"},"_links":{"self":[{"href":"https:\/\/www.testsealabs-kit.com\/ro\/wp-json\/wp\/v2\/product\/991","targetHints":{"allow":["GET"]}}],"collection":[{"href":"https:\/\/www.testsealabs-kit.com\/ro\/wp-json\/wp\/v2\/product"}],"about":[{"href":"https:\/\/www.testsealabs-kit.com\/ro\/wp-json\/wp\/v2\/types\/product"}],"replies":[{"embeddable":true,"href":"https:\/\/www.testsealabs-kit.com\/ro\/wp-json\/wp\/v2\/comments?post=991"}],"wp:featuredmedia":[{"embeddable":true,"href":"https:\/\/www.testsealabs-kit.com\/ro\/wp-json\/wp\/v2\/media\/1216"}],"wp:attachment":[{"href":"https:\/\/www.testsealabs-kit.com\/ro\/wp-json\/wp\/v2\/media?parent=991"}],"wp:term":[{"taxonomy":"product_brand","embeddable":true,"href":"https:\/\/www.testsealabs-kit.com\/ro\/wp-json\/wp\/v2\/product_brand?post=991"},{"taxonomy":"product_cat","embeddable":true,"href":"https:\/\/www.testsealabs-kit.com\/ro\/wp-json\/wp\/v2\/product_cat?post=991"},{"taxonomy":"product_tag","embeddable":true,"href":"https:\/\/www.testsealabs-kit.com\/ro\/wp-json\/wp\/v2\/product_tag?post=991"}],"curies":[{"name":"wp","href":"https:\/\/api.w.org\/{rel}","templated":true}]}}