{"id":24,"date":"2022-04-01T00:50:46","date_gmt":"2022-03-31T16:50:46","guid":{"rendered":"https:\/\/www.testsealabs-kit.com\/?page_id=24"},"modified":"2022-04-04T01:18:56","modified_gmt":"2022-04-03T17:18:56","slug":"faqs","status":"publish","type":"page","link":"https:\/\/www.testsealabs-kit.com\/sk\/faqs\/","title":{"rendered":"\u010casto kladen\u00e9 ot\u00e1zky"},"content":{"rendered":"<div data-elementor-type=\"wp-page\" data-elementor-id=\"24\" class=\"elementor elementor-24\">\n\t\t\t\t\t\t<section class=\"elementor-section elementor-top-section elementor-element elementor-element-6dbcbf2 elementor-section-boxed elementor-section-height-default elementor-section-height-default\" data-id=\"6dbcbf2\" data-element_type=\"section\" data-settings=\"{&quot;background_background&quot;:&quot;classic&quot;}\">\n\t\t\t\t\t\t<div class=\"elementor-container elementor-column-gap-default\">\n\t\t\t\t\t<div class=\"elementor-column elementor-col-100 elementor-top-column elementor-element elementor-element-db0c295\" data-id=\"db0c295\" data-element_type=\"column\">\n\t\t\t<div class=\"elementor-widget-wrap elementor-element-populated\">\n\t\t\t\t\t\t<div class=\"elementor-element elementor-element-386dfd1 elementor-widget elementor-widget-woocommerce-breadcrumb\" data-id=\"386dfd1\" data-element_type=\"widget\" data-widget_type=\"woocommerce-breadcrumb.default\">\n\t\t\t\t<div class=\"elementor-widget-container\">\n\t\t\t\t\t<nav class=\"woocommerce-breadcrumb\" aria-label=\"Breadcrumb\" data-no-translation=\"\" data-trp-gettext=\"\">Domov<\/nav>\t\t\t\t<\/div>\n\t\t\t\t<\/div>\n\t\t\t\t\t<\/div>\n\t\t<\/div>\n\t\t\t\t\t<\/div>\n\t\t<\/section>\n\t\t\t\t<section class=\"elementor-section elementor-top-section elementor-element elementor-element-8189089 elementor-section-boxed elementor-section-height-default elementor-section-height-default\" data-id=\"8189089\" data-element_type=\"section\">\n\t\t\t\t\t\t<div class=\"elementor-container elementor-column-gap-default\">\n\t\t\t\t\t<div class=\"elementor-column elementor-col-100 elementor-top-column elementor-element elementor-element-64fc686\" data-id=\"64fc686\" data-element_type=\"column\">\n\t\t\t<div class=\"elementor-widget-wrap elementor-element-populated\">\n\t\t\t\t\t\t<div class=\"elementor-element elementor-element-a3221c8 elementor-widget elementor-widget-heading\" data-id=\"a3221c8\" data-element_type=\"widget\" data-widget_type=\"heading.default\">\n\t\t\t\t<div class=\"elementor-widget-container\">\n\t\t\t\t\t<div class=\"elementor-heading-title elementor-size-default\">\u010casto kladen\u00e9 ot\u00e1zky<\/div>\t\t\t\t<\/div>\n\t\t\t\t<\/div>\n\t\t\t\t\t<\/div>\n\t\t<\/div>\n\t\t\t\t\t<\/div>\n\t\t<\/section>\n\t\t\t\t<section class=\"elementor-section elementor-top-section elementor-element elementor-element-bc5c444 elementor-section-boxed elementor-section-height-default elementor-section-height-default\" data-id=\"bc5c444\" data-element_type=\"section\" data-settings=\"{&quot;background_background&quot;:&quot;classic&quot;}\">\n\t\t\t\t\t\t<div class=\"elementor-container elementor-column-gap-default\">\n\t\t\t\t\t<div class=\"elementor-column elementor-col-100 elementor-top-column elementor-element elementor-element-b97a305\" data-id=\"b97a305\" data-element_type=\"column\" data-settings=\"{&quot;background_background&quot;:&quot;classic&quot;}\">\n\t\t\t<div class=\"elementor-widget-wrap elementor-element-populated\">\n\t\t\t\t\t\t<div class=\"elementor-element elementor-element-7aabbc4 elementor-widget elementor-widget-heading\" data-id=\"7aabbc4\" data-element_type=\"widget\" data-widget_type=\"heading.default\">\n\t\t\t\t<div class=\"elementor-widget-container\">\n\t\t\t\t\t<div class=\"elementor-heading-title elementor-size-default\">\u010cASTO KLADEN\u00c9 OT\u00c1ZKY<\/div>\t\t\t\t<\/div>\n\t\t\t\t<\/div>\n\t\t\t\t<div class=\"elementor-element elementor-element-612a593 elementor-widget elementor-widget-heading\" data-id=\"612a593\" data-element_type=\"widget\" data-widget_type=\"heading.default\">\n\t\t\t\t<div class=\"elementor-widget-container\">\n\t\t\t\t\t<div class=\"elementor-heading-title elementor-size-default\">\u010cASTO KLADEN\u00c9 OT\u00c1ZKY<\/div>\t\t\t\t<\/div>\n\t\t\t\t<\/div>\n\t\t\t\t\t<\/div>\n\t\t<\/div>\n\t\t\t\t\t<\/div>\n\t\t<\/section>\n\t\t\t\t<section class=\"elementor-section elementor-top-section elementor-element elementor-element-c3e16a1 elementor-section-boxed elementor-section-height-default elementor-section-height-default\" data-id=\"c3e16a1\" data-element_type=\"section\">\n\t\t\t\t\t\t<div class=\"elementor-container elementor-column-gap-default\">\n\t\t\t\t\t<div class=\"elementor-column elementor-col-100 elementor-top-column elementor-element elementor-element-236feeb\" data-id=\"236feeb\" data-element_type=\"column\">\n\t\t\t<div class=\"elementor-widget-wrap elementor-element-populated\">\n\t\t\t\t\t\t<div class=\"elementor-element elementor-element-c621dc4 custom-faq elementor-widget elementor-widget-toggle\" data-id=\"c621dc4\" data-element_type=\"widget\" data-widget_type=\"toggle.default\">\n\t\t\t\t<div class=\"elementor-widget-container\">\n\t\t\t\t\t\t\t<div class=\"elementor-toggle\">\n\t\t\t\t\t\t\t<div class=\"elementor-toggle-item\">\n\t\t\t\t\t<div id=\"elementor-tab-title-2071\" class=\"elementor-tab-title\" data-tab=\"1\" role=\"button\" aria-controls=\"elementor-tab-content-2071\" aria-expanded=\"false\">\n\t\t\t\t\t\t\t\t\t\t\t\t<span class=\"elementor-toggle-icon elementor-toggle-icon-left\" aria-hidden=\"true\">\n\t\t\t\t\t\t\t\t\t\t\t\t\t\t\t<span class=\"elementor-toggle-icon-closed\"><i class=\"fas fa-plus\"><\/i><\/span>\n\t\t\t\t\t\t\t\t<span class=\"elementor-toggle-icon-opened\"><i class=\"elementor-toggle-icon-opened fas fa-minus\"><\/i><\/span>\n\t\t\t\t\t\t\t\t\t\t\t\t\t<\/span>\n\t\t\t\t\t\t\t\t\t\t\t\t<a class=\"elementor-toggle-title\" tabindex=\"0\">Ak\u00e9 s\u00fa va\u0161e ceny?<\/a>\n\t\t\t\t\t<\/div>\n\n\t\t\t\t\t<div id=\"elementor-tab-content-2071\" class=\"elementor-tab-content elementor-clearfix\" data-tab=\"1\" role=\"region\" aria-labelledby=\"elementor-tab-title-2071\">Na\u0161e ceny sa m\u00f4\u017eu meni\u0165 v z\u00e1vislosti od ponuky a in\u00fdch trhov\u00fdch faktorov. Aktualizovan\u00fd cenn\u00edk v\u00e1m za\u0161leme po tom, ako n\u00e1s va\u0161a spolo\u010dnos\u0165 kontaktuje a poskytne n\u00e1m \u010fal\u0161ie inform\u00e1cie.<\/div>\n\t\t\t\t<\/div>\n\t\t\t\t\t\t\t<div class=\"elementor-toggle-item\">\n\t\t\t\t\t<div id=\"elementor-tab-title-2072\" class=\"elementor-tab-title\" data-tab=\"2\" role=\"button\" aria-controls=\"elementor-tab-content-2072\" aria-expanded=\"false\">\n\t\t\t\t\t\t\t\t\t\t\t\t<span class=\"elementor-toggle-icon elementor-toggle-icon-left\" aria-hidden=\"true\">\n\t\t\t\t\t\t\t\t\t\t\t\t\t\t\t<span class=\"elementor-toggle-icon-closed\"><i class=\"fas fa-plus\"><\/i><\/span>\n\t\t\t\t\t\t\t\t<span class=\"elementor-toggle-icon-opened\"><i class=\"elementor-toggle-icon-opened fas fa-minus\"><\/i><\/span>\n\t\t\t\t\t\t\t\t\t\t\t\t\t<\/span>\n\t\t\t\t\t\t\t\t\t\t\t\t<a class=\"elementor-toggle-title\" tabindex=\"0\">M\u00e1te stanoven\u00e9 minim\u00e1lne mno\u017estvo objedn\u00e1vky?<\/a>\n\t\t\t\t\t<\/div>\n\n\t\t\t\t\t<div id=\"elementor-tab-content-2072\" class=\"elementor-tab-content elementor-clearfix\" data-tab=\"2\" role=\"region\" aria-labelledby=\"elementor-tab-title-2072\"><p>\u00c1no, pri v\u0161etk\u00fdch medzin\u00e1rodn\u00fdch objedn\u00e1vkach vy\u017eadujeme priebe\u017en\u00e9 minim\u00e1lne mno\u017estvo objedn\u00e1vky. Ak chcete \u010falej pred\u00e1va\u0165, ale v ove\u013ea men\u0161\u00edch mno\u017estv\u00e1ch, odpor\u00fa\u010dame v\u00e1m pozrie\u0165 si na\u0161u webov\u00fa str\u00e1nku<\/p><\/div>\n\t\t\t\t<\/div>\n\t\t\t\t\t\t\t<div class=\"elementor-toggle-item\">\n\t\t\t\t\t<div id=\"elementor-tab-title-2073\" class=\"elementor-tab-title\" data-tab=\"3\" role=\"button\" aria-controls=\"elementor-tab-content-2073\" aria-expanded=\"false\">\n\t\t\t\t\t\t\t\t\t\t\t\t<span class=\"elementor-toggle-icon elementor-toggle-icon-left\" aria-hidden=\"true\">\n\t\t\t\t\t\t\t\t\t\t\t\t\t\t\t<span class=\"elementor-toggle-icon-closed\"><i class=\"fas fa-plus\"><\/i><\/span>\n\t\t\t\t\t\t\t\t<span class=\"elementor-toggle-icon-opened\"><i class=\"elementor-toggle-icon-opened fas fa-minus\"><\/i><\/span>\n\t\t\t\t\t\t\t\t\t\t\t\t\t<\/span>\n\t\t\t\t\t\t\t\t\t\t\t\t<a class=\"elementor-toggle-title\" tabindex=\"0\">M\u00f4\u017eete poskytn\u00fa\u0165 pr\u00edslu\u0161n\u00fa dokument\u00e1ciu?<\/a>\n\t\t\t\t\t<\/div>\n\n\t\t\t\t\t<div id=\"elementor-tab-content-2073\" class=\"elementor-tab-content elementor-clearfix\" data-tab=\"3\" role=\"region\" aria-labelledby=\"elementor-tab-title-2073\"><p>\u00c1no, v pr\u00edpade potreby m\u00f4\u017eeme poskytn\u00fa\u0165 v\u00e4\u010d\u0161inu dokument\u00e1cie vr\u00e1tane certifik\u00e1tov o anal\u00fdze \/ zhode, poistenia, p\u00f4vodu a in\u00fdch v\u00fdvozn\u00fdch dokumentov.\u00c1no, v pr\u00edpade potreby m\u00f4\u017eeme poskytn\u00fa\u0165 v\u00e4\u010d\u0161inu dokument\u00e1cie vr\u00e1tane certifik\u00e1tov o anal\u00fdze \/ zhode, poistenia, p\u00f4vodu a in\u00fdch v\u00fdvozn\u00fdch dokumentov.<\/p><\/div>\n\t\t\t\t<\/div>\n\t\t\t\t\t\t\t<div class=\"elementor-toggle-item\">\n\t\t\t\t\t<div id=\"elementor-tab-title-2074\" class=\"elementor-tab-title\" data-tab=\"4\" role=\"button\" aria-controls=\"elementor-tab-content-2074\" aria-expanded=\"false\">\n\t\t\t\t\t\t\t\t\t\t\t\t<span class=\"elementor-toggle-icon elementor-toggle-icon-left\" aria-hidden=\"true\">\n\t\t\t\t\t\t\t\t\t\t\t\t\t\t\t<span class=\"elementor-toggle-icon-closed\"><i class=\"fas fa-plus\"><\/i><\/span>\n\t\t\t\t\t\t\t\t<span class=\"elementor-toggle-icon-opened\"><i class=\"elementor-toggle-icon-opened fas fa-minus\"><\/i><\/span>\n\t\t\t\t\t\t\t\t\t\t\t\t\t<\/span>\n\t\t\t\t\t\t\t\t\t\t\t\t<a class=\"elementor-toggle-title\" tabindex=\"0\">Ak\u00fd je priemern\u00fd \u010das realiz\u00e1cie?<\/a>\n\t\t\t\t\t<\/div>\n\n\t\t\t\t\t<div id=\"elementor-tab-content-2074\" class=\"elementor-tab-content elementor-clearfix\" data-tab=\"4\" role=\"region\" aria-labelledby=\"elementor-tab-title-2074\"><p>V pr\u00edpade vzoriek je doba dodania pribli\u017ene 7 dn\u00ed. Pri s\u00e9riovej v\u00fdrobe je doba realiz\u00e1cie 20-30 dn\u00ed od prijatia z\u00e1lohy. Dodacie lehoty za\u010d\u00ednaj\u00fa plati\u0165, ke\u010f (1) sme dostali va\u0161u z\u00e1lohu a (2) m\u00e1me va\u0161e kone\u010dn\u00e9 schv\u00e1lenie v\u00fdrobkov. Ak sa na\u0161e dodacie lehoty nezhoduj\u00fa s va\u0161\u00edm term\u00ednom, prejdite si svoje po\u017eiadavky pri predaji. Vo v\u0161etk\u00fdch pr\u00edpadoch sa budeme sna\u017ei\u0165 vyhovie\u0165 va\u0161im potreb\u00e1m. Vo v\u00e4\u010d\u0161ine pr\u00edpadov sme schopn\u00ed tak urobi\u0165.<\/p><\/div>\n\t\t\t\t<\/div>\n\t\t\t\t\t\t\t<div class=\"elementor-toggle-item\">\n\t\t\t\t\t<div id=\"elementor-tab-title-2075\" class=\"elementor-tab-title\" data-tab=\"5\" role=\"button\" aria-controls=\"elementor-tab-content-2075\" aria-expanded=\"false\">\n\t\t\t\t\t\t\t\t\t\t\t\t<span class=\"elementor-toggle-icon elementor-toggle-icon-left\" aria-hidden=\"true\">\n\t\t\t\t\t\t\t\t\t\t\t\t\t\t\t<span class=\"elementor-toggle-icon-closed\"><i class=\"fas fa-plus\"><\/i><\/span>\n\t\t\t\t\t\t\t\t<span class=\"elementor-toggle-icon-opened\"><i class=\"elementor-toggle-icon-opened fas fa-minus\"><\/i><\/span>\n\t\t\t\t\t\t\t\t\t\t\t\t\t<\/span>\n\t\t\t\t\t\t\t\t\t\t\t\t<a class=\"elementor-toggle-title\" tabindex=\"0\">Ak\u00e1 je z\u00e1ruka na v\u00fdrobok?<\/a>\n\t\t\t\t\t<\/div>\n\n\t\t\t\t\t<div id=\"elementor-tab-content-2075\" class=\"elementor-tab-content elementor-clearfix\" data-tab=\"5\" role=\"region\" aria-labelledby=\"elementor-tab-title-2075\"><p>Na na\u0161e materi\u00e1ly a spracovanie poskytujeme z\u00e1ruku. Na\u0161\u00edm z\u00e1v\u00e4zkom je va\u0161a spokojnos\u0165 s na\u0161imi v\u00fdrobkami. V z\u00e1ruke alebo mimo nej je kult\u00farou na\u0161ej spolo\u010dnosti rie\u0161i\u0165 a vyrie\u0161i\u0165 v\u0161etky probl\u00e9my z\u00e1kazn\u00edkov k ich spokojnosti<\/p><\/div>\n\t\t\t\t<\/div>\n\t\t\t\t\t\t\t<div class=\"elementor-toggle-item\">\n\t\t\t\t\t<div id=\"elementor-tab-title-2076\" class=\"elementor-tab-title\" data-tab=\"6\" role=\"button\" aria-controls=\"elementor-tab-content-2076\" aria-expanded=\"false\">\n\t\t\t\t\t\t\t\t\t\t\t\t<span class=\"elementor-toggle-icon elementor-toggle-icon-left\" aria-hidden=\"true\">\n\t\t\t\t\t\t\t\t\t\t\t\t\t\t\t<span class=\"elementor-toggle-icon-closed\"><i class=\"fas fa-plus\"><\/i><\/span>\n\t\t\t\t\t\t\t\t<span class=\"elementor-toggle-icon-opened\"><i class=\"elementor-toggle-icon-opened fas fa-minus\"><\/i><\/span>\n\t\t\t\t\t\t\t\t\t\t\t\t\t<\/span>\n\t\t\t\t\t\t\t\t\t\t\t\t<a class=\"elementor-toggle-title\" tabindex=\"0\">Zaru\u010dujete bezpe\u010dn\u00e9 a spo\u013eahliv\u00e9 dodanie v\u00fdrobkov?<\/a>\n\t\t\t\t\t<\/div>\n\n\t\t\t\t\t<div id=\"elementor-tab-content-2076\" class=\"elementor-tab-content elementor-clearfix\" data-tab=\"6\" role=\"region\" aria-labelledby=\"elementor-tab-title-2076\"><p>\u00c1no, v\u017edy pou\u017e\u00edvame vysokokvalitn\u00e9 exportn\u00e9 obaly. Pou\u017e\u00edvame aj \u0161pecializovan\u00e9 obaly na nebezpe\u010dn\u00fd tovar a overen\u00e9 chladiarensk\u00e9 obaly na tovar citliv\u00fd na teplotu. \u0160pecializovan\u00e9 balenie a ne\u0161tandardn\u00e9 po\u017eiadavky na balenie m\u00f4\u017eu by\u0165 spoplatnen\u00e9.<\/p><\/div>\n\t\t\t\t<\/div>\n\t\t\t\t\t\t\t<div class=\"elementor-toggle-item\">\n\t\t\t\t\t<div id=\"elementor-tab-title-2077\" class=\"elementor-tab-title\" data-tab=\"7\" role=\"button\" aria-controls=\"elementor-tab-content-2077\" aria-expanded=\"false\">\n\t\t\t\t\t\t\t\t\t\t\t\t<span class=\"elementor-toggle-icon elementor-toggle-icon-left\" aria-hidden=\"true\">\n\t\t\t\t\t\t\t\t\t\t\t\t\t\t\t<span class=\"elementor-toggle-icon-closed\"><i class=\"fas fa-plus\"><\/i><\/span>\n\t\t\t\t\t\t\t\t<span class=\"elementor-toggle-icon-opened\"><i class=\"elementor-toggle-icon-opened fas fa-minus\"><\/i><\/span>\n\t\t\t\t\t\t\t\t\t\t\t\t\t<\/span>\n\t\t\t\t\t\t\t\t\t\t\t\t<a class=\"elementor-toggle-title\" tabindex=\"0\">Ako je to s prepravn\u00fdmi poplatkami?<\/a>\n\t\t\t\t\t<\/div>\n\n\t\t\t\t\t<div id=\"elementor-tab-content-2077\" class=\"elementor-tab-content elementor-clearfix\" data-tab=\"7\" role=\"region\" aria-labelledby=\"elementor-tab-title-2077\"><p>N\u00e1klady na dopravu z\u00e1visia od sp\u00f4sobu, ktor\u00fd si vyberiete na z\u00edskanie tovaru. Expresn\u00fd sp\u00f4sob je zvy\u010dajne najr\u00fdchlej\u0161\u00ed, ale aj najdrah\u0161\u00ed. N\u00e1morn\u00e1 preprava je najlep\u0161\u00edm rie\u0161en\u00edm pre ve\u013ek\u00e9 mno\u017estv\u00e1. Presn\u00e9 ceny za prepravu v\u00e1m m\u00f4\u017eeme poskytn\u00fa\u0165 len vtedy, ak pozn\u00e1me podrobnosti o mno\u017estve, hmotnosti a sp\u00f4sobe. Pre \u010fal\u0161ie inform\u00e1cie n\u00e1s pros\u00edm kontaktujte.<\/p><\/div>\n\t\t\t\t<\/div>\n\t\t\t\t\t\t\t\t<\/div>\n\t\t\t\t\t\t<\/div>\n\t\t\t\t<\/div>\n\t\t\t\t\t<\/div>\n\t\t<\/div>\n\t\t\t\t\t<\/div>\n\t\t<\/section>\n\t\t\t\t<\/div>","protected":false},"excerpt":{"rendered":"<p>\u010casto kladen\u00e9 ot\u00e1zky \u010casto kladen\u00e9 ot\u00e1zky Ak\u00e9 s\u00fa va\u0161e ceny? Na\u0161e ceny sa m\u00f4\u017eu meni\u0165 v z\u00e1vislosti od ponuky a in\u00fdch trhov\u00fdch faktorov. Aktualizovan\u00fd cenn\u00edk v\u00e1m za\u0161leme po tom, ako n\u00e1s va\u0161a spolo\u010dnos\u0165 kontaktuje a poskytne n\u00e1m \u010fal\u0161ie inform\u00e1cie. M\u00e1te stanoven\u00e9 minim\u00e1lne mno\u017estvo objedn\u00e1vky? \u00c1no, pri v\u0161etk\u00fdch medzin\u00e1rodn\u00fdch objedn\u00e1vkach vy\u017eadujeme priebe\u017en\u00e9... <a class=\"more-link\" href=\"https:\/\/www.testsealabs-kit.com\/sk\/faqs\/\">Pokra\u010dova\u0165 v \u010d\u00edtan\u00ed <span class=\"screen-reader-text\">\u010casto kladen\u00e9 ot\u00e1zky<\/span><\/a><\/p>","protected":false},"author":1,"featured_media":0,"parent":0,"menu_order":0,"comment_status":"closed","ping_status":"closed","template":"elementor_header_footer","meta":{"footnotes":""},"class_list":["post-24","page","type-page","status-publish","hentry","entry"],"_links":{"self":[{"href":"https:\/\/www.testsealabs-kit.com\/sk\/wp-json\/wp\/v2\/pages\/24","targetHints":{"allow":["GET"]}}],"collection":[{"href":"https:\/\/www.testsealabs-kit.com\/sk\/wp-json\/wp\/v2\/pages"}],"about":[{"href":"https:\/\/www.testsealabs-kit.com\/sk\/wp-json\/wp\/v2\/types\/page"}],"author":[{"embeddable":true,"href":"https:\/\/www.testsealabs-kit.com\/sk\/wp-json\/wp\/v2\/users\/1"}],"replies":[{"embeddable":true,"href":"https:\/\/www.testsealabs-kit.com\/sk\/wp-json\/wp\/v2\/comments?post=24"}],"version-history":[{"count":0,"href":"https:\/\/www.testsealabs-kit.com\/sk\/wp-json\/wp\/v2\/pages\/24\/revisions"}],"wp:attachment":[{"href":"https:\/\/www.testsealabs-kit.com\/sk\/wp-json\/wp\/v2\/media?parent=24"}],"curies":[{"name":"wp","href":"https:\/\/api.w.org\/{rel}","templated":true}]}}