{"id":1154,"date":"2022-05-10T22:22:55","date_gmt":"2022-05-10T14:22:55","guid":{"rendered":"https:\/\/www.testsealabs-kit.com\/?post_type=product&#038;p=1154"},"modified":"2022-05-19T00:43:52","modified_gmt":"2022-05-18T16:43:52","slug":"psa-prostate-specific-antigen-test","status":"publish","type":"product","link":"https:\/\/www.testsealabs-kit.com\/sk\/produkt\/psa-prostate-specific-antigen-test\/","title":{"rendered":"Test na prostatick\u00fd \u0161pecifick\u00fd antig\u00e9n PSA"},"content":{"rendered":"<p>1. Z\u00edskajte v\u00fdsledok do 15 min\u00fat<\/p>\n<p>2. Jednoduch\u00fd odber vzoriek<\/p>\n<p>3. V\u00fdsledky s\u00fa jasne vidite\u013en\u00e9<\/p>\n<p>4. Nevy\u017eaduje sa \u017eiadne vybavenie<\/p>\n<p>5. Vhodn\u00fd na rozsiahly r\u00fdchly skr\u00edning<\/p>","protected":false},"excerpt":{"rendered":"<p>Tento produkt je r\u00fdchla chromatografick\u00e1 imunoanal\u00fdza na kvalitat\u00edvnu detekciu PSA v plnej krvi\/s\u00e9re\/plazme. Test je zalo\u017een\u00fd na imunochromatografii a m\u00f4\u017ee poskytn\u00fa\u0165 v\u00fdsledok do 15 min\u00fat.<\/p>\n<p>&nbsp;<\/p>","protected":false},"featured_media":1166,"comment_status":"open","ping_status":"closed","template":"","meta":[],"product_brand":[],"product_cat":[20,46],"product_tag":[],"class_list":{"0":"post-1154","1":"product","2":"type-product","3":"status-publish","4":"has-post-thumbnail","6":"product_cat-all-products","7":"product_cat-tumor-markers-rapid-test","8":"entry","10":"first","11":"instock","12":"shipping-taxable","13":"purchasable","14":"product-type-variable","15":"has-default-attributes"},"_links":{"self":[{"href":"https:\/\/www.testsealabs-kit.com\/sk\/wp-json\/wp\/v2\/product\/1154","targetHints":{"allow":["GET"]}}],"collection":[{"href":"https:\/\/www.testsealabs-kit.com\/sk\/wp-json\/wp\/v2\/product"}],"about":[{"href":"https:\/\/www.testsealabs-kit.com\/sk\/wp-json\/wp\/v2\/types\/product"}],"replies":[{"embeddable":true,"href":"https:\/\/www.testsealabs-kit.com\/sk\/wp-json\/wp\/v2\/comments?post=1154"}],"wp:featuredmedia":[{"embeddable":true,"href":"https:\/\/www.testsealabs-kit.com\/sk\/wp-json\/wp\/v2\/media\/1166"}],"wp:attachment":[{"href":"https:\/\/www.testsealabs-kit.com\/sk\/wp-json\/wp\/v2\/media?parent=1154"}],"wp:term":[{"taxonomy":"product_brand","embeddable":true,"href":"https:\/\/www.testsealabs-kit.com\/sk\/wp-json\/wp\/v2\/product_brand?post=1154"},{"taxonomy":"product_cat","embeddable":true,"href":"https:\/\/www.testsealabs-kit.com\/sk\/wp-json\/wp\/v2\/product_cat?post=1154"},{"taxonomy":"product_tag","embeddable":true,"href":"https:\/\/www.testsealabs-kit.com\/sk\/wp-json\/wp\/v2\/product_tag?post=1154"}],"curies":[{"name":"wp","href":"https:\/\/api.w.org\/{rel}","templated":true}]}}