{"id":1217,"date":"2022-05-19T11:09:59","date_gmt":"2022-05-19T03:09:59","guid":{"rendered":"https:\/\/www.testsealabs-kit.com\/?post_type=product&#038;p=1217"},"modified":"2025-03-10T15:55:44","modified_gmt":"2025-03-10T07:55:44","slug":"canine-distemper-virus-antigen-testcdv-ag","status":"publish","type":"product","link":"https:\/\/www.testsealabs-kit.com\/sk\/produkt\/canine-distemper-virus-antigen-testcdv-ag\/","title":{"rendered":"Test na antig\u00e9n v\u00edrusu psinky (CDV Ag)"},"content":{"rendered":"<p><span style=\"font-size: 14pt;\">1.Get v\u00fdsledok do 15 min\u00fat<\/span><\/p>\n<p><span style=\"font-size: 14pt;\">2.Easy na zber vzoriek<\/span><\/p>\n<p><span style=\"font-size: 14pt;\">3.V\u00fdsledky s\u00fa jasne vidite\u013en\u00e9<\/span><\/p>\n<p><span style=\"font-size: 14pt;\">4.\u017diadne vybavenie nie je potrebn\u00e9<\/span><\/p>\n<p><span style=\"font-size: 14pt;\">5.Vhodn\u00fd na rozsiahly r\u00fdchly skr\u00edning<\/span><\/p>","protected":false},"excerpt":{"rendered":"<p>Tento produkt je imunochromatografick\u00fd test s later\u00e1lnym tokom na kvalitat\u00edvnu detekciu antig\u00e9nu v\u00edrusu psinky (CDV Ag) v sekr\u00e9toch zo sl\u00edn a o\u010dn\u00fdch a spojovkov\u00fdch sekr\u00e9tov.<\/p>\n<p>&nbsp;<\/p>\n<p>Psinka je celosvetovo roz\u0161\u00edren\u00e9 ak\u00fatne a vysoko n\u00e1kazliv\u00e9 v\u00edrusov\u00e9 infek\u010dn\u00e9 ochorenie. Prirodzen\u00e1 cesta n\u00e1kazy CDV vedie najm\u00e4 cez horn\u00e9 d\u00fdchacie cesty. Po infikovan\u00ed CDV napadne CDV bunky \u010drevn\u00e9ho epitelu a kardiomyocyty. Hlavn\u00fdmi klinick\u00fdmi prejavmi s\u00fa gastrointestin\u00e1lne ochorenia a myokardit\u00edda a v\u00e4\u010d\u0161ina \u0161teniat m\u00e1 myokardit\u00eddu. Psinka je druh infek\u010dn\u00e9ho ochorenia s vysok\u00fdm v\u00fdskytom, vysokou \u00famrtnos\u0165ou a \u010dast\u00fdm v\u00fdskytom. Nakazen\u00e9 m\u00f4\u017eu by\u0165 psy r\u00f4zneho veku, pohlavia a plemien.<\/p>","protected":false},"featured_media":1216,"comment_status":"open","ping_status":"closed","template":"","meta":[],"product_brand":[],"product_cat":[20,47],"product_tag":[],"class_list":{"0":"post-1217","1":"product","2":"type-product","3":"status-publish","4":"has-post-thumbnail","6":"product_cat-all-products","7":"product_cat-animals-diagnostic-rapid-test","8":"entry","10":"first","11":"instock","12":"shipping-taxable","13":"product-type-simple"},"_links":{"self":[{"href":"https:\/\/www.testsealabs-kit.com\/sk\/wp-json\/wp\/v2\/product\/1217","targetHints":{"allow":["GET"]}}],"collection":[{"href":"https:\/\/www.testsealabs-kit.com\/sk\/wp-json\/wp\/v2\/product"}],"about":[{"href":"https:\/\/www.testsealabs-kit.com\/sk\/wp-json\/wp\/v2\/types\/product"}],"replies":[{"embeddable":true,"href":"https:\/\/www.testsealabs-kit.com\/sk\/wp-json\/wp\/v2\/comments?post=1217"}],"wp:featuredmedia":[{"embeddable":true,"href":"https:\/\/www.testsealabs-kit.com\/sk\/wp-json\/wp\/v2\/media\/1216"}],"wp:attachment":[{"href":"https:\/\/www.testsealabs-kit.com\/sk\/wp-json\/wp\/v2\/media?parent=1217"}],"wp:term":[{"taxonomy":"product_brand","embeddable":true,"href":"https:\/\/www.testsealabs-kit.com\/sk\/wp-json\/wp\/v2\/product_brand?post=1217"},{"taxonomy":"product_cat","embeddable":true,"href":"https:\/\/www.testsealabs-kit.com\/sk\/wp-json\/wp\/v2\/product_cat?post=1217"},{"taxonomy":"product_tag","embeddable":true,"href":"https:\/\/www.testsealabs-kit.com\/sk\/wp-json\/wp\/v2\/product_tag?post=1217"}],"curies":[{"name":"wp","href":"https:\/\/api.w.org\/{rel}","templated":true}]}}