{"id":1222,"date":"2022-05-19T11:29:08","date_gmt":"2022-05-19T03:29:08","guid":{"rendered":"https:\/\/www.testsealabs-kit.com\/?post_type=product&#038;p=1222"},"modified":"2022-05-19T11:29:08","modified_gmt":"2022-05-19T03:29:08","slug":"pregnancy-relaxin-testrln","status":"publish","type":"product","link":"https:\/\/www.testsealabs-kit.com\/sk\/produkt\/pregnancy-relaxin-testrln\/","title":{"rendered":"Tehotensk\u00fd test na relax\u00edn (RLN)"},"content":{"rendered":"<p><span style=\"font-size: 14pt;\">1.Get v\u00fdsledok do 15 min\u00fat<\/span><br \/>\n<span style=\"font-size: 14pt;\">2.Easy na zber vzoriek<\/span><br \/>\n<span style=\"font-size: 14pt;\">3.V\u00fdsledky s\u00fa jasne vidite\u013en\u00e9<\/span><br \/>\n<span style=\"font-size: 14pt;\">4.\u017diadne vybavenie nie je potrebn\u00e9<\/span><br \/>\n<span style=\"font-size: 14pt;\">5.Vhodn\u00fd na rozsiahly r\u00fdchly skr\u00edning<\/span><\/p>","protected":false},"excerpt":{"rendered":"<p>Tento produkt je \u0161pecifick\u00fd horm\u00f3n, ktor\u00fd sa vytv\u00e1ra najm\u00e4 v placente. Zvy\u010dajne sa pou\u017e\u00edva ako indik\u00e1tor stavu gravidity u sam\u00edc. U gravidn\u00fdch psov mo\u017eno relax\u00edn zisti\u0165 od 15. d\u0148a po nid\u00e1cii oplodnen\u00e9ho vaj\u00ed\u010dka v stene maternice. RLN test na tehotenstvo Relaxin je r\u00fdchly test na zistenie relax\u00ednu u su\u010diek, ktor\u00e9 m\u00f4\u017eu by\u0165 gravidn\u00e9. Navrhovan\u00e9 obdobie detekcie je 22 a\u017e 30 dn\u00ed po p\u00e1ren\u00ed. Pr\u00edli\u0161 skor\u00e1 detekcia m\u00f4\u017ee vies\u0165 k negat\u00edvnemu v\u00fdsledku, ak je relax\u00edn v s\u00e9re pr\u00edli\u0161 n\u00edzky. Ak sa zistil negat\u00edvny v\u00fdsledok, odpor\u00fa\u010da sa test zopakova\u0165 po 1 t\u00fd\u017edni.<\/p>\n<p>Ps\u00ed tehotensk\u00fd test na relax\u00edn je r\u00fdchla chromatografick\u00e1 imunoanal\u00fdza na kvalitat\u00edvnu detekciu realx\u00ednu vo vzork\u00e1ch s\u00e9ra.<\/p>","protected":false},"featured_media":1216,"comment_status":"open","ping_status":"closed","template":"","meta":[],"product_brand":[],"product_cat":[20,47],"product_tag":[],"class_list":{"0":"post-1222","1":"product","2":"type-product","3":"status-publish","4":"has-post-thumbnail","6":"product_cat-all-products","7":"product_cat-animals-diagnostic-rapid-test","8":"entry","10":"first","11":"instock","12":"shipping-taxable","13":"product-type-simple"},"_links":{"self":[{"href":"https:\/\/www.testsealabs-kit.com\/sk\/wp-json\/wp\/v2\/product\/1222","targetHints":{"allow":["GET"]}}],"collection":[{"href":"https:\/\/www.testsealabs-kit.com\/sk\/wp-json\/wp\/v2\/product"}],"about":[{"href":"https:\/\/www.testsealabs-kit.com\/sk\/wp-json\/wp\/v2\/types\/product"}],"replies":[{"embeddable":true,"href":"https:\/\/www.testsealabs-kit.com\/sk\/wp-json\/wp\/v2\/comments?post=1222"}],"wp:featuredmedia":[{"embeddable":true,"href":"https:\/\/www.testsealabs-kit.com\/sk\/wp-json\/wp\/v2\/media\/1216"}],"wp:attachment":[{"href":"https:\/\/www.testsealabs-kit.com\/sk\/wp-json\/wp\/v2\/media?parent=1222"}],"wp:term":[{"taxonomy":"product_brand","embeddable":true,"href":"https:\/\/www.testsealabs-kit.com\/sk\/wp-json\/wp\/v2\/product_brand?post=1222"},{"taxonomy":"product_cat","embeddable":true,"href":"https:\/\/www.testsealabs-kit.com\/sk\/wp-json\/wp\/v2\/product_cat?post=1222"},{"taxonomy":"product_tag","embeddable":true,"href":"https:\/\/www.testsealabs-kit.com\/sk\/wp-json\/wp\/v2\/product_tag?post=1222"}],"curies":[{"name":"wp","href":"https:\/\/api.w.org\/{rel}","templated":true}]}}