{"id":1227,"date":"2022-05-19T11:36:20","date_gmt":"2022-05-19T03:36:20","guid":{"rendered":"https:\/\/www.testsealabs-kit.com\/?post_type=product&#038;p=1227"},"modified":"2022-05-19T11:36:20","modified_gmt":"2022-05-19T03:36:20","slug":"feline-heartworm-antigen-testfhw-ag","status":"publish","type":"product","link":"https:\/\/www.testsealabs-kit.com\/sk\/produkt\/feline-heartworm-antigen-testfhw-ag\/","title":{"rendered":"Test na antig\u00e9n srdcov\u00fdch \u010dervov ma\u010diek (FHW Ag)"},"content":{"rendered":"<p><span style=\"font-size: 14pt;\">1.Get v\u00fdsledok do 15 min\u00fat<\/span><br \/>\n<span style=\"font-size: 14pt;\">2.Easy na zber vzoriek<\/span><br \/>\n<span style=\"font-size: 14pt;\">3.V\u00fdsledky s\u00fa jasne vidite\u013en\u00e9<\/span><br \/>\n<span style=\"font-size: 14pt;\">4.\u017diadne vybavenie nie je potrebn\u00e9<\/span><br \/>\n<span style=\"font-size: 14pt;\">5.Vhodn\u00fd na rozsiahly r\u00fdchly skr\u00edning<\/span><\/p>","protected":false},"excerpt":{"rendered":"<p>Tento produkt je sendvi\u010dov\u00fd imunochromatografick\u00fd test na kvalitat\u00edvnu detekciu antig\u00e9nu srdcov\u00e9ho \u010derva ma\u010dky (FHW Ag) v plnej krvi\/s\u00e9re ma\u010dky.<\/p>\n<p>&nbsp;<\/p>\n<p>FHW je infek\u010dn\u00e9 ochorenie, ktor\u00fdm sa m\u00f4\u017eu ma\u010dky ak\u00e9hoko\u013evek veku nakazi\u0165 u\u0161tipnut\u00edm kom\u00e1rom. Ke\u010f\u017ee FHW \u017eije v srdci ma\u010dky, m\u00f4\u017ee sp\u00f4sobi\u0165 chronick\u00fa endokardit\u00eddu, hypertrofiu srdca a dilat\u00e1ciu pravej komory. Pri z\u00e1va\u017enej infekcii m\u00f4\u017ee \u017eilov\u00e1 kongescia vies\u0165 k ascitu a hepatomeg\u00e1lii.<\/p>","protected":false},"featured_media":1216,"comment_status":"open","ping_status":"closed","template":"","meta":[],"product_brand":[],"product_cat":[20,47],"product_tag":[],"class_list":{"0":"post-1227","1":"product","2":"type-product","3":"status-publish","4":"has-post-thumbnail","6":"product_cat-all-products","7":"product_cat-animals-diagnostic-rapid-test","8":"entry","10":"first","11":"instock","12":"shipping-taxable","13":"product-type-simple"},"_links":{"self":[{"href":"https:\/\/www.testsealabs-kit.com\/sk\/wp-json\/wp\/v2\/product\/1227","targetHints":{"allow":["GET"]}}],"collection":[{"href":"https:\/\/www.testsealabs-kit.com\/sk\/wp-json\/wp\/v2\/product"}],"about":[{"href":"https:\/\/www.testsealabs-kit.com\/sk\/wp-json\/wp\/v2\/types\/product"}],"replies":[{"embeddable":true,"href":"https:\/\/www.testsealabs-kit.com\/sk\/wp-json\/wp\/v2\/comments?post=1227"}],"wp:featuredmedia":[{"embeddable":true,"href":"https:\/\/www.testsealabs-kit.com\/sk\/wp-json\/wp\/v2\/media\/1216"}],"wp:attachment":[{"href":"https:\/\/www.testsealabs-kit.com\/sk\/wp-json\/wp\/v2\/media?parent=1227"}],"wp:term":[{"taxonomy":"product_brand","embeddable":true,"href":"https:\/\/www.testsealabs-kit.com\/sk\/wp-json\/wp\/v2\/product_brand?post=1227"},{"taxonomy":"product_cat","embeddable":true,"href":"https:\/\/www.testsealabs-kit.com\/sk\/wp-json\/wp\/v2\/product_cat?post=1227"},{"taxonomy":"product_tag","embeddable":true,"href":"https:\/\/www.testsealabs-kit.com\/sk\/wp-json\/wp\/v2\/product_tag?post=1227"}],"curies":[{"name":"wp","href":"https:\/\/api.w.org\/{rel}","templated":true}]}}